{"id":1574,"date":"2021-12-08T10:21:13","date_gmt":"2021-12-08T08:21:13","guid":{"rendered":"https:\/\/www.kellomuseo.fi\/holvi\/?post_type=product&#038;p=1574"},"modified":"2021-12-13T11:53:22","modified_gmt":"2021-12-13T09:53:22","slug":"kello-osa-perheen-historiaa","status":"publish","type":"product","link":"https:\/\/www.kellomuseo.fi\/holvi\/tuote\/kello-osa-perheen-historiaa\/","title":{"rendered":"Kello osa perheen historiaa"},"content":{"rendered":"<p class=\"p1\">Ensimm\u00e4inen rannekelloni oli perint\u00f6kappale. Sen oli \u00e4itini saanut rippilahjaksi ja se oli kulkenut is\u00e4ll\u00e4ni mukana molemmissa sodissa pysyen ehj\u00e4n\u00e4 jopa h\u00e4nen haavoittuessaan per\u00e4\u00e4ntymisvaiheessa Karhum\u00e4ell\u00e4. Seuraava kellonk\u00e4ytt\u00e4j\u00e4 oli sisareni, sitten olikin minun vuoroni ja lopuksi veljeni oppi sen avulla tuntemaan kellon. T\u00e4ll\u00e4 hetkell\u00e4 kello on tallessa lapsuudenkotini piironginlaatikossa. Tosin en usko sen en\u00e4\u00e4 k\u00e4yv\u00e4n aikaa, mutta poiskaan sit\u00e4 ei ole heitetty, onhan se osa meid\u00e4n perheen historiaa.<\/p>\n<p>&nbsp;<\/p>\n<p class=\"p1\">Anonyymi<\/p>\n","protected":false},"excerpt":{"rendered":"<p>Ensimm\u00e4inen rannekelloni oli perint\u00f6kappale. Sen oli \u00e4itini saanut rippilahjaksi ja se oli kulkenut is\u00e4ll\u00e4ni mukana molemmissa sodissa pysyen ehj\u00e4n\u00e4 jopa h\u00e4nen haavoittuessaan per\u00e4\u00e4ntymisvaiheessa Karhum\u00e4ell\u00e4. Seuraava kellonk\u00e4ytt\u00e4j\u00e4 oli sisareni, sitten olikin minun vuoroni ja lopuksi veljeni oppi sen avulla tuntemaan kellon. T\u00e4ll\u00e4 hetkell\u00e4 kello on tallessa lapsuudenkotini piironginlaatikossa. Tosin en usko sen en\u00e4\u00e4 k\u00e4yv\u00e4n aikaa, mutta [&hellip;]<\/p>\n","protected":false},"featured_media":0,"comment_status":"closed","ping_status":"closed","template":"","meta":[],"product_cat":[38],"product_tag":[36,63,62],"_links":{"self":[{"href":"https:\/\/www.kellomuseo.fi\/holvi\/wp-json\/wp\/v2\/product\/1574"}],"collection":[{"href":"https:\/\/www.kellomuseo.fi\/holvi\/wp-json\/wp\/v2\/product"}],"about":[{"href":"https:\/\/www.kellomuseo.fi\/holvi\/wp-json\/wp\/v2\/types\/product"}],"replies":[{"embeddable":true,"href":"https:\/\/www.kellomuseo.fi\/holvi\/wp-json\/wp\/v2\/comments?post=1574"}],"wp:attachment":[{"href":"https:\/\/www.kellomuseo.fi\/holvi\/wp-json\/wp\/v2\/media?parent=1574"}],"wp:term":[{"taxonomy":"product_cat","embeddable":true,"href":"https:\/\/www.kellomuseo.fi\/holvi\/wp-json\/wp\/v2\/product_cat?post=1574"},{"taxonomy":"product_tag","embeddable":true,"href":"https:\/\/www.kellomuseo.fi\/holvi\/wp-json\/wp\/v2\/product_tag?post=1574"}],"curies":[{"name":"wp","href":"https:\/\/api.w.org\/{rel}","templated":true}]}}