{"id":1572,"date":"2021-12-08T10:19:54","date_gmt":"2021-12-08T08:19:54","guid":{"rendered":"https:\/\/www.kellomuseo.fi\/holvi\/?post_type=product&#038;p=1572"},"modified":"2021-12-13T11:53:11","modified_gmt":"2021-12-13T09:53:11","slug":"kilpaa-kellon-kanssa","status":"publish","type":"product","link":"https:\/\/www.kellomuseo.fi\/holvi\/tuote\/kilpaa-kellon-kanssa\/","title":{"rendered":"Kilpaa kellon kanssa"},"content":{"rendered":"<p class=\"p1\">Oli hein\u00e4kuu vuonna 1972, olin 15-vuotias,<\/p>\n<p class=\"p1\">kun p\u00e4\u00e4sin ripille.<\/p>\n<p class=\"p1\">Sain rippilahjaksi kummit\u00e4dilt\u00e4ni h\u00e4nen<\/p>\n<p class=\"p1\">kultaisen rannekellonsa.<\/p>\n<p class=\"p1\">Kellon merkki\u00e4 en en\u00e4\u00e4 muista.<\/p>\n<p class=\"p1\">Monta vuotta kelloa k\u00e4ytin, kunnes<\/p>\n<p class=\"p1\">se meni rikki.<\/p>\n<p class=\"p1\">Kun olin ty\u00f6el\u00e4m\u00e4ss\u00e4, ty\u00f6ni oli kiireist\u00e4,<\/p>\n<p class=\"p1\">aikatauluihin sidottua.<\/p>\n<p class=\"p1\">Kellon kanssa kilpaa juostiin!<\/p>\n<p class=\"p1\">Oloneuvoksena aikaa on riitt\u00e4v\u00e4sti<\/p>\n<p class=\"p1\">kaikkeen t\u00e4rke\u00e4\u00e4n.<\/p>\n<p class=\"p1\">Ei tarvitse paljon kelloa vilkuilla!<\/p>\n<p>&nbsp;<\/p>\n<p class=\"p1\">Anonyymi<\/p>\n","protected":false},"excerpt":{"rendered":"<p>Oli hein\u00e4kuu vuonna 1972, olin 15-vuotias, kun p\u00e4\u00e4sin ripille. Sain rippilahjaksi kummit\u00e4dilt\u00e4ni h\u00e4nen kultaisen rannekellonsa. Kellon merkki\u00e4 en en\u00e4\u00e4 muista. Monta vuotta kelloa k\u00e4ytin, kunnes se meni rikki. Kun olin ty\u00f6el\u00e4m\u00e4ss\u00e4, ty\u00f6ni oli kiireist\u00e4, aikatauluihin sidottua. Kellon kanssa kilpaa juostiin! Oloneuvoksena aikaa on riitt\u00e4v\u00e4sti kaikkeen t\u00e4rke\u00e4\u00e4n. Ei tarvitse paljon kelloa vilkuilla! &nbsp; Anonyymi<\/p>\n","protected":false},"featured_media":0,"comment_status":"closed","ping_status":"closed","template":"","meta":[],"product_cat":[38],"product_tag":[36,63,62],"_links":{"self":[{"href":"https:\/\/www.kellomuseo.fi\/holvi\/wp-json\/wp\/v2\/product\/1572"}],"collection":[{"href":"https:\/\/www.kellomuseo.fi\/holvi\/wp-json\/wp\/v2\/product"}],"about":[{"href":"https:\/\/www.kellomuseo.fi\/holvi\/wp-json\/wp\/v2\/types\/product"}],"replies":[{"embeddable":true,"href":"https:\/\/www.kellomuseo.fi\/holvi\/wp-json\/wp\/v2\/comments?post=1572"}],"wp:attachment":[{"href":"https:\/\/www.kellomuseo.fi\/holvi\/wp-json\/wp\/v2\/media?parent=1572"}],"wp:term":[{"taxonomy":"product_cat","embeddable":true,"href":"https:\/\/www.kellomuseo.fi\/holvi\/wp-json\/wp\/v2\/product_cat?post=1572"},{"taxonomy":"product_tag","embeddable":true,"href":"https:\/\/www.kellomuseo.fi\/holvi\/wp-json\/wp\/v2\/product_tag?post=1572"}],"curies":[{"name":"wp","href":"https:\/\/api.w.org\/{rel}","templated":true}]}}