{"id":1571,"date":"2021-12-08T10:19:04","date_gmt":"2021-12-08T08:19:04","guid":{"rendered":"https:\/\/www.kellomuseo.fi\/holvi\/?post_type=product&#038;p=1571"},"modified":"2021-12-13T11:53:06","modified_gmt":"2021-12-13T09:53:06","slug":"matikankokeessa-apuna-laskinkello","status":"publish","type":"product","link":"https:\/\/www.kellomuseo.fi\/holvi\/tuote\/matikankokeessa-apuna-laskinkello\/","title":{"rendered":"Matikankokeessa apuna laskinkello"},"content":{"rendered":"<p class=\"p1\">Minun ensimm\u00e4inen kello oli k\u00e4dess\u00e4ni kolmannella luokalla. Se oli joku halpismerkki, mist\u00e4 en ollut ikin\u00e4 varmaan kuullutkaan, mutta kellon erikoisuus oli se, ett\u00e4 siin\u00e4 oli laskin samassa. N\u00e4pp\u00e4imet olivat niin pienet, ett\u00e4 niit\u00e4 joutui painelemaan kyn\u00e4n k\u00e4rjell\u00e4. Kello oli niin erikoinen, ett\u00e4 kaikki kaverit olivat kateellisia. Suomesta moisia en mist\u00e4\u00e4n havainnut, is\u00e4ni kun toi kellon minulle Kiinasta. Huvittavin muisto kellosta j\u00e4i minulle er\u00e4\u00e4seen matematiikan tuntiin liittyen. Opettaja ihmetteli pitk\u00e4\u00e4n, miten sain joitakin laskuja niin nopeasti laskettua. Mutta kun opettaja huomasi minun n\u00e4pp\u00e4ilev\u00e4n kyn\u00e4ll\u00e4 kelloani, niin h\u00e4n tuli viereen katsomaan tekemisi\u00e4ni. T\u00e4m\u00e4n j\u00e4lkeen opettaja aina ennen matematiikankoetta tuli tarkistamaan ranteeni ettei minulla ole laskinta mukana.<\/p>\n<p>&nbsp;<\/p>\n<p class=\"p1\">Petteri Miettinen<\/p>\n","protected":false},"excerpt":{"rendered":"<p>Minun ensimm\u00e4inen kello oli k\u00e4dess\u00e4ni kolmannella luokalla. Se oli joku halpismerkki, mist\u00e4 en ollut ikin\u00e4 varmaan kuullutkaan, mutta kellon erikoisuus oli se, ett\u00e4 siin\u00e4 oli laskin samassa. N\u00e4pp\u00e4imet olivat niin pienet, ett\u00e4 niit\u00e4 joutui painelemaan kyn\u00e4n k\u00e4rjell\u00e4. Kello oli niin erikoinen, ett\u00e4 kaikki kaverit olivat kateellisia. Suomesta moisia en mist\u00e4\u00e4n havainnut, is\u00e4ni kun toi kellon [&hellip;]<\/p>\n","protected":false},"featured_media":0,"comment_status":"closed","ping_status":"closed","template":"","meta":[],"product_cat":[38],"product_tag":[36,63,62],"_links":{"self":[{"href":"https:\/\/www.kellomuseo.fi\/holvi\/wp-json\/wp\/v2\/product\/1571"}],"collection":[{"href":"https:\/\/www.kellomuseo.fi\/holvi\/wp-json\/wp\/v2\/product"}],"about":[{"href":"https:\/\/www.kellomuseo.fi\/holvi\/wp-json\/wp\/v2\/types\/product"}],"replies":[{"embeddable":true,"href":"https:\/\/www.kellomuseo.fi\/holvi\/wp-json\/wp\/v2\/comments?post=1571"}],"wp:attachment":[{"href":"https:\/\/www.kellomuseo.fi\/holvi\/wp-json\/wp\/v2\/media?parent=1571"}],"wp:term":[{"taxonomy":"product_cat","embeddable":true,"href":"https:\/\/www.kellomuseo.fi\/holvi\/wp-json\/wp\/v2\/product_cat?post=1571"},{"taxonomy":"product_tag","embeddable":true,"href":"https:\/\/www.kellomuseo.fi\/holvi\/wp-json\/wp\/v2\/product_tag?post=1571"}],"curies":[{"name":"wp","href":"https:\/\/api.w.org\/{rel}","templated":true}]}}