{"id":1570,"date":"2021-12-08T10:18:22","date_gmt":"2021-12-08T08:18:22","guid":{"rendered":"https:\/\/www.kellomuseo.fi\/holvi\/?post_type=product&#038;p=1570"},"modified":"2021-12-13T11:53:01","modified_gmt":"2021-12-13T09:53:01","slug":"suvun-tarkea-kello","status":"publish","type":"product","link":"https:\/\/www.kellomuseo.fi\/holvi\/tuote\/suvun-tarkea-kello\/","title":{"rendered":"Suvun t\u00e4rke\u00e4 kello"},"content":{"rendered":"<p class=\"p1\">Omistan sein\u00e4kellon, jonka jokaisen kolauksen, naksahduksen ja soinnun tunnistan l\u00e4pi unen. Sein\u00e4ll\u00e4 roikkuu ostotodistuksineen vanha puinen heilurikello. Heilurin naksahdus tuo tunnelmaa jokaiseen hetkeen. Illalla se nukuttaa syv\u00e4\u00e4n rauhalliseen uneen ja aamulla voi her\u00e4t\u00e4 sen sointuun, kun kello ly\u00f6 tasan\/puoli. Kello on kulkenut kolmessa sukupolvessa ja siirtyy minulta lapsilleni jne.<\/p>\n<p>&nbsp;<\/p>\n<p class=\"p3\">Anonyymi<\/p>\n<p>&nbsp;<\/p>\n","protected":false},"excerpt":{"rendered":"<p>Omistan sein\u00e4kellon, jonka jokaisen kolauksen, naksahduksen ja soinnun tunnistan l\u00e4pi unen. Sein\u00e4ll\u00e4 roikkuu ostotodistuksineen vanha puinen heilurikello. Heilurin naksahdus tuo tunnelmaa jokaiseen hetkeen. Illalla se nukuttaa syv\u00e4\u00e4n rauhalliseen uneen ja aamulla voi her\u00e4t\u00e4 sen sointuun, kun kello ly\u00f6 tasan\/puoli. Kello on kulkenut kolmessa sukupolvessa ja siirtyy minulta lapsilleni jne. &nbsp; Anonyymi &nbsp;<\/p>\n","protected":false},"featured_media":0,"comment_status":"closed","ping_status":"closed","template":"","meta":[],"product_cat":[38],"product_tag":[36,63,62],"_links":{"self":[{"href":"https:\/\/www.kellomuseo.fi\/holvi\/wp-json\/wp\/v2\/product\/1570"}],"collection":[{"href":"https:\/\/www.kellomuseo.fi\/holvi\/wp-json\/wp\/v2\/product"}],"about":[{"href":"https:\/\/www.kellomuseo.fi\/holvi\/wp-json\/wp\/v2\/types\/product"}],"replies":[{"embeddable":true,"href":"https:\/\/www.kellomuseo.fi\/holvi\/wp-json\/wp\/v2\/comments?post=1570"}],"wp:attachment":[{"href":"https:\/\/www.kellomuseo.fi\/holvi\/wp-json\/wp\/v2\/media?parent=1570"}],"wp:term":[{"taxonomy":"product_cat","embeddable":true,"href":"https:\/\/www.kellomuseo.fi\/holvi\/wp-json\/wp\/v2\/product_cat?post=1570"},{"taxonomy":"product_tag","embeddable":true,"href":"https:\/\/www.kellomuseo.fi\/holvi\/wp-json\/wp\/v2\/product_tag?post=1570"}],"curies":[{"name":"wp","href":"https:\/\/api.w.org\/{rel}","templated":true}]}}