{"id":1568,"date":"2021-12-08T10:17:19","date_gmt":"2021-12-08T08:17:19","guid":{"rendered":"https:\/\/www.kellomuseo.fi\/holvi\/?post_type=product&#038;p=1568"},"modified":"2021-12-13T11:52:50","modified_gmt":"2021-12-13T09:52:50","slug":"heratyskello-povarissa","status":"publish","type":"product","link":"https:\/\/www.kellomuseo.fi\/holvi\/tuote\/heratyskello-povarissa\/","title":{"rendered":"Her\u00e4tyskello povarissa"},"content":{"rendered":"<p class=\"p1\">Rannekellot tuppasivat hajoamaan nuorena poikana. Kuljin ammattikouluik\u00e4isen\u00e4 her\u00e4tyskello povitaskussa. T\u00e4st\u00e4 oli hy\u00f6ty\u00e4 matkatessa junalla pitk\u00e4\u00e4 v\u00e4limatkaa kodin ja opiskelupaikan v\u00e4lill\u00e4. Ei tullut kertaakaan nukuttua aseman ohi. Nyky\u00e4\u00e4n k\u00e4nnykk\u00e4 hoitaa my\u00f6s her\u00e4tyskellon virkaa.<\/p>\n<p>&nbsp;<\/p>\n<p class=\"p3\">Anonyymi<\/p>\n","protected":false},"excerpt":{"rendered":"<p>Rannekellot tuppasivat hajoamaan nuorena poikana. Kuljin ammattikouluik\u00e4isen\u00e4 her\u00e4tyskello povitaskussa. T\u00e4st\u00e4 oli hy\u00f6ty\u00e4 matkatessa junalla pitk\u00e4\u00e4 v\u00e4limatkaa kodin ja opiskelupaikan v\u00e4lill\u00e4. Ei tullut kertaakaan nukuttua aseman ohi. Nyky\u00e4\u00e4n k\u00e4nnykk\u00e4 hoitaa my\u00f6s her\u00e4tyskellon virkaa. &nbsp; Anonyymi<\/p>\n","protected":false},"featured_media":0,"comment_status":"closed","ping_status":"closed","template":"","meta":[],"product_cat":[38],"product_tag":[36,63,62],"_links":{"self":[{"href":"https:\/\/www.kellomuseo.fi\/holvi\/wp-json\/wp\/v2\/product\/1568"}],"collection":[{"href":"https:\/\/www.kellomuseo.fi\/holvi\/wp-json\/wp\/v2\/product"}],"about":[{"href":"https:\/\/www.kellomuseo.fi\/holvi\/wp-json\/wp\/v2\/types\/product"}],"replies":[{"embeddable":true,"href":"https:\/\/www.kellomuseo.fi\/holvi\/wp-json\/wp\/v2\/comments?post=1568"}],"wp:attachment":[{"href":"https:\/\/www.kellomuseo.fi\/holvi\/wp-json\/wp\/v2\/media?parent=1568"}],"wp:term":[{"taxonomy":"product_cat","embeddable":true,"href":"https:\/\/www.kellomuseo.fi\/holvi\/wp-json\/wp\/v2\/product_cat?post=1568"},{"taxonomy":"product_tag","embeddable":true,"href":"https:\/\/www.kellomuseo.fi\/holvi\/wp-json\/wp\/v2\/product_tag?post=1568"}],"curies":[{"name":"wp","href":"https:\/\/api.w.org\/{rel}","templated":true}]}}