{"id":1567,"date":"2021-12-08T10:16:48","date_gmt":"2021-12-08T08:16:48","guid":{"rendered":"https:\/\/www.kellomuseo.fi\/holvi\/?post_type=product&#038;p=1567"},"modified":"2021-12-13T11:52:45","modified_gmt":"2021-12-13T09:52:45","slug":"kovia-kokenut-kello","status":"publish","type":"product","link":"https:\/\/www.kellomuseo.fi\/holvi\/tuote\/kovia-kokenut-kello\/","title":{"rendered":"Kovia kokenut kello"},"content":{"rendered":"<p class=\"p1\">Sain ensimm\u00e4isen rannekelloni luultavasti 6- tai 7-vuotissyntym\u00e4p\u00e4iv\u00e4kseni. Kello palveli minua uskollisesti vuosien ajan. Matkan varrella nahkainen remmikin vaihtui kahdesti.<\/p>\n<p class=\"p1\">Ensimm\u00e4isen kerran kellon kohtalo oli vaakalaudalla, kun alaluokkia k\u00e4ydess\u00e4ni tulin er\u00e4\u00e4n\u00e4 talvip\u00e4iv\u00e4n\u00e4 koulusta kotiin, eik\u00e4 minulla ollutkaan kelloa k\u00e4dess\u00e4ni. Aikaa kului, eik\u00e4 kelloa l\u00f6ytynyt ja minulle ostettiin halpa varakello. Kev\u00e4\u00e4n koittaessa, minun kanssa samalla luokalla olleet tyt\u00f6t l\u00f6ysiv\u00e4t koulumme pihalta kelloni, joka oli talven aikana sammunut. Kellosepp\u00e4 vaihtoi kelloon pariston ja niin sai kelloni lis\u00e4\u00e4 virtaa viisareihin. Luokkani tyt\u00f6t ansaitsivat l\u00f6yt\u00f6palkkioksi karkkipussit.<\/p>\n<p class=\"p1\">Seuraavan kerran t\u00e4m\u00e4 samainen kello, joka ei siis ollut vedenpit\u00e4v\u00e4, joutui tosi koitokseen er\u00e4\u00e4n\u00e4 kes\u00e4n\u00e4 m\u00f6kkireissulla. Painimme sukulaispoikien kanssa laiturin p\u00e4\u00e4ss\u00e4 ja kuinka ollakaan, olinkin yht\u00e4kki\u00e4 j\u00e4rvess\u00e4, kello tietenkin k\u00e4dess\u00e4. Veteen jouduttuani uin rantaan ja olin jo varma kelloni kohtalosta, mutta ainakin sill\u00e4 hetkell\u00e4 se viel\u00e4 k\u00e4vi. Meni viikkoja, kuukausia ja ehk\u00e4 vuosi, kunnes kello sammui. Vein kellon tutulle kellosep\u00e4lle, mutta pariston vaihto ei t\u00e4ll\u00e4 kertaa en\u00e4\u00e4 auttanut, vaan koneisto oli aikojen saatossa saanut siin\u00e4 m\u00e4\u00e4rin kolhuja, ett\u00e4 viisarit p\u00e4\u00e4ttiv\u00e4t olla jatkossa liikkumatta.<\/p>\n<p class=\"p1\">Kello on viel\u00e4 n\u00e4in\u00e4kin p\u00e4ivin\u00e4 tallessa er\u00e4\u00e4ss\u00e4 laatikossa, miss\u00e4 on lukuisia muita muistoesineit\u00e4 vuosien varrelta.<\/p>\n<p>&nbsp;<\/p>\n<p class=\"p4\">Anonyymi<\/p>\n","protected":false},"excerpt":{"rendered":"<p>Sain ensimm\u00e4isen rannekelloni luultavasti 6- tai 7-vuotissyntym\u00e4p\u00e4iv\u00e4kseni. Kello palveli minua uskollisesti vuosien ajan. Matkan varrella nahkainen remmikin vaihtui kahdesti. Ensimm\u00e4isen kerran kellon kohtalo oli vaakalaudalla, kun alaluokkia k\u00e4ydess\u00e4ni tulin er\u00e4\u00e4n\u00e4 talvip\u00e4iv\u00e4n\u00e4 koulusta kotiin, eik\u00e4 minulla ollutkaan kelloa k\u00e4dess\u00e4ni. Aikaa kului, eik\u00e4 kelloa l\u00f6ytynyt ja minulle ostettiin halpa varakello. Kev\u00e4\u00e4n koittaessa, minun kanssa samalla luokalla olleet [&hellip;]<\/p>\n","protected":false},"featured_media":0,"comment_status":"closed","ping_status":"closed","template":"","meta":[],"product_cat":[38],"product_tag":[36,63,62],"_links":{"self":[{"href":"https:\/\/www.kellomuseo.fi\/holvi\/wp-json\/wp\/v2\/product\/1567"}],"collection":[{"href":"https:\/\/www.kellomuseo.fi\/holvi\/wp-json\/wp\/v2\/product"}],"about":[{"href":"https:\/\/www.kellomuseo.fi\/holvi\/wp-json\/wp\/v2\/types\/product"}],"replies":[{"embeddable":true,"href":"https:\/\/www.kellomuseo.fi\/holvi\/wp-json\/wp\/v2\/comments?post=1567"}],"wp:attachment":[{"href":"https:\/\/www.kellomuseo.fi\/holvi\/wp-json\/wp\/v2\/media?parent=1567"}],"wp:term":[{"taxonomy":"product_cat","embeddable":true,"href":"https:\/\/www.kellomuseo.fi\/holvi\/wp-json\/wp\/v2\/product_cat?post=1567"},{"taxonomy":"product_tag","embeddable":true,"href":"https:\/\/www.kellomuseo.fi\/holvi\/wp-json\/wp\/v2\/product_tag?post=1567"}],"curies":[{"name":"wp","href":"https:\/\/api.w.org\/{rel}","templated":true}]}}