{"id":1564,"date":"2021-12-08T10:14:42","date_gmt":"2021-12-08T08:14:42","guid":{"rendered":"https:\/\/www.kellomuseo.fi\/holvi\/?post_type=product&#038;p=1564"},"modified":"2021-12-13T11:52:30","modified_gmt":"2021-12-13T09:52:30","slug":"zeus-kello-sedalta","status":"publish","type":"product","link":"https:\/\/www.kellomuseo.fi\/holvi\/tuote\/zeus-kello-sedalta\/","title":{"rendered":"Zeus-kello sed\u00e4lt\u00e4"},"content":{"rendered":"<p class=\"p1\">Uskokaa tai \u00e4lk\u00e4\u00e4, mutta ensimm\u00e4inen kelloni oli kultakello. Sain sen sed\u00e4lt\u00e4ni kun olin 6-vuotias eli vuonna 1962. Sain sen ihan muuten vaan, sill\u00e4 olin set\u00e4ni lempilapsi ja h\u00e4n oli poikamies, jolla oli rahaa. En tietenk\u00e4\u00e4n tuolloin tajunnut kelloni arvoa, pidin sit\u00e4 surutta kaikissa leikeiss\u00e4ni. Nykyisin kelloni on vitriiniss\u00e4 ja ihailen sit\u00e4 sielt\u00e4. Onneksi en muksuna hukannut sit\u00e4. Kello on muodoltaan sokerinpalan mallinen ja merkilt\u00e4\u00e4n Zeus, lis\u00e4ksi taulussa lukee 15 rubis Swiss. Kellon takana ovat seuraavat merkit: naisen sivuprofiili, 18K 0,750, 147, 312-3. En tied\u00e4 mit\u00e4 kaikki merkit tarkoittavat. Kello on ikuinen muisto sed\u00e4st\u00e4ni, joka on vuosia sitten jo kuollut.<\/p>\n<p>&nbsp;<\/p>\n<p class=\"p3\">Anonyymi<\/p>\n","protected":false},"excerpt":{"rendered":"<p>Uskokaa tai \u00e4lk\u00e4\u00e4, mutta ensimm\u00e4inen kelloni oli kultakello. Sain sen sed\u00e4lt\u00e4ni kun olin 6-vuotias eli vuonna 1962. Sain sen ihan muuten vaan, sill\u00e4 olin set\u00e4ni lempilapsi ja h\u00e4n oli poikamies, jolla oli rahaa. En tietenk\u00e4\u00e4n tuolloin tajunnut kelloni arvoa, pidin sit\u00e4 surutta kaikissa leikeiss\u00e4ni. Nykyisin kelloni on vitriiniss\u00e4 ja ihailen sit\u00e4 sielt\u00e4. Onneksi en muksuna [&hellip;]<\/p>\n","protected":false},"featured_media":0,"comment_status":"closed","ping_status":"closed","template":"","meta":[],"product_cat":[38],"product_tag":[36,63,62],"_links":{"self":[{"href":"https:\/\/www.kellomuseo.fi\/holvi\/wp-json\/wp\/v2\/product\/1564"}],"collection":[{"href":"https:\/\/www.kellomuseo.fi\/holvi\/wp-json\/wp\/v2\/product"}],"about":[{"href":"https:\/\/www.kellomuseo.fi\/holvi\/wp-json\/wp\/v2\/types\/product"}],"replies":[{"embeddable":true,"href":"https:\/\/www.kellomuseo.fi\/holvi\/wp-json\/wp\/v2\/comments?post=1564"}],"wp:attachment":[{"href":"https:\/\/www.kellomuseo.fi\/holvi\/wp-json\/wp\/v2\/media?parent=1564"}],"wp:term":[{"taxonomy":"product_cat","embeddable":true,"href":"https:\/\/www.kellomuseo.fi\/holvi\/wp-json\/wp\/v2\/product_cat?post=1564"},{"taxonomy":"product_tag","embeddable":true,"href":"https:\/\/www.kellomuseo.fi\/holvi\/wp-json\/wp\/v2\/product_tag?post=1564"}],"curies":[{"name":"wp","href":"https:\/\/api.w.org\/{rel}","templated":true}]}}