{"id":1563,"date":"2021-12-08T10:14:03","date_gmt":"2021-12-08T08:14:03","guid":{"rendered":"https:\/\/www.kellomuseo.fi\/holvi\/?post_type=product&#038;p=1563"},"modified":"2021-12-13T11:52:24","modified_gmt":"2021-12-13T09:52:24","slug":"kello-neuvostoliitosta","status":"publish","type":"product","link":"https:\/\/www.kellomuseo.fi\/holvi\/tuote\/kello-neuvostoliitosta\/","title":{"rendered":"Kello Neuvostoliitosta"},"content":{"rendered":"<p class=\"p1\">Sain ensimm\u00e4isen kelloni ollessani ehk\u00e4 noin kuuden vanha eli noin 1980. Kummiset\u00e4ni oli k\u00e4ynyt silloisessa Neuvostoliitossa ja toi minulle tuliaiseksi meripihkakoruja ja sinisen kellon. Se oli siro tummansininen py\u00f6re\u00e4tauluinen, viisarimallinen kello, jossa oli sininen nahkaranneke. Merkki\u00e4 en en\u00e4\u00e4 muista. Minulle se oli hienompi lahja kuin ne korut. Sininen oli lempiv\u00e4rini ja kummiset\u00e4ni oli muistanut sen. ja seh\u00e4n oli tuotu viel\u00e4 ulkomailta! Pidin kelloa kauan, jotain kymmenen vuotta, kunnes se herkesi k\u00e4velem\u00e4st\u00e4. Ranneketta piti toki vaihtaa v\u00e4lill\u00e4 l\u00f6ysemp\u00e4\u00e4n. Sen j\u00e4lkeen se palveli nukkekodissa sein\u00e4kellon virkaa. Ehk\u00e4 se on viel\u00e4kin tallessa vintill\u00e4 muiden lelujen seassa.<\/p>\n<p class=\"p1\">Nyky\u00e4\u00e4n en k\u00e4yt\u00e4 rannekelloa paljoakaan, sill\u00e4 olen kotona pienen vauvan kanssa. Ty\u00f6el\u00e4m\u00e4\u00e4n palatessa tarvitsee varmaankin vaihtaa patterit kelloon ja opetella taas sit\u00e4 k\u00e4ytt\u00e4m\u00e4\u00e4n. Korukelloja minulla on muutamia, joita k\u00e4yt\u00e4n juhlatilanteissa.<\/p>\n<p>&nbsp;<\/p>\n<p class=\"p3\">Anonyymi<\/p>\n","protected":false},"excerpt":{"rendered":"<p>Sain ensimm\u00e4isen kelloni ollessani ehk\u00e4 noin kuuden vanha eli noin 1980. Kummiset\u00e4ni oli k\u00e4ynyt silloisessa Neuvostoliitossa ja toi minulle tuliaiseksi meripihkakoruja ja sinisen kellon. Se oli siro tummansininen py\u00f6re\u00e4tauluinen, viisarimallinen kello, jossa oli sininen nahkaranneke. Merkki\u00e4 en en\u00e4\u00e4 muista. Minulle se oli hienompi lahja kuin ne korut. Sininen oli lempiv\u00e4rini ja kummiset\u00e4ni oli muistanut sen. [&hellip;]<\/p>\n","protected":false},"featured_media":0,"comment_status":"closed","ping_status":"closed","template":"","meta":[],"product_cat":[38],"product_tag":[36,63,62],"_links":{"self":[{"href":"https:\/\/www.kellomuseo.fi\/holvi\/wp-json\/wp\/v2\/product\/1563"}],"collection":[{"href":"https:\/\/www.kellomuseo.fi\/holvi\/wp-json\/wp\/v2\/product"}],"about":[{"href":"https:\/\/www.kellomuseo.fi\/holvi\/wp-json\/wp\/v2\/types\/product"}],"replies":[{"embeddable":true,"href":"https:\/\/www.kellomuseo.fi\/holvi\/wp-json\/wp\/v2\/comments?post=1563"}],"wp:attachment":[{"href":"https:\/\/www.kellomuseo.fi\/holvi\/wp-json\/wp\/v2\/media?parent=1563"}],"wp:term":[{"taxonomy":"product_cat","embeddable":true,"href":"https:\/\/www.kellomuseo.fi\/holvi\/wp-json\/wp\/v2\/product_cat?post=1563"},{"taxonomy":"product_tag","embeddable":true,"href":"https:\/\/www.kellomuseo.fi\/holvi\/wp-json\/wp\/v2\/product_tag?post=1563"}],"curies":[{"name":"wp","href":"https:\/\/api.w.org\/{rel}","templated":true}]}}