{"id":1561,"date":"2021-12-08T10:11:52","date_gmt":"2021-12-08T08:11:52","guid":{"rendered":"https:\/\/www.kellomuseo.fi\/holvi\/?post_type=product&#038;p=1561"},"modified":"2021-12-13T11:52:10","modified_gmt":"2021-12-13T09:52:10","slug":"liikuntatunnilla-kadonnut-kello","status":"publish","type":"product","link":"https:\/\/www.kellomuseo.fi\/holvi\/tuote\/liikuntatunnilla-kadonnut-kello\/","title":{"rendered":"Liikuntatunnilla kadonnut kello"},"content":{"rendered":"<p class=\"p1\">Sain ensimm\u00e4isen kelloni muistaakseni samoihin aikoihin kun aloitin koulun. Kello oli oikein hieno; se oli p\u00e4\u00e4v\u00e4rilt\u00e4\u00e4n turkoosi ja sen l\u00e4pikuultavassa rannekkeessa oli muistaakseni pallokuvioita. Liikuntatunnille ment\u00e4ess\u00e4 kello oli j\u00e4tett\u00e4v\u00e4 juhlasalin lavan reunalle muiden &#8221;arvoesineiden&#8221; joukkoon, jottei siit\u00e4 tai sille aiheutuisi harmia urheilun temmellyksess\u00e4. Kun tuntimme p\u00e4\u00e4ttyi ja kiiruhdin hakemaan kelloani, SE OLI POISSA! Opettaja ei tainnut lainkaan ymm\u00e4rt\u00e4\u00e4, kuinka vakavasta asiasta oli kyse ja sanoi, ett\u00e4 talonmies voi ehk\u00e4 katsoa, jos se on tippunut lavan alle. Talonmies oli tehnyt ty\u00f6t\u00e4 k\u00e4sketty\u00e4, mutta kelloa ei ollut n\u00e4kynyt. Voi surkeutta. Kello oli aivan uusi ja minulle erityisen rakas. Lis\u00e4ksi vanhempani olivat kuluttaneet siihen paljon rahaa ja olivat olleet oikein mieliss\u00e4\u00e4n siit\u00e4, kuinka kovasti kellosta pidin. Koulussa asiaa ei sen koommin taidettu puida. Oliko kello kadonnut savuna ilmaan, vai oliko joku sen laittanut taskuunsa; se ei k\u00e4ynyt ilmi, eik\u00e4 sen eteen liioin n\u00e4hty kovasti vaivaa. Opettaja ei tainnut t\u00e4ll\u00e4k\u00e4\u00e4n kertaa uskoa minua&#8230;<\/p>\n<p class=\"p1\">Yh\u00e4 (n. 18 vuotta my\u00f6hemmin) kuitenkin odotan, ett\u00e4 omatunto alkaa kelloni napannutta soimata ja saan vihdoin tiet\u00e4\u00e4, miten sille oikeasti k\u00e4vi&#8230;<\/p>\n<p>&nbsp;<\/p>\n<p class=\"p1\">Elisa Tuusa<\/p>\n","protected":false},"excerpt":{"rendered":"<p>Sain ensimm\u00e4isen kelloni muistaakseni samoihin aikoihin kun aloitin koulun. Kello oli oikein hieno; se oli p\u00e4\u00e4v\u00e4rilt\u00e4\u00e4n turkoosi ja sen l\u00e4pikuultavassa rannekkeessa oli muistaakseni pallokuvioita. Liikuntatunnille ment\u00e4ess\u00e4 kello oli j\u00e4tett\u00e4v\u00e4 juhlasalin lavan reunalle muiden &#8221;arvoesineiden&#8221; joukkoon, jottei siit\u00e4 tai sille aiheutuisi harmia urheilun temmellyksess\u00e4. Kun tuntimme p\u00e4\u00e4ttyi ja kiiruhdin hakemaan kelloani, SE OLI POISSA! Opettaja ei [&hellip;]<\/p>\n","protected":false},"featured_media":0,"comment_status":"closed","ping_status":"closed","template":"","meta":[],"product_cat":[38],"product_tag":[36,63,62],"_links":{"self":[{"href":"https:\/\/www.kellomuseo.fi\/holvi\/wp-json\/wp\/v2\/product\/1561"}],"collection":[{"href":"https:\/\/www.kellomuseo.fi\/holvi\/wp-json\/wp\/v2\/product"}],"about":[{"href":"https:\/\/www.kellomuseo.fi\/holvi\/wp-json\/wp\/v2\/types\/product"}],"replies":[{"embeddable":true,"href":"https:\/\/www.kellomuseo.fi\/holvi\/wp-json\/wp\/v2\/comments?post=1561"}],"wp:attachment":[{"href":"https:\/\/www.kellomuseo.fi\/holvi\/wp-json\/wp\/v2\/media?parent=1561"}],"wp:term":[{"taxonomy":"product_cat","embeddable":true,"href":"https:\/\/www.kellomuseo.fi\/holvi\/wp-json\/wp\/v2\/product_cat?post=1561"},{"taxonomy":"product_tag","embeddable":true,"href":"https:\/\/www.kellomuseo.fi\/holvi\/wp-json\/wp\/v2\/product_tag?post=1561"}],"curies":[{"name":"wp","href":"https:\/\/api.w.org\/{rel}","templated":true}]}}