{"id":1560,"date":"2021-12-08T10:11:13","date_gmt":"2021-12-08T08:11:13","guid":{"rendered":"https:\/\/www.kellomuseo.fi\/holvi\/?post_type=product&#038;p=1560"},"modified":"2021-12-13T11:52:04","modified_gmt":"2021-12-13T09:52:04","slug":"suvun-taskukello","status":"publish","type":"product","link":"https:\/\/www.kellomuseo.fi\/holvi\/tuote\/suvun-taskukello\/","title":{"rendered":"Suvun taskukello"},"content":{"rendered":"<p class=\"p1\">Is\u00e4ll\u00e4ni oli taskukello, jota h\u00e4n k\u00e4ytti siihen asti, ett\u00e4 osti rannekellon. T\u00e4m\u00e4 kello oli kuoreltaan luultavasti hopeaa, ainakin hopean v\u00e4rinen. Takakanteen oli kaiverrettu nimikirjaimet, jotka olivat samat kuin is\u00e4ll\u00e4. Ne nimikirjaimet kuuluivat kuitenkin isois\u00e4lleni, joka oli kuollut jo ennen is\u00e4ni syntym\u00e4\u00e4 vuoden 1918 sis\u00e4llissodassa. Joku tuttu oli &#8221;takavarikoinut&#8221; kellon kuolleen isois\u00e4ni taskusta ja palauttanut sen sitten iso\u00e4idilleni kahakoitten loputtua.<\/p>\n<p class=\"p1\">Kyseinen taskukello on edelleen suvun miespuolisella j\u00e4senell\u00e4, suoraan alenevassa polvessa.<\/p>\n<p>&nbsp;<\/p>\n<p class=\"p1\">Anonyymi<\/p>\n","protected":false},"excerpt":{"rendered":"<p>Is\u00e4ll\u00e4ni oli taskukello, jota h\u00e4n k\u00e4ytti siihen asti, ett\u00e4 osti rannekellon. T\u00e4m\u00e4 kello oli kuoreltaan luultavasti hopeaa, ainakin hopean v\u00e4rinen. Takakanteen oli kaiverrettu nimikirjaimet, jotka olivat samat kuin is\u00e4ll\u00e4. Ne nimikirjaimet kuuluivat kuitenkin isois\u00e4lleni, joka oli kuollut jo ennen is\u00e4ni syntym\u00e4\u00e4 vuoden 1918 sis\u00e4llissodassa. Joku tuttu oli &#8221;takavarikoinut&#8221; kellon kuolleen isois\u00e4ni taskusta ja palauttanut sen [&hellip;]<\/p>\n","protected":false},"featured_media":0,"comment_status":"closed","ping_status":"closed","template":"","meta":[],"product_cat":[38],"product_tag":[36,63,62],"_links":{"self":[{"href":"https:\/\/www.kellomuseo.fi\/holvi\/wp-json\/wp\/v2\/product\/1560"}],"collection":[{"href":"https:\/\/www.kellomuseo.fi\/holvi\/wp-json\/wp\/v2\/product"}],"about":[{"href":"https:\/\/www.kellomuseo.fi\/holvi\/wp-json\/wp\/v2\/types\/product"}],"replies":[{"embeddable":true,"href":"https:\/\/www.kellomuseo.fi\/holvi\/wp-json\/wp\/v2\/comments?post=1560"}],"wp:attachment":[{"href":"https:\/\/www.kellomuseo.fi\/holvi\/wp-json\/wp\/v2\/media?parent=1560"}],"wp:term":[{"taxonomy":"product_cat","embeddable":true,"href":"https:\/\/www.kellomuseo.fi\/holvi\/wp-json\/wp\/v2\/product_cat?post=1560"},{"taxonomy":"product_tag","embeddable":true,"href":"https:\/\/www.kellomuseo.fi\/holvi\/wp-json\/wp\/v2\/product_tag?post=1560"}],"curies":[{"name":"wp","href":"https:\/\/api.w.org\/{rel}","templated":true}]}}