{"id":1559,"date":"2021-12-08T10:10:40","date_gmt":"2021-12-08T08:10:40","guid":{"rendered":"https:\/\/www.kellomuseo.fi\/holvi\/?post_type=product&#038;p=1559"},"modified":"2021-12-13T11:51:56","modified_gmt":"2021-12-13T09:51:56","slug":"kotitalon-seinakello","status":"publish","type":"product","link":"https:\/\/www.kellomuseo.fi\/holvi\/tuote\/kotitalon-seinakello\/","title":{"rendered":"Kotitalon sein\u00e4kello"},"content":{"rendered":"<p class=\"p2\">Sain el\u00e4m\u00e4ni t\u00e4rkeimm\u00e4n kellon 20 vuotta sitten, kello oli ollut kotitaloni sein\u00e4ll\u00e4 koko lapsuuteni, perinteinen ruskea heilurikello jollainen oli siihen aikaan l\u00e4hes joka tuvan sein\u00e4ss\u00e4.<\/p>\n<p class=\"p2\">Kello oli ollut \u00e4idill\u00e4ni jo sota-aikana, ja Kuhmosta evakkoon l\u00e4htiess\u00e4\u00e4n h\u00e4n piilotti sen pihassa olevan lautapinon alle. Takaisin tultuaan kello l\u00f6ytyi lautapinon alta vahingoittumattomana ja nostettiin takaisin sein\u00e4lle.<\/p>\n<p class=\"p2\">Vaikka kello ei ole rahallisesti arvokas vaan vain ihan tusinatavaraa niin tunnearvo on sit\u00e4kin suurempi.<\/p>\n<p>&nbsp;<\/p>\n<p class=\"p3\">Anonyymi<\/p>\n","protected":false},"excerpt":{"rendered":"<p>Sain el\u00e4m\u00e4ni t\u00e4rkeimm\u00e4n kellon 20 vuotta sitten, kello oli ollut kotitaloni sein\u00e4ll\u00e4 koko lapsuuteni, perinteinen ruskea heilurikello jollainen oli siihen aikaan l\u00e4hes joka tuvan sein\u00e4ss\u00e4. Kello oli ollut \u00e4idill\u00e4ni jo sota-aikana, ja Kuhmosta evakkoon l\u00e4htiess\u00e4\u00e4n h\u00e4n piilotti sen pihassa olevan lautapinon alle. Takaisin tultuaan kello l\u00f6ytyi lautapinon alta vahingoittumattomana ja nostettiin takaisin sein\u00e4lle. Vaikka kello [&hellip;]<\/p>\n","protected":false},"featured_media":0,"comment_status":"closed","ping_status":"closed","template":"","meta":[],"product_cat":[38],"product_tag":[36,63,62],"_links":{"self":[{"href":"https:\/\/www.kellomuseo.fi\/holvi\/wp-json\/wp\/v2\/product\/1559"}],"collection":[{"href":"https:\/\/www.kellomuseo.fi\/holvi\/wp-json\/wp\/v2\/product"}],"about":[{"href":"https:\/\/www.kellomuseo.fi\/holvi\/wp-json\/wp\/v2\/types\/product"}],"replies":[{"embeddable":true,"href":"https:\/\/www.kellomuseo.fi\/holvi\/wp-json\/wp\/v2\/comments?post=1559"}],"wp:attachment":[{"href":"https:\/\/www.kellomuseo.fi\/holvi\/wp-json\/wp\/v2\/media?parent=1559"}],"wp:term":[{"taxonomy":"product_cat","embeddable":true,"href":"https:\/\/www.kellomuseo.fi\/holvi\/wp-json\/wp\/v2\/product_cat?post=1559"},{"taxonomy":"product_tag","embeddable":true,"href":"https:\/\/www.kellomuseo.fi\/holvi\/wp-json\/wp\/v2\/product_tag?post=1559"}],"curies":[{"name":"wp","href":"https:\/\/api.w.org\/{rel}","templated":true}]}}