{"id":1558,"date":"2021-12-08T10:09:58","date_gmt":"2021-12-08T08:09:58","guid":{"rendered":"https:\/\/www.kellomuseo.fi\/holvi\/?post_type=product&#038;p=1558"},"modified":"2021-12-13T11:51:42","modified_gmt":"2021-12-13T09:51:42","slug":"kello-hengenpelastajana","status":"publish","type":"product","link":"https:\/\/www.kellomuseo.fi\/holvi\/tuote\/kello-hengenpelastajana\/","title":{"rendered":"Kello hengenpelastajana"},"content":{"rendered":"<p class=\"p1\">Sain rannekelloni 15-vuotiaana rippilahjaksi: se on kultadubleinen Zenith -merkkinen automaattikello nahkarannekkeella. Se palveli minua aina 29 seuraavaa vuotta kunnes ostin metallirannekkeisen Quartz- kellon. Mutta tuohon alkuper\u00e4iseen: nuorelle pojalle se oli ehk\u00e4 v\u00e4h\u00e4n liian hieno kello eik\u00e4 vanhempani antaneet k\u00e4ytt\u00e4\u00e4 sit\u00e4 kuin juhla p\u00e4ivin\u00e4. 18-vuotiaana sain sen jo jokap\u00e4iv\u00e4iseen k\u00e4ytt\u00f6\u00f6n. Se muuten pelasti minut kerran pahemmalta loukkaantumiselta: iso koira hy\u00f6kk\u00e4si kimppuuni ja otti kiinni ranteesta, kaksi kulmahampaista osui kelloni tauluun (joka oli isokokoinen)ja yksi nahkaranteeseen ja vain yksi hampaista raapaisi haavan ranteeseen, mutta pahemminkin olisi voinut k\u00e4yd\u00e4.<\/p>\n<p class=\"p1\">T\u00e4m\u00e4 rippikellonikin on k\u00e4yt\u00f6ss\u00e4, tosin rajoitetusti. Mutta kun pit\u00e4\u00e4 olla nahkarannekkeinen kello, niin se on toinen kahdesta vaihtoehdosta.<\/p>\n<p class=\"p1\">Kello on minulle v\u00e4ltt\u00e4m\u00e4t\u00f6n. Omistan nyky\u00e4\u00e4n toistakymment\u00e4 rannekelloa (osa perint\u00f6n\u00e4 is\u00e4lt\u00e4ni), joista 9 on p\u00e4ivitt\u00e4isess\u00e4 k\u00e4yt\u00f6ss\u00e4.<\/p>\n<p>&nbsp;<\/p>\n<p class=\"p1\">Anonyymi<\/p>\n","protected":false},"excerpt":{"rendered":"<p>Sain rannekelloni 15-vuotiaana rippilahjaksi: se on kultadubleinen Zenith -merkkinen automaattikello nahkarannekkeella. Se palveli minua aina 29 seuraavaa vuotta kunnes ostin metallirannekkeisen Quartz- kellon. Mutta tuohon alkuper\u00e4iseen: nuorelle pojalle se oli ehk\u00e4 v\u00e4h\u00e4n liian hieno kello eik\u00e4 vanhempani antaneet k\u00e4ytt\u00e4\u00e4 sit\u00e4 kuin juhla p\u00e4ivin\u00e4. 18-vuotiaana sain sen jo jokap\u00e4iv\u00e4iseen k\u00e4ytt\u00f6\u00f6n. Se muuten pelasti minut kerran pahemmalta [&hellip;]<\/p>\n","protected":false},"featured_media":0,"comment_status":"closed","ping_status":"closed","template":"","meta":[],"product_cat":[38],"product_tag":[36,63,62],"_links":{"self":[{"href":"https:\/\/www.kellomuseo.fi\/holvi\/wp-json\/wp\/v2\/product\/1558"}],"collection":[{"href":"https:\/\/www.kellomuseo.fi\/holvi\/wp-json\/wp\/v2\/product"}],"about":[{"href":"https:\/\/www.kellomuseo.fi\/holvi\/wp-json\/wp\/v2\/types\/product"}],"replies":[{"embeddable":true,"href":"https:\/\/www.kellomuseo.fi\/holvi\/wp-json\/wp\/v2\/comments?post=1558"}],"wp:attachment":[{"href":"https:\/\/www.kellomuseo.fi\/holvi\/wp-json\/wp\/v2\/media?parent=1558"}],"wp:term":[{"taxonomy":"product_cat","embeddable":true,"href":"https:\/\/www.kellomuseo.fi\/holvi\/wp-json\/wp\/v2\/product_cat?post=1558"},{"taxonomy":"product_tag","embeddable":true,"href":"https:\/\/www.kellomuseo.fi\/holvi\/wp-json\/wp\/v2\/product_tag?post=1558"}],"curies":[{"name":"wp","href":"https:\/\/api.w.org\/{rel}","templated":true}]}}