{"id":1557,"date":"2021-12-08T10:09:12","date_gmt":"2021-12-08T08:09:12","guid":{"rendered":"https:\/\/www.kellomuseo.fi\/holvi\/?post_type=product&#038;p=1557"},"modified":"2021-12-13T11:51:26","modified_gmt":"2021-12-13T09:51:26","slug":"mikki-hiiri-kello","status":"publish","type":"product","link":"https:\/\/www.kellomuseo.fi\/holvi\/tuote\/mikki-hiiri-kello\/","title":{"rendered":"Mikki Hiiri -kello"},"content":{"rendered":"<p class=\"p1\">Sain ensimm\u00e4isen kelloni ensimm\u00e4isell\u00e4 ulkomaanmatkallani, is\u00e4ni osti sen minulle, vaikka \u00e4itini oli sit\u00e4 mielt\u00e4, ett\u00e4 olin aivan liian nuori pit\u00e4m\u00e4\u00e4n kelloa, ett\u00e4 rikkoisin sen. Muistan, ett\u00e4 se oli aivan ihana, siin\u00e4 oli Mikki Hiiren kuva, se oli kai siis Disney kello. Olin tosi ylpe\u00e4 uudesta kellostani, olin mielest\u00e4ni jo tosi iso tytt\u00f6 kun minulla oli ikioma kello. Mutta sitten kun toisena p\u00e4iv\u00e4n\u00e4 menimme meren rantaan ja uimaan, niin unohdin uuden kelloni kokonaan ja se kastui pilalle. Olin tosi, tosi pettynyt ja vanhemmat tietysti tosi vihaisia ja harmissaan. Siit\u00e4 tuli sitten leikki-kello, kun se ei en\u00e4\u00e4 pelannut. En pariin vuoteen saanut rannekelloa, ennen kuin olin v\u00e4h\u00e4n viisaampi. Ensimm\u00e4iseen kelloon liittyy kuitenkin hell\u00e4t muistot, enk\u00e4 unohda sit\u00e4 koskaan enk\u00e4 is\u00e4ni uskoa minuun. Rannekello oli kauan minulle ihan ehdoton asia, mutta k\u00e4nnyk\u00f6iden my\u00f6t\u00e4 on menett\u00e4nyt merkityksens\u00e4. Aika lapsena oli aina tosi pitk\u00e4 ja tuntui ettei kulu mill\u00e4\u00e4n, aikuisena aika kuluu aivan liian nopeasti ja siit\u00e4 on tullut liian t\u00e4rke\u00e4 asia, tulee seurattua sein\u00e4kelloa tai k\u00e4nnyk\u00e4n kelloa koko ajan. Lapsuuden kelloani ei minulla en\u00e4\u00e4 ole, valitettavasti.<\/p>\n<p>&nbsp;<\/p>\n<p class=\"p1\">Anne Kukkonen<\/p>\n","protected":false},"excerpt":{"rendered":"<p>Sain ensimm\u00e4isen kelloni ensimm\u00e4isell\u00e4 ulkomaanmatkallani, is\u00e4ni osti sen minulle, vaikka \u00e4itini oli sit\u00e4 mielt\u00e4, ett\u00e4 olin aivan liian nuori pit\u00e4m\u00e4\u00e4n kelloa, ett\u00e4 rikkoisin sen. Muistan, ett\u00e4 se oli aivan ihana, siin\u00e4 oli Mikki Hiiren kuva, se oli kai siis Disney kello. Olin tosi ylpe\u00e4 uudesta kellostani, olin mielest\u00e4ni jo tosi iso tytt\u00f6 kun minulla oli [&hellip;]<\/p>\n","protected":false},"featured_media":0,"comment_status":"closed","ping_status":"closed","template":"","meta":[],"product_cat":[38],"product_tag":[36,63,62],"_links":{"self":[{"href":"https:\/\/www.kellomuseo.fi\/holvi\/wp-json\/wp\/v2\/product\/1557"}],"collection":[{"href":"https:\/\/www.kellomuseo.fi\/holvi\/wp-json\/wp\/v2\/product"}],"about":[{"href":"https:\/\/www.kellomuseo.fi\/holvi\/wp-json\/wp\/v2\/types\/product"}],"replies":[{"embeddable":true,"href":"https:\/\/www.kellomuseo.fi\/holvi\/wp-json\/wp\/v2\/comments?post=1557"}],"wp:attachment":[{"href":"https:\/\/www.kellomuseo.fi\/holvi\/wp-json\/wp\/v2\/media?parent=1557"}],"wp:term":[{"taxonomy":"product_cat","embeddable":true,"href":"https:\/\/www.kellomuseo.fi\/holvi\/wp-json\/wp\/v2\/product_cat?post=1557"},{"taxonomy":"product_tag","embeddable":true,"href":"https:\/\/www.kellomuseo.fi\/holvi\/wp-json\/wp\/v2\/product_tag?post=1557"}],"curies":[{"name":"wp","href":"https:\/\/api.w.org\/{rel}","templated":true}]}}