{"id":1556,"date":"2021-12-08T10:08:38","date_gmt":"2021-12-08T08:08:38","guid":{"rendered":"https:\/\/www.kellomuseo.fi\/holvi\/?post_type=product&#038;p=1556"},"modified":"2021-12-13T11:51:03","modified_gmt":"2021-12-13T09:51:03","slug":"avaaruusraketti-heratyskellossa","status":"publish","type":"product","link":"https:\/\/www.kellomuseo.fi\/holvi\/tuote\/avaaruusraketti-heratyskellossa\/","title":{"rendered":"Avaaruusraketti her\u00e4tyskellossa"},"content":{"rendered":"<p class=\"p1\">Olin siin\u00e4 viiden vanha kun \u00e4itini osti uuden her\u00e4tyskellon jossa liikkui pieni avaruus raketti. Sit\u00e4 hetken katsellessani halusin sen ja kun is\u00e4ni ja \u00e4itini olivat poissa niin otin sen kellon ja irrotin siit\u00e4 kaiken mit\u00e4 irti sain kellotaulusta numeroja my\u00f6ten ja kello koneistossa oli kivoja rattaita jotka olivat pienelle tyt\u00f6lle palettitanssijoita. No eih\u00e4n vanhemmat siit\u00e4 riemastuneet kun kellon n\u00e4kiv\u00e4t vaan joutuivat ostaan uuden mutta sille k\u00e4vi samoiten. Niinp\u00e4 vanhemmat laittoivat sen j\u00e4lkeen kellon lukkojen taakse p\u00e4iv\u00e4ksi.<\/p>\n<p>&nbsp;<\/p>\n<p class=\"p3\">Anonyymi<\/p>\n","protected":false},"excerpt":{"rendered":"<p>Olin siin\u00e4 viiden vanha kun \u00e4itini osti uuden her\u00e4tyskellon jossa liikkui pieni avaruus raketti. Sit\u00e4 hetken katsellessani halusin sen ja kun is\u00e4ni ja \u00e4itini olivat poissa niin otin sen kellon ja irrotin siit\u00e4 kaiken mit\u00e4 irti sain kellotaulusta numeroja my\u00f6ten ja kello koneistossa oli kivoja rattaita jotka olivat pienelle tyt\u00f6lle palettitanssijoita. No eih\u00e4n vanhemmat siit\u00e4 [&hellip;]<\/p>\n","protected":false},"featured_media":0,"comment_status":"closed","ping_status":"closed","template":"","meta":[],"product_cat":[38],"product_tag":[36,63,62],"_links":{"self":[{"href":"https:\/\/www.kellomuseo.fi\/holvi\/wp-json\/wp\/v2\/product\/1556"}],"collection":[{"href":"https:\/\/www.kellomuseo.fi\/holvi\/wp-json\/wp\/v2\/product"}],"about":[{"href":"https:\/\/www.kellomuseo.fi\/holvi\/wp-json\/wp\/v2\/types\/product"}],"replies":[{"embeddable":true,"href":"https:\/\/www.kellomuseo.fi\/holvi\/wp-json\/wp\/v2\/comments?post=1556"}],"wp:attachment":[{"href":"https:\/\/www.kellomuseo.fi\/holvi\/wp-json\/wp\/v2\/media?parent=1556"}],"wp:term":[{"taxonomy":"product_cat","embeddable":true,"href":"https:\/\/www.kellomuseo.fi\/holvi\/wp-json\/wp\/v2\/product_cat?post=1556"},{"taxonomy":"product_tag","embeddable":true,"href":"https:\/\/www.kellomuseo.fi\/holvi\/wp-json\/wp\/v2\/product_tag?post=1556"}],"curies":[{"name":"wp","href":"https:\/\/api.w.org\/{rel}","templated":true}]}}