{"id":1552,"date":"2021-12-08T10:06:15","date_gmt":"2021-12-08T08:06:15","guid":{"rendered":"https:\/\/www.kellomuseo.fi\/holvi\/?post_type=product&#038;p=1552"},"modified":"2021-12-13T11:48:47","modified_gmt":"2021-12-13T09:48:47","slug":"viha-rakkaussuhde-kelloihin","status":"publish","type":"product","link":"https:\/\/www.kellomuseo.fi\/holvi\/tuote\/viha-rakkaussuhde-kelloihin\/","title":{"rendered":"Viha-rakkaussuhde kelloihin"},"content":{"rendered":"<p class=\"p1\">Sain ensimm\u00e4isen kelloni seitsem\u00e4nvuotiaana joululahjaksi. Minun piti opetella itse katsomaan kelloa ja tunnistamaan kellonajat, koska olin jo koululainen ja kouluun piti ehti\u00e4 ajoissa. Oli hienoa saada kello, en ollut en\u00e4\u00e4 mik\u00e4\u00e4n pikkulapsi, mutta samalla alkoi kehitty\u00e4 halki vuosien jatkunut viha-rakkaussuhde kelloon. Aina olin my\u00f6h\u00e4ss\u00e4 tai juuri tipalla ajoissa. Ja aina aika oli kulkenut juosten, kun oli juuri hauskaa tekemist\u00e4 &#8211; pihaleikkej\u00e4 kavereitten kanssa tms. &#8211; ja piti l\u00e4hte\u00e4 kotiin. Jotenkin ihmeellisesti kello koulussa, varsinkin matematiikan ja k\u00e4sity\u00f6n tunneilla, joita inhosin, hidasti kulkuaan. Viisarit suorastaan pys\u00e4htyiv\u00e4t. Vanhempana minun oli todella helppo omaksua ja ymm\u00e4rt\u00e4\u00e4 suhteellisuusteoria, olinhan sen itse lapsena, kellon saatuani, omakohtaisesti todennut. Sittemmin aika on alkanut vuosi vuodelta kulua nopeammin ja kellosta, tuosta lapsuuden tyrannista, on tullut yst\u00e4v\u00e4ni. Se on el\u00e4m\u00e4\u00e4 helpottava apuv\u00e4line, joka auttaa minua suunnittelemaan tekemiseni ja menemiseni. Sen ensimm\u00e4isen kellon polkaisin kirjaimellisesti suohon. Olin vaelluksella, suota ylitt\u00e4m\u00e4ss\u00e4 ja sen j\u00e4lkeen en en\u00e4\u00e4 n\u00e4hnyt kelloani. V\u00e4syksiss\u00e4ni hukkasin sen. Muutaman muunkin kellon olen sen j\u00e4lkeen hukannut ja rikkonut, kellot eiv\u00e4t minulla oikein s\u00e4ily. Hankin uuden kellon noin nelj\u00e4n vuoden v\u00e4lein, joskus useamminkin, ja se on mukavaa puuhaa. En v\u00e4lit\u00e4 koruista, mutta on mukava valikoida ja ostaa siev\u00e4 kello, josta katson aikaa taas seuraavat noin nelj\u00e4 vuotta.<\/p>\n<p>&nbsp;<\/p>\n<p class=\"p1\">Kristiina Ranta<\/p>\n","protected":false},"excerpt":{"rendered":"<p>Sain ensimm\u00e4isen kelloni seitsem\u00e4nvuotiaana joululahjaksi. Minun piti opetella itse katsomaan kelloa ja tunnistamaan kellonajat, koska olin jo koululainen ja kouluun piti ehti\u00e4 ajoissa. Oli hienoa saada kello, en ollut en\u00e4\u00e4 mik\u00e4\u00e4n pikkulapsi, mutta samalla alkoi kehitty\u00e4 halki vuosien jatkunut viha-rakkaussuhde kelloon. Aina olin my\u00f6h\u00e4ss\u00e4 tai juuri tipalla ajoissa. Ja aina aika oli kulkenut juosten, kun [&hellip;]<\/p>\n","protected":false},"featured_media":0,"comment_status":"closed","ping_status":"closed","template":"","meta":[],"product_cat":[38],"product_tag":[36,63,62],"_links":{"self":[{"href":"https:\/\/www.kellomuseo.fi\/holvi\/wp-json\/wp\/v2\/product\/1552"}],"collection":[{"href":"https:\/\/www.kellomuseo.fi\/holvi\/wp-json\/wp\/v2\/product"}],"about":[{"href":"https:\/\/www.kellomuseo.fi\/holvi\/wp-json\/wp\/v2\/types\/product"}],"replies":[{"embeddable":true,"href":"https:\/\/www.kellomuseo.fi\/holvi\/wp-json\/wp\/v2\/comments?post=1552"}],"wp:attachment":[{"href":"https:\/\/www.kellomuseo.fi\/holvi\/wp-json\/wp\/v2\/media?parent=1552"}],"wp:term":[{"taxonomy":"product_cat","embeddable":true,"href":"https:\/\/www.kellomuseo.fi\/holvi\/wp-json\/wp\/v2\/product_cat?post=1552"},{"taxonomy":"product_tag","embeddable":true,"href":"https:\/\/www.kellomuseo.fi\/holvi\/wp-json\/wp\/v2\/product_tag?post=1552"}],"curies":[{"name":"wp","href":"https:\/\/api.w.org\/{rel}","templated":true}]}}