{"id":1550,"date":"2021-12-08T10:04:49","date_gmt":"2021-12-08T08:04:49","guid":{"rendered":"https:\/\/www.kellomuseo.fi\/holvi\/?post_type=product&#038;p=1550"},"modified":"2021-12-13T11:47:59","modified_gmt":"2021-12-13T09:47:59","slug":"pitka-sekuntiviisari","status":"publish","type":"product","link":"https:\/\/www.kellomuseo.fi\/holvi\/tuote\/pitka-sekuntiviisari\/","title":{"rendered":"Pitk\u00e4 sekuntiviisari"},"content":{"rendered":"<p class=\"p1\">P\u00e4\u00e4sin ripille kev\u00e4\u00e4ll\u00e4 1953 ja sain rippilahjaksi kellon, niin kuin silloin oli tapana. Samassa rippikoulussa oli my\u00f6s koulutoverini Pentti ja h\u00e4n sai my\u00f6s lahjaksi kellon. Meid\u00e4n molempien saamissa kelloissa oli pitk\u00e4 sekuntiviisari, joka oli sen aikaisen nuorison mielest\u00e4 t\u00e4rke\u00e4 ominaisuus.<\/p>\n<p class=\"p1\">Kes\u00e4ll\u00e4 p\u00e4\u00e4simme Pentin kanssa sahalle t\u00f6ihin ja kuljetimme sahatavaraa kiskoja pitkin kulkevalla vaunulla varastokatoksen luo ja lastasimme laudat katokseen niin, ett\u00e4 toinen oli ulkona antamassa niit\u00e4 ja toinen katoksessa vastaanottamassa.<\/p>\n<p class=\"p1\">Jossain vaiheessa ruokatunnilla vertasimme kellojamme ja totesimme, ett\u00e4 Pentin kellosta puuttui merkint\u00e4 \u201dWaterproof\u201d. Se ei mielest\u00e4mme kuitenkaan ollut suuri puute. Olihan kellossa pitk\u00e4 sekuntiviisari.<\/p>\n<p class=\"p1\">Er\u00e4\u00e4n\u00e4 p\u00e4iv\u00e4n\u00e4 Pentin ollessa ulkona antamassa lautoja ja minun vastaanottaessani niit\u00e4 katoksessa, alkoi sataa. T\u00e4ll\u00f6in Pentti totesi \u201dTule sin\u00e4 nyt vuorostasi t\u00e4nne ulos, kun sinun kellosi on vedenpit\u00e4v\u00e4\u201d.<\/p>\n<p class=\"p1\">T\u00e4m\u00e4 Bischoff -merkkinen kelloni oli monta vuotta k\u00e4ytt\u00e4m\u00e4tt\u00e4, mutta pari vuotta sitten vein sen kellosep\u00e4lle puhdistettavaksi ja nyky\u00e4\u00e4n se on taas k\u00e4yt\u00f6ss\u00e4ni.<\/p>\n<p>&nbsp;<\/p>\n<p class=\"p1\">Matti Uuttu<\/p>\n","protected":false},"excerpt":{"rendered":"<p>P\u00e4\u00e4sin ripille kev\u00e4\u00e4ll\u00e4 1953 ja sain rippilahjaksi kellon, niin kuin silloin oli tapana. Samassa rippikoulussa oli my\u00f6s koulutoverini Pentti ja h\u00e4n sai my\u00f6s lahjaksi kellon. Meid\u00e4n molempien saamissa kelloissa oli pitk\u00e4 sekuntiviisari, joka oli sen aikaisen nuorison mielest\u00e4 t\u00e4rke\u00e4 ominaisuus. Kes\u00e4ll\u00e4 p\u00e4\u00e4simme Pentin kanssa sahalle t\u00f6ihin ja kuljetimme sahatavaraa kiskoja pitkin kulkevalla vaunulla varastokatoksen luo [&hellip;]<\/p>\n","protected":false},"featured_media":0,"comment_status":"closed","ping_status":"closed","template":"","meta":[],"product_cat":[38],"product_tag":[36,63,62],"_links":{"self":[{"href":"https:\/\/www.kellomuseo.fi\/holvi\/wp-json\/wp\/v2\/product\/1550"}],"collection":[{"href":"https:\/\/www.kellomuseo.fi\/holvi\/wp-json\/wp\/v2\/product"}],"about":[{"href":"https:\/\/www.kellomuseo.fi\/holvi\/wp-json\/wp\/v2\/types\/product"}],"replies":[{"embeddable":true,"href":"https:\/\/www.kellomuseo.fi\/holvi\/wp-json\/wp\/v2\/comments?post=1550"}],"wp:attachment":[{"href":"https:\/\/www.kellomuseo.fi\/holvi\/wp-json\/wp\/v2\/media?parent=1550"}],"wp:term":[{"taxonomy":"product_cat","embeddable":true,"href":"https:\/\/www.kellomuseo.fi\/holvi\/wp-json\/wp\/v2\/product_cat?post=1550"},{"taxonomy":"product_tag","embeddable":true,"href":"https:\/\/www.kellomuseo.fi\/holvi\/wp-json\/wp\/v2\/product_tag?post=1550"}],"curies":[{"name":"wp","href":"https:\/\/api.w.org\/{rel}","templated":true}]}}