{"id":1548,"date":"2021-12-08T10:03:07","date_gmt":"2021-12-08T08:03:07","guid":{"rendered":"https:\/\/www.kellomuseo.fi\/holvi\/?post_type=product&#038;p=1548"},"modified":"2021-12-13T11:47:31","modified_gmt":"2021-12-13T09:47:31","slug":"koko-kouluajan-herattaja","status":"publish","type":"product","link":"https:\/\/www.kellomuseo.fi\/holvi\/tuote\/koko-kouluajan-herattaja\/","title":{"rendered":"Koko kouluajan her\u00e4tt\u00e4j\u00e4"},"content":{"rendered":"<p class=\"p1\">Tulevana koululaisena sain kummit\u00e4dilt\u00e4ni joululahjaksi s\u00e4hk\u00f6ll\u00e4 toimivan her\u00e4tyskellon jouluna 1976. Ehdin siis hyviss\u00e4 ajoin siihen tutustua ennen kuin aloitin kouluni syksyll\u00e4 -77. Kello oli t\u00e4ysin \u00e4\u00e4net\u00f6n paitsi tietenkin her\u00e4tys\u00e4\u00e4ni joka oli jumalatonta p\u00e4rin\u00e4\u00e4. Jostain syyst\u00e4 se oli aina v\u00e4h\u00e4n l\u00e4mmin eli toisinaan l\u00e4mmittelin k\u00e4si\u00e4ni sill\u00e4.<\/p>\n<p class=\"p1\">Paria s\u00e4hk\u00f6katkosta lukuun ottamatta her\u00e4tyskello palveli minua hyvin ja uskollisesti kaikki kouluvuodet. Parin viikon sis\u00e4ll\u00e4 siit\u00e4 kuin ylioppilaskirjoitukseni kev\u00e4\u00e4ll\u00e4 1989 olivat p\u00e4\u00e4ttyneet, kelloni hajosi.<\/p>\n<p>&nbsp;<\/p>\n<p class=\"p1\">Leena Saarinen<\/p>\n","protected":false},"excerpt":{"rendered":"<p>Tulevana koululaisena sain kummit\u00e4dilt\u00e4ni joululahjaksi s\u00e4hk\u00f6ll\u00e4 toimivan her\u00e4tyskellon jouluna 1976. Ehdin siis hyviss\u00e4 ajoin siihen tutustua ennen kuin aloitin kouluni syksyll\u00e4 -77. Kello oli t\u00e4ysin \u00e4\u00e4net\u00f6n paitsi tietenkin her\u00e4tys\u00e4\u00e4ni joka oli jumalatonta p\u00e4rin\u00e4\u00e4. Jostain syyst\u00e4 se oli aina v\u00e4h\u00e4n l\u00e4mmin eli toisinaan l\u00e4mmittelin k\u00e4si\u00e4ni sill\u00e4. Paria s\u00e4hk\u00f6katkosta lukuun ottamatta her\u00e4tyskello palveli minua hyvin ja uskollisesti [&hellip;]<\/p>\n","protected":false},"featured_media":0,"comment_status":"closed","ping_status":"closed","template":"","meta":[],"product_cat":[38],"product_tag":[36,63,62],"_links":{"self":[{"href":"https:\/\/www.kellomuseo.fi\/holvi\/wp-json\/wp\/v2\/product\/1548"}],"collection":[{"href":"https:\/\/www.kellomuseo.fi\/holvi\/wp-json\/wp\/v2\/product"}],"about":[{"href":"https:\/\/www.kellomuseo.fi\/holvi\/wp-json\/wp\/v2\/types\/product"}],"replies":[{"embeddable":true,"href":"https:\/\/www.kellomuseo.fi\/holvi\/wp-json\/wp\/v2\/comments?post=1548"}],"wp:attachment":[{"href":"https:\/\/www.kellomuseo.fi\/holvi\/wp-json\/wp\/v2\/media?parent=1548"}],"wp:term":[{"taxonomy":"product_cat","embeddable":true,"href":"https:\/\/www.kellomuseo.fi\/holvi\/wp-json\/wp\/v2\/product_cat?post=1548"},{"taxonomy":"product_tag","embeddable":true,"href":"https:\/\/www.kellomuseo.fi\/holvi\/wp-json\/wp\/v2\/product_tag?post=1548"}],"curies":[{"name":"wp","href":"https:\/\/api.w.org\/{rel}","templated":true}]}}