{"id":1547,"date":"2021-12-08T10:02:35","date_gmt":"2021-12-08T08:02:35","guid":{"rendered":"https:\/\/www.kellomuseo.fi\/holvi\/?post_type=product&#038;p=1547"},"modified":"2021-12-13T11:47:17","modified_gmt":"2021-12-13T09:47:17","slug":"paperinkerayskello-stima","status":"publish","type":"product","link":"https:\/\/www.kellomuseo.fi\/holvi\/tuote\/paperinkerayskello-stima\/","title":{"rendered":"Paperinker\u00e4yskello Stima"},"content":{"rendered":"<p class=\"p1\">Ensimm\u00e4inen oma kelloni oli kansakoulun piirustustunnilla tekem\u00e4ni sein\u00e4kello, jossa taulu oli tehty pahvista ja pahviset osoittimet oli niitill\u00e4 kiinnitetty kellotauluun. Kellotaulun kulmissa oli piirretyt kukkaset. Kello kiinnitettiin villalangalla yl\u00e4reunasta sein\u00e4lle. Kello tehtiin vuonna 1956.<\/p>\n<p class=\"p1\">Toinen kello oli paperinker\u00e4yskello Stima. Paperia piti ker\u00e4t\u00e4 hirve\u00e4 m\u00e4\u00e4r\u00e4. Urakka kesti ainakin kaksi vuotta. Paperia haettiin liikkeist\u00e4, ihmisilt\u00e4, ovelta ovelle kyseltiin ja maitorattaisiin ker\u00e4ttiin. Tutut tiesiv\u00e4t jemmata ja niist\u00e4 tuli hyvi\u00e4 ker\u00e4yskohteita. Viikkolehti\u00e4 ei meinannut saada ollenkaan, ne s\u00e4ilytettiin vuosikymmeni\u00e4. Sanomalehti\u00e4 k\u00e4ytettiin vessassa ja poltettiin.<\/p>\n<p class=\"p1\">Paperit vietiin paikallisen osuuskauppa Sastamalan varastolle, jossa s\u00e4ilytettiin my\u00f6s lannoitteita. Haju on j\u00e4\u00e4nyt hyvin mieleen salpietarista. Varastomies otti paperia vastaan.<\/p>\n<p class=\"p1\">Lehdet punnittiin isolla vaa&#8217;alla. Paperilla ker\u00e4ttiin muutakin kuin kelloja, mutta se oli arvokkain lahja ja suurin urakka. Lis\u00e4ksi piti antaa rahaa.<\/p>\n<p class=\"p1\">Jonkin verran paperinker\u00e4ysseteleit\u00e4 j\u00e4i viel\u00e4 yli. Paperinker\u00e4yksen lopetin kun muutimme kauemmaksi.<\/p>\n<p class=\"p1\">Kello meni hajalle, kun avasin sen ja katsoin, miten se on tehty. T\u00e4t\u00e4 ennen kello kyll\u00e4 palveli monta vuotta.<\/p>\n<p>&nbsp;<\/p>\n<p class=\"p1\">Ville Pietil\u00e4<\/p>\n","protected":false},"excerpt":{"rendered":"<p>Ensimm\u00e4inen oma kelloni oli kansakoulun piirustustunnilla tekem\u00e4ni sein\u00e4kello, jossa taulu oli tehty pahvista ja pahviset osoittimet oli niitill\u00e4 kiinnitetty kellotauluun. Kellotaulun kulmissa oli piirretyt kukkaset. Kello kiinnitettiin villalangalla yl\u00e4reunasta sein\u00e4lle. Kello tehtiin vuonna 1956. Toinen kello oli paperinker\u00e4yskello Stima. Paperia piti ker\u00e4t\u00e4 hirve\u00e4 m\u00e4\u00e4r\u00e4. Urakka kesti ainakin kaksi vuotta. Paperia haettiin liikkeist\u00e4, ihmisilt\u00e4, ovelta ovelle [&hellip;]<\/p>\n","protected":false},"featured_media":0,"comment_status":"closed","ping_status":"closed","template":"","meta":[],"product_cat":[38],"product_tag":[36,63,62],"_links":{"self":[{"href":"https:\/\/www.kellomuseo.fi\/holvi\/wp-json\/wp\/v2\/product\/1547"}],"collection":[{"href":"https:\/\/www.kellomuseo.fi\/holvi\/wp-json\/wp\/v2\/product"}],"about":[{"href":"https:\/\/www.kellomuseo.fi\/holvi\/wp-json\/wp\/v2\/types\/product"}],"replies":[{"embeddable":true,"href":"https:\/\/www.kellomuseo.fi\/holvi\/wp-json\/wp\/v2\/comments?post=1547"}],"wp:attachment":[{"href":"https:\/\/www.kellomuseo.fi\/holvi\/wp-json\/wp\/v2\/media?parent=1547"}],"wp:term":[{"taxonomy":"product_cat","embeddable":true,"href":"https:\/\/www.kellomuseo.fi\/holvi\/wp-json\/wp\/v2\/product_cat?post=1547"},{"taxonomy":"product_tag","embeddable":true,"href":"https:\/\/www.kellomuseo.fi\/holvi\/wp-json\/wp\/v2\/product_tag?post=1547"}],"curies":[{"name":"wp","href":"https:\/\/api.w.org\/{rel}","templated":true}]}}