{"id":1546,"date":"2021-12-08T10:01:38","date_gmt":"2021-12-08T08:01:38","guid":{"rendered":"https:\/\/www.kellomuseo.fi\/holvi\/?post_type=product&#038;p=1546"},"modified":"2021-12-13T11:46:50","modified_gmt":"2021-12-13T09:46:50","slug":"enon-heratyskello","status":"publish","type":"product","link":"https:\/\/www.kellomuseo.fi\/holvi\/tuote\/enon-heratyskello\/","title":{"rendered":"Enon her\u00e4tyskello"},"content":{"rendered":"<p class=\"p1\">Naapurissa asuvalla enollani oli maailman upein her\u00e4tyskello. Kuparinen kello h\u00e4nen takkansa reunalla oli jotakin, jota minun piti aina p\u00e4\u00e4st\u00e4 ihailemaan, kun k\u00e4vin kyl\u00e4ss\u00e4. Kello ei tosin k\u00e4ynyt, mutta siin\u00e4 oli sit\u00e4 jotakin, jonka vain pieni tytt\u00f6 tiesi ja tunsi.<\/p>\n<p class=\"p1\">Kun t\u00e4ytin viisi vuotta, oli eno k\u00e4\u00e4rinyt kellon pakettiin ja toi sen minulle syntym\u00e4p\u00e4iv\u00e4lahjaksi. &#8221;Saat siit\u00e4 kellon leikkim\u00f6kkiisi&#8221;, h\u00e4n sanoi ja teki minusta maailman onnellisimman ihmisen.<\/p>\n<p class=\"p1\">Viedess\u00e4ni viel\u00e4 samana iltana kelloa m\u00f6kkiin, k\u00e4vi niin hassusti, ett\u00e4 kello lipsahti lattialle, mutta kuinka ollakaan, pudotuksen voimasta se l\u00e4hti k\u00e4yntiin. Riemullani ei ollut rajoja: Nyt minulla oli omassa leikkikodissani maailman kaunein kello, joka viel\u00e4p\u00e4 k\u00e4vi aikaa.<\/p>\n<p class=\"p1\">T\u00e4n\u00e4\u00e4n kello ei en\u00e4\u00e4 k\u00e4y, mutta leikkim\u00f6kki\u00e4 se koristaa yh\u00e4 odottaen lapsenlasteni ihastelevia katseita!<\/p>\n<p>&nbsp;<\/p>\n<p class=\"p1\">Anonyymi<\/p>\n","protected":false},"excerpt":{"rendered":"<p>Naapurissa asuvalla enollani oli maailman upein her\u00e4tyskello. Kuparinen kello h\u00e4nen takkansa reunalla oli jotakin, jota minun piti aina p\u00e4\u00e4st\u00e4 ihailemaan, kun k\u00e4vin kyl\u00e4ss\u00e4. Kello ei tosin k\u00e4ynyt, mutta siin\u00e4 oli sit\u00e4 jotakin, jonka vain pieni tytt\u00f6 tiesi ja tunsi. Kun t\u00e4ytin viisi vuotta, oli eno k\u00e4\u00e4rinyt kellon pakettiin ja toi sen minulle syntym\u00e4p\u00e4iv\u00e4lahjaksi. &#8221;Saat siit\u00e4 [&hellip;]<\/p>\n","protected":false},"featured_media":0,"comment_status":"closed","ping_status":"closed","template":"","meta":[],"product_cat":[38],"product_tag":[36,63,62],"_links":{"self":[{"href":"https:\/\/www.kellomuseo.fi\/holvi\/wp-json\/wp\/v2\/product\/1546"}],"collection":[{"href":"https:\/\/www.kellomuseo.fi\/holvi\/wp-json\/wp\/v2\/product"}],"about":[{"href":"https:\/\/www.kellomuseo.fi\/holvi\/wp-json\/wp\/v2\/types\/product"}],"replies":[{"embeddable":true,"href":"https:\/\/www.kellomuseo.fi\/holvi\/wp-json\/wp\/v2\/comments?post=1546"}],"wp:attachment":[{"href":"https:\/\/www.kellomuseo.fi\/holvi\/wp-json\/wp\/v2\/media?parent=1546"}],"wp:term":[{"taxonomy":"product_cat","embeddable":true,"href":"https:\/\/www.kellomuseo.fi\/holvi\/wp-json\/wp\/v2\/product_cat?post=1546"},{"taxonomy":"product_tag","embeddable":true,"href":"https:\/\/www.kellomuseo.fi\/holvi\/wp-json\/wp\/v2\/product_tag?post=1546"}],"curies":[{"name":"wp","href":"https:\/\/api.w.org\/{rel}","templated":true}]}}