{"id":1545,"date":"2021-12-08T10:01:09","date_gmt":"2021-12-08T08:01:09","guid":{"rendered":"https:\/\/www.kellomuseo.fi\/holvi\/?post_type=product&#038;p=1545"},"modified":"2021-12-13T11:46:36","modified_gmt":"2021-12-13T09:46:36","slug":"lahja-ennen-rippikirkkoon-lahtoa","status":"publish","type":"product","link":"https:\/\/www.kellomuseo.fi\/holvi\/tuote\/lahja-ennen-rippikirkkoon-lahtoa\/","title":{"rendered":"Lahja ennen rippikirkkoon l\u00e4ht\u00f6\u00e4"},"content":{"rendered":"<p class=\"p1\">Sain ensimm\u00e4isen kelloni kev\u00e4\u00e4ll\u00e4 1956 rippilahjaksi.<\/p>\n<p class=\"p1\">Se oli uusi rannekello merkki\u00e4 &#8221;Clinton&#8221; ja se lienee ostettu Virmanin kello- ja kultasep\u00e4nliikkeest\u00e4 Vihdin kirkonkyl\u00e4st\u00e4. Kellotaulu oli py\u00f6re\u00e4 ja siin\u00e4 luki merkin lis\u00e4ksi (muistaakseni) &#8221;16 jewels&#8221;. Kellon hihna oli vaaleanruskeata nahkaa. K\u00e4ytin sit\u00e4 vasemmassa ranteessa.<\/p>\n<p class=\"p1\">Kello taisi olla aika yleinen rippilahja siihen aikaan. \u00c4iti ja is\u00e4 antoivat sen lis\u00e4ksi korostuneen juhlavin saatesanoin ennen rippikirkkoon l\u00e4ht\u00f6\u00e4, mik\u00e4 painui mieleen. Se oli monelle nuorelle ensimm\u00e4inen arvolahja ja toimi jonkinlaisena aikuistumisen symbolina.<\/p>\n<p class=\"p1\">Pidin sit\u00e4 pitk\u00e4\u00e4n, koska siihen aikaan kellot kestiv\u00e4t pitk\u00e4\u00e4n. En muista, koska ja miten siit\u00e4 luovuin. Ensimm\u00e4isen kellon merkitt\u00e4vyys oli omaa luokkaansa, koska seuraavasta kellostani ei ole en\u00e4\u00e4 mink\u00e4\u00e4nlaista muistikuvaa. El\u00e4m\u00e4ss\u00e4ni on ollut monia rannekelloja ja ne ovat olleet ranteessa yleens\u00e4 &#8221;kellon ymp\u00e4ri&#8221;. K\u00e4nnykk\u00e4kausi on nyttemmin v\u00e4hent\u00e4nyt huomattavasti rannekelloriippuvuutta. Useita erityyppisi\u00e4 rannekelloja on silti jatkuvasti k\u00e4yt\u00f6ss\u00e4ni paljolti kuitenkin asusteen ominaisuudessa.<\/p>\n<p>&nbsp;<\/p>\n<p class=\"p3\">Anonyymi<\/p>\n","protected":false},"excerpt":{"rendered":"<p>Sain ensimm\u00e4isen kelloni kev\u00e4\u00e4ll\u00e4 1956 rippilahjaksi. Se oli uusi rannekello merkki\u00e4 &#8221;Clinton&#8221; ja se lienee ostettu Virmanin kello- ja kultasep\u00e4nliikkeest\u00e4 Vihdin kirkonkyl\u00e4st\u00e4. Kellotaulu oli py\u00f6re\u00e4 ja siin\u00e4 luki merkin lis\u00e4ksi (muistaakseni) &#8221;16 jewels&#8221;. Kellon hihna oli vaaleanruskeata nahkaa. K\u00e4ytin sit\u00e4 vasemmassa ranteessa. Kello taisi olla aika yleinen rippilahja siihen aikaan. \u00c4iti ja is\u00e4 antoivat sen [&hellip;]<\/p>\n","protected":false},"featured_media":0,"comment_status":"closed","ping_status":"closed","template":"","meta":[],"product_cat":[38],"product_tag":[36,63,62],"_links":{"self":[{"href":"https:\/\/www.kellomuseo.fi\/holvi\/wp-json\/wp\/v2\/product\/1545"}],"collection":[{"href":"https:\/\/www.kellomuseo.fi\/holvi\/wp-json\/wp\/v2\/product"}],"about":[{"href":"https:\/\/www.kellomuseo.fi\/holvi\/wp-json\/wp\/v2\/types\/product"}],"replies":[{"embeddable":true,"href":"https:\/\/www.kellomuseo.fi\/holvi\/wp-json\/wp\/v2\/comments?post=1545"}],"wp:attachment":[{"href":"https:\/\/www.kellomuseo.fi\/holvi\/wp-json\/wp\/v2\/media?parent=1545"}],"wp:term":[{"taxonomy":"product_cat","embeddable":true,"href":"https:\/\/www.kellomuseo.fi\/holvi\/wp-json\/wp\/v2\/product_cat?post=1545"},{"taxonomy":"product_tag","embeddable":true,"href":"https:\/\/www.kellomuseo.fi\/holvi\/wp-json\/wp\/v2\/product_tag?post=1545"}],"curies":[{"name":"wp","href":"https:\/\/api.w.org\/{rel}","templated":true}]}}