{"id":1544,"date":"2021-12-08T10:00:26","date_gmt":"2021-12-08T08:00:26","guid":{"rendered":"https:\/\/www.kellomuseo.fi\/holvi\/?post_type=product&#038;p=1544"},"modified":"2021-12-13T11:46:21","modified_gmt":"2021-12-13T09:46:21","slug":"kellonaikaoppia","status":"publish","type":"product","link":"https:\/\/www.kellomuseo.fi\/holvi\/tuote\/kellonaikaoppia\/","title":{"rendered":"Kellonaikaoppia"},"content":{"rendered":"<p class=\"p1\">Ensimm\u00e4isen kelloni sain is\u00e4lt\u00e4ni noin 4-vuotiaana opetellessani kellonaikoja. Kellossa on keltainen nahkaranneke ja kellotaulussa ihastuttava leijona (horoskooppimerkkini mukaan). Kello t\u00e4ytyi aina vet\u00e4\u00e4 aikaan, mutta lapsena se oli vain hauskaa:) K\u00e4den kasvaessa kello vaihtui modernimpaan, paristoilla toimivaan. &#8221;Leijonakello&#8221; on minulla edelleen tallessa. Odotan parhaillaan esikoistani ja hyvin todenn\u00e4k\u00f6isesti h\u00e4n saa kelloni tullessaan siihen ik\u00e4\u00e4n, ett\u00e4 on h\u00e4nen vuoronsa kellonaikoja opetella.<\/p>\n<p>&nbsp;<\/p>\n<p class=\"p3\">Anonyymi<\/p>\n","protected":false},"excerpt":{"rendered":"<p>Ensimm\u00e4isen kelloni sain is\u00e4lt\u00e4ni noin 4-vuotiaana opetellessani kellonaikoja. Kellossa on keltainen nahkaranneke ja kellotaulussa ihastuttava leijona (horoskooppimerkkini mukaan). Kello t\u00e4ytyi aina vet\u00e4\u00e4 aikaan, mutta lapsena se oli vain hauskaa:) K\u00e4den kasvaessa kello vaihtui modernimpaan, paristoilla toimivaan. &#8221;Leijonakello&#8221; on minulla edelleen tallessa. Odotan parhaillaan esikoistani ja hyvin todenn\u00e4k\u00f6isesti h\u00e4n saa kelloni tullessaan siihen ik\u00e4\u00e4n, ett\u00e4 on [&hellip;]<\/p>\n","protected":false},"featured_media":0,"comment_status":"closed","ping_status":"closed","template":"","meta":[],"product_cat":[38],"product_tag":[36,63,62],"_links":{"self":[{"href":"https:\/\/www.kellomuseo.fi\/holvi\/wp-json\/wp\/v2\/product\/1544"}],"collection":[{"href":"https:\/\/www.kellomuseo.fi\/holvi\/wp-json\/wp\/v2\/product"}],"about":[{"href":"https:\/\/www.kellomuseo.fi\/holvi\/wp-json\/wp\/v2\/types\/product"}],"replies":[{"embeddable":true,"href":"https:\/\/www.kellomuseo.fi\/holvi\/wp-json\/wp\/v2\/comments?post=1544"}],"wp:attachment":[{"href":"https:\/\/www.kellomuseo.fi\/holvi\/wp-json\/wp\/v2\/media?parent=1544"}],"wp:term":[{"taxonomy":"product_cat","embeddable":true,"href":"https:\/\/www.kellomuseo.fi\/holvi\/wp-json\/wp\/v2\/product_cat?post=1544"},{"taxonomy":"product_tag","embeddable":true,"href":"https:\/\/www.kellomuseo.fi\/holvi\/wp-json\/wp\/v2\/product_tag?post=1544"}],"curies":[{"name":"wp","href":"https:\/\/api.w.org\/{rel}","templated":true}]}}