{"id":1543,"date":"2021-12-08T10:00:03","date_gmt":"2021-12-08T08:00:03","guid":{"rendered":"https:\/\/www.kellomuseo.fi\/holvi\/?post_type=product&#038;p=1543"},"modified":"2021-12-13T11:35:52","modified_gmt":"2021-12-13T09:35:52","slug":"kellonaikoja-harjoiteltiin-ennen-koulun-alkua","status":"publish","type":"product","link":"https:\/\/www.kellomuseo.fi\/holvi\/tuote\/kellonaikoja-harjoiteltiin-ennen-koulun-alkua\/","title":{"rendered":"Kellonaikoja harjoiteltiin ennen koulun alkua"},"content":{"rendered":"<p class=\"p1\">Sain ensimm\u00e4isen kelloni jouluna -89, siin\u00e4 oli puoli vuotta ennen kouluun menoa. Minun puolitoistavuotta nuorempi veljeni sai samanlaisen. Min\u00e4 olin juuri t\u00e4ytt\u00e4nyt kuusi ja kellon saaminen oli iso asia, merkkin\u00e4 siit\u00e4 ett\u00e4 oltiin jo v\u00e4h\u00e4n isompia ja kohta koului\u00e4ss\u00e4. Vanhemmat olivatkin sit\u00e4 mielt\u00e4, ett\u00e4 kellonajat piti oppia tuntemaan ennen kouluunmenoa niin, ett\u00e4 osasimme sitten menn\u00e4 tunnille ajoissa. Mik\u00e4\u00e4n ongelma se ei tietenk\u00e4\u00e4n ollut, aikaa kun oli yli puoli vuotta!<\/p>\n<p class=\"p1\">Kaitpa kellon saaminen oli jonkinlainen kasvuriitti, koska vanhemmat tekiv\u00e4t siit\u00e4 niin suuren numeron. Koska kellot olivat kallista merkki\u00e4 (Leijona), niit\u00e4 pidettiin ehdottomasti arvotavarana, jota ei saanut k\u00e4sitell\u00e4 miten tahansa, vaan niist\u00e4 piti pit\u00e4\u00e4 eritt\u00e4in hyv\u00e4\u00e4 huolta. Ennen kouluun menoa niit\u00e4 oikeastaan saikin k\u00e4ytt\u00e4\u00e4 vain silloin kun opetteli kellonaikoja ja t\u00e4rkein\u00e4 p\u00e4ivin\u00e4. T\u00e4st\u00e4 syyst\u00e4 kellonajatkin p\u00e4\u00e4siv\u00e4t unohtumaan ainakin kerran ennen kuin kello tuli aivan todella jokap\u00e4iv\u00e4iseen k\u00e4ytt\u00f6\u00f6n koulunk\u00e4ynnin my\u00f6t\u00e4. Kellonk\u00e4ytt\u00f6kielto teki kellosta v\u00e4h\u00e4n niin kuin kielletyn hedelm\u00e4n, joka kiehtoi pitk\u00e4\u00e4n. Kello arkip\u00e4iv\u00e4istyi vasta pitk\u00e4ll\u00e4 ensimm\u00e4ist\u00e4 luokkaa, jota velipoika joutui tietysti odottamaan paljon kauemmin kuin min\u00e4. Tai, ehk\u00e4 se ei ole arkip\u00e4iv\u00e4istynyt koskaan. Nyt kun olen vuosikausia k\u00e4ytt\u00e4nyt kelloja, jotka maksavat suunnilleen yht\u00e4 paljon kuin paristonvaihto, voin t\u00e4ydell\u00e4 syyll\u00e4 sanoa, ett\u00e4 paremmissa kelloissa on edelleen oma lumonsa. Niiden metallipinta ei v\u00e4rj\u00e4ydy ja tuntuu, ett\u00e4 niiss\u00e4 on muutenkin oma hohteensa. Tai kenties kyse on vain siit\u00e4, ett\u00e4 kielletty, kallis hedelm\u00e4 vain maistuu paremmalta?<\/p>\n<p class=\"p1\">Ensimm\u00e4isest\u00e4 kellosta luopuminen k\u00e4vi kuitenkin ik\u00e4viss\u00e4 merkeiss\u00e4. Se hajosi koulukiusaajien vuoksi kev\u00e4\u00e4ll\u00e4 -96. Vaikka \u00e4iti ostikin sen tilalle toisen melkein samanlaisen, joka my\u00f6hemmin varastettiin, sill\u00e4kin kertaa koulussa, ei se en\u00e4\u00e4 ollut sama kello. Kenties olisin halunnut saada rikkin\u00e4isenkin kellon takaisin sen sijaan, ett\u00e4 se j\u00e4i kelloliikkeeseen, tied\u00e4 h\u00e4nt\u00e4.<span class=\"Apple-converted-space\">\u00a0<\/span><\/p>\n<p>&nbsp;<\/p>\n<p class=\"p3\">Anonyymi<\/p>\n","protected":false},"excerpt":{"rendered":"<p>Sain ensimm\u00e4isen kelloni jouluna -89, siin\u00e4 oli puoli vuotta ennen kouluun menoa. Minun puolitoistavuotta nuorempi veljeni sai samanlaisen. Min\u00e4 olin juuri t\u00e4ytt\u00e4nyt kuusi ja kellon saaminen oli iso asia, merkkin\u00e4 siit\u00e4 ett\u00e4 oltiin jo v\u00e4h\u00e4n isompia ja kohta koului\u00e4ss\u00e4. Vanhemmat olivatkin sit\u00e4 mielt\u00e4, ett\u00e4 kellonajat piti oppia tuntemaan ennen kouluunmenoa niin, ett\u00e4 osasimme sitten menn\u00e4 [&hellip;]<\/p>\n","protected":false},"featured_media":0,"comment_status":"closed","ping_status":"closed","template":"","meta":[],"product_cat":[38],"product_tag":[36,63,62],"_links":{"self":[{"href":"https:\/\/www.kellomuseo.fi\/holvi\/wp-json\/wp\/v2\/product\/1543"}],"collection":[{"href":"https:\/\/www.kellomuseo.fi\/holvi\/wp-json\/wp\/v2\/product"}],"about":[{"href":"https:\/\/www.kellomuseo.fi\/holvi\/wp-json\/wp\/v2\/types\/product"}],"replies":[{"embeddable":true,"href":"https:\/\/www.kellomuseo.fi\/holvi\/wp-json\/wp\/v2\/comments?post=1543"}],"wp:attachment":[{"href":"https:\/\/www.kellomuseo.fi\/holvi\/wp-json\/wp\/v2\/media?parent=1543"}],"wp:term":[{"taxonomy":"product_cat","embeddable":true,"href":"https:\/\/www.kellomuseo.fi\/holvi\/wp-json\/wp\/v2\/product_cat?post=1543"},{"taxonomy":"product_tag","embeddable":true,"href":"https:\/\/www.kellomuseo.fi\/holvi\/wp-json\/wp\/v2\/product_tag?post=1543"}],"curies":[{"name":"wp","href":"https:\/\/api.w.org\/{rel}","templated":true}]}}