{"id":1541,"date":"2021-12-08T09:58:46","date_gmt":"2021-12-08T07:58:46","guid":{"rendered":"https:\/\/www.kellomuseo.fi\/holvi\/?post_type=product&#038;p=1541"},"modified":"2021-12-13T11:35:41","modified_gmt":"2021-12-13T09:35:41","slug":"kello-hanna-tadilta","status":"publish","type":"product","link":"https:\/\/www.kellomuseo.fi\/holvi\/tuote\/kello-hanna-tadilta\/","title":{"rendered":"Kello Hanna-t\u00e4dilt\u00e4"},"content":{"rendered":"<p class=\"p1\">Sain ensimm\u00e4isen kelloni vuonna 1973, kun menin kansakoulun ensimm\u00e4iselle luokalle (6v.). Sen lahjoitti Hanna-t\u00e4ti, joka oli k\u00e4yt\u00e4nn\u00f6llisesti katsoen sukulainen. H\u00e4n oli tullut pienen\u00e4 tytt\u00f6n\u00e4 Raahesta Kirkkonummelle piiaksi \u00e4itini kotitaloon.<\/p>\n<p class=\"p1\">Kello oli Leijona \u2013merkkinen ja siin\u00e4 oli 17 kive\u00e4. Pohjassa numero 31533. Sama kello on ranteessani edelleen. Hyvin toimiin.<\/p>\n<p class=\"p1\">Joskus 80-90-lukujen vaihteessa ostin Lepp\u00e4vaaran Maxi-marketista digitaalikellon, koska hinta oli niin edullinen: 2 mk. Kello kyll\u00e4 k\u00e4vi, mutta sen napit eiv\u00e4t toimineet, joten sit\u00e4 ei voinut s\u00e4\u00e4t\u00e4\u00e4 oikeaan aikaan, joten se kello j\u00e4i sitten k\u00e4ytt\u00e4m\u00e4tt\u00e4. En viitsinyt palauttaa sit\u00e4, koska junamatka olisi ollut kalliimpi kuin kello.<span class=\"Apple-converted-space\">\u00a0<\/span><\/p>\n<p class=\"p1\">T\u00e4m\u00e4 Leijona, joka on siis ensimm\u00e4inen ja ainoa kelloni, on ollut korjattavana muutaman kerran. Siit\u00e4 on vaihdettu kaikki paitsi koneisto. Runko piti vaihtaa, koska yksi reik\u00e4, johon hihnan tappi tulee, kului niin suureksi, ett\u00e4 se repesi auki ja tappi irtosi. Puhdistukseen kello pit\u00e4\u00e4 vied\u00e4, kun se alkaa edist\u00e4\u00e4 liikaa.<\/p>\n<p class=\"p1\">Aiemmin k\u00e4ytin nahkahihnoja, mutta ne piti uusia aina vuoden parin v\u00e4lein. Viimeisen nahkahihnan ostin Boln\u00e4sin markkinoilta Ruotsista 2002. Kun se kului loppuun, aloin k\u00e4ytt\u00e4\u00e4 omaa patenttia: sukkahousuista (mustista) leikataan 3 cm leve\u00e4 viipale. Se venytet\u00e4\u00e4n, taitetaan 3-kerroin ja asetetaan hihnatappien alle. Se ei hiosta ja kest\u00e4\u00e4 vuosikaudet sek\u00e4 on k\u00e4yt\u00e4nn\u00f6llisesti katsoen ilmainen.<span class=\"Apple-converted-space\">\u00a0<\/span><\/p>\n<p>&nbsp;<\/p>\n<p class=\"p3\">Anonyymi<\/p>\n","protected":false},"excerpt":{"rendered":"<p>Sain ensimm\u00e4isen kelloni vuonna 1973, kun menin kansakoulun ensimm\u00e4iselle luokalle (6v.). Sen lahjoitti Hanna-t\u00e4ti, joka oli k\u00e4yt\u00e4nn\u00f6llisesti katsoen sukulainen. H\u00e4n oli tullut pienen\u00e4 tytt\u00f6n\u00e4 Raahesta Kirkkonummelle piiaksi \u00e4itini kotitaloon. Kello oli Leijona \u2013merkkinen ja siin\u00e4 oli 17 kive\u00e4. Pohjassa numero 31533. Sama kello on ranteessani edelleen. Hyvin toimiin. Joskus 80-90-lukujen vaihteessa ostin Lepp\u00e4vaaran Maxi-marketista digitaalikellon, [&hellip;]<\/p>\n","protected":false},"featured_media":0,"comment_status":"closed","ping_status":"closed","template":"","meta":[],"product_cat":[38],"product_tag":[36,63,62],"_links":{"self":[{"href":"https:\/\/www.kellomuseo.fi\/holvi\/wp-json\/wp\/v2\/product\/1541"}],"collection":[{"href":"https:\/\/www.kellomuseo.fi\/holvi\/wp-json\/wp\/v2\/product"}],"about":[{"href":"https:\/\/www.kellomuseo.fi\/holvi\/wp-json\/wp\/v2\/types\/product"}],"replies":[{"embeddable":true,"href":"https:\/\/www.kellomuseo.fi\/holvi\/wp-json\/wp\/v2\/comments?post=1541"}],"wp:attachment":[{"href":"https:\/\/www.kellomuseo.fi\/holvi\/wp-json\/wp\/v2\/media?parent=1541"}],"wp:term":[{"taxonomy":"product_cat","embeddable":true,"href":"https:\/\/www.kellomuseo.fi\/holvi\/wp-json\/wp\/v2\/product_cat?post=1541"},{"taxonomy":"product_tag","embeddable":true,"href":"https:\/\/www.kellomuseo.fi\/holvi\/wp-json\/wp\/v2\/product_tag?post=1541"}],"curies":[{"name":"wp","href":"https:\/\/api.w.org\/{rel}","templated":true}]}}