{"id":1540,"date":"2021-12-08T09:57:08","date_gmt":"2021-12-08T07:57:08","guid":{"rendered":"https:\/\/www.kellomuseo.fi\/holvi\/?post_type=product&#038;p=1540"},"modified":"2021-12-13T11:45:25","modified_gmt":"2021-12-13T09:45:25","slug":"kouluun-ilman-saattajaa-3","status":"publish","type":"product","link":"https:\/\/www.kellomuseo.fi\/holvi\/tuote\/kouluun-ilman-saattajaa-3\/","title":{"rendered":"Leijona-kello rippilahjaksi"},"content":{"rendered":"<p class=\"p1\">Olen 54-vuotias, Pohjois-Karjalassa kaivosmiehen perheen nelj\u00e4nneksi, nuorimmaiseksi lapseksi syntynyt. Elinolosuhteet olivat maaseudulla vaatimattomat ja rahaa oli niukasti k\u00e4yt\u00f6ss\u00e4. Siihen aikaan oli tapana, ett\u00e4 pojat saivat rippilahjaksi ensimm\u00e4isen kellonsa. Niin my\u00f6s min\u00e4 sain rippipyh\u00e4n\u00e4 kiinnitt\u00e4\u00e4 ranteeseeni upouuden Leijona-merkkisen kellon. Tunne oli mahtava ja varsinkin poikaporukoissa kelloja vertailtiin ja niill\u00e4 ylpeiltiin. Kelloon kuuluva nahkaranneke kului pian kovassa k\u00e4yt\u00f6ss\u00e4 ja seuraavaksi hankin siihen pest\u00e4v\u00e4ksikin soveltuvan, pujotettavan \u201dnailonrannekkeen\u201d. Seuraava ranneke olikin jo taas leve\u00e4, niittikoristeinen nahkaranneke, jollaiset olivat muotia 1970-luvun alkupuolella ensimm\u00e4ist\u00e4 kertaa.<\/p>\n<p class=\"p1\">Leijona-kello oli varsin kest\u00e4v\u00e4, perusmalliltaan vedett\u00e4v\u00e4. Ajassa se pysyi perin hyvin, tarkistus tapahtui radion \u00e4\u00e4nimerkist\u00e4 silloin t\u00e4ll\u00f6in. Ongelmana oli vesitiiviys, lasikuvun alle kertyi kosteutta, joka tiivistyi keskelle kupua l\u00e4pin\u00e4kym\u00e4tt\u00f6m\u00e4ksi h\u00f6yryksi. Kellohan oli valmistajan mukaa vesitiivis, ilmeisesti murrosik\u00e4isten nuorukaisten leikit kuitenkin olivat liian rajuja ja kelloa ei aina muistettu riisua esim. uimaan menness\u00e4.<\/p>\n<p class=\"p1\">Aikuisilla, vanhemmilla miehill\u00e4, kellona tuohon aikaan oli usein viel\u00e4 taskukello, eli \u201dtaskunauris\u201d, kuten ko. kellotyyppi\u00e4 nimitettiin. Rannekellot yleistyiv\u00e4t heid\u00e4n keskuudessaan verkkaan ja tyypillist\u00e4 merkkip\u00e4iv\u00e4- tai palveluvuosilahjaakin, eli rannekelloa pidettiin useimmiten piirongin laatikossa ja arkikellona toimi perinteinen taskukello vitjoineen. <span class=\"Apple-converted-space\">\u00a0<\/span><\/p>\n<p class=\"p3\">Pekka Laakkonen<\/p>\n","protected":false},"excerpt":{"rendered":"<p>Olen 54-vuotias, Pohjois-Karjalassa kaivosmiehen perheen nelj\u00e4nneksi, nuorimmaiseksi lapseksi syntynyt. Elinolosuhteet olivat maaseudulla vaatimattomat ja rahaa oli niukasti k\u00e4yt\u00f6ss\u00e4. Siihen aikaan oli tapana, ett\u00e4 pojat saivat rippilahjaksi ensimm\u00e4isen kellonsa. Niin my\u00f6s min\u00e4 sain rippipyh\u00e4n\u00e4 kiinnitt\u00e4\u00e4 ranteeseeni upouuden Leijona-merkkisen kellon. Tunne oli mahtava ja varsinkin poikaporukoissa kelloja vertailtiin ja niill\u00e4 ylpeiltiin. Kelloon kuuluva nahkaranneke kului pian kovassa [&hellip;]<\/p>\n","protected":false},"featured_media":0,"comment_status":"closed","ping_status":"closed","template":"","meta":[],"product_cat":[38],"product_tag":[36,63,62],"_links":{"self":[{"href":"https:\/\/www.kellomuseo.fi\/holvi\/wp-json\/wp\/v2\/product\/1540"}],"collection":[{"href":"https:\/\/www.kellomuseo.fi\/holvi\/wp-json\/wp\/v2\/product"}],"about":[{"href":"https:\/\/www.kellomuseo.fi\/holvi\/wp-json\/wp\/v2\/types\/product"}],"replies":[{"embeddable":true,"href":"https:\/\/www.kellomuseo.fi\/holvi\/wp-json\/wp\/v2\/comments?post=1540"}],"wp:attachment":[{"href":"https:\/\/www.kellomuseo.fi\/holvi\/wp-json\/wp\/v2\/media?parent=1540"}],"wp:term":[{"taxonomy":"product_cat","embeddable":true,"href":"https:\/\/www.kellomuseo.fi\/holvi\/wp-json\/wp\/v2\/product_cat?post=1540"},{"taxonomy":"product_tag","embeddable":true,"href":"https:\/\/www.kellomuseo.fi\/holvi\/wp-json\/wp\/v2\/product_tag?post=1540"}],"curies":[{"name":"wp","href":"https:\/\/api.w.org\/{rel}","templated":true}]}}