{"id":1539,"date":"2021-12-08T09:56:08","date_gmt":"2021-12-08T07:56:08","guid":{"rendered":"https:\/\/www.kellomuseo.fi\/holvi\/?post_type=product&#038;p=1539"},"modified":"2021-12-13T11:35:12","modified_gmt":"2021-12-13T09:35:12","slug":"kouluun-ilman-saattajaa-2","status":"publish","type":"product","link":"https:\/\/www.kellomuseo.fi\/holvi\/tuote\/kouluun-ilman-saattajaa-2\/","title":{"rendered":"Muisto kellosepp\u00e4-enolta"},"content":{"rendered":"<p class=\"p1\">Sain ensimm\u00e4isen kelloni vuonna 1959, kun p\u00e4\u00e4sin kansakoulun toiselle luokalle. Enoni oli kellosepp\u00e4 ja t\u00e4m\u00e4 oli h\u00e4nen tapansa palkita ja kannustaa minua \u2013 ja todenn\u00e4k\u00f6isesti muitakin suvun lapsia samalla tavalla. Kello oli aivan uusi. Siin\u00e4 oli punainen nahkaranneke, sen muistan tarkkaan. Muistelen, ett\u00e4 kello olisi ollut Leijona \u2013merkkinen ja kultadubleeta. Se sana on j\u00e4\u00e4nyt mieleeni, mutta aivan varma en ole. Olin min\u00e4 hyvin iloinen kellostani. Ei kaikilla luokkatovereillani sellaista suinkaan ollut. Ei kello kuitenkaan mik\u00e4\u00e4n ylpeyden aihe. Se liittyi niin luontevasti enoon ja on edelleenkin yksi h\u00e4neen liittyvist\u00e4 hyvist\u00e4 muistoista.<\/p>\n<p class=\"p1\">Olen aina pit\u00e4nyt kelloista. Minulla on ollut hyvi\u00e4 kelloja ja niiden joukossa aina suosikkini. Jopa aivan ensimm\u00e4inen muistikuvani liittyy kelloihin ja kellosep\u00e4nliikkeeseen, sill\u00e4 isois\u00e4nikin oli kellosepp\u00e4.<\/p>\n<p class=\"p1\">Kun ensimm\u00e4inen kelloni meni rikki, enoni vaihtoi sen uuteen, samoin seuraavan, joten ensimm\u00e4ist\u00e4 kelloani ei valitettavasti en\u00e4\u00e4 ole.<\/p>\n<p>&nbsp;<\/p>\n<p class=\"p1\">Anonyymi<\/p>\n","protected":false},"excerpt":{"rendered":"<p>Sain ensimm\u00e4isen kelloni vuonna 1959, kun p\u00e4\u00e4sin kansakoulun toiselle luokalle. Enoni oli kellosepp\u00e4 ja t\u00e4m\u00e4 oli h\u00e4nen tapansa palkita ja kannustaa minua \u2013 ja todenn\u00e4k\u00f6isesti muitakin suvun lapsia samalla tavalla. Kello oli aivan uusi. Siin\u00e4 oli punainen nahkaranneke, sen muistan tarkkaan. Muistelen, ett\u00e4 kello olisi ollut Leijona \u2013merkkinen ja kultadubleeta. Se sana on j\u00e4\u00e4nyt mieleeni, [&hellip;]<\/p>\n","protected":false},"featured_media":0,"comment_status":"closed","ping_status":"closed","template":"","meta":[],"product_cat":[38],"product_tag":[36,63,62],"_links":{"self":[{"href":"https:\/\/www.kellomuseo.fi\/holvi\/wp-json\/wp\/v2\/product\/1539"}],"collection":[{"href":"https:\/\/www.kellomuseo.fi\/holvi\/wp-json\/wp\/v2\/product"}],"about":[{"href":"https:\/\/www.kellomuseo.fi\/holvi\/wp-json\/wp\/v2\/types\/product"}],"replies":[{"embeddable":true,"href":"https:\/\/www.kellomuseo.fi\/holvi\/wp-json\/wp\/v2\/comments?post=1539"}],"wp:attachment":[{"href":"https:\/\/www.kellomuseo.fi\/holvi\/wp-json\/wp\/v2\/media?parent=1539"}],"wp:term":[{"taxonomy":"product_cat","embeddable":true,"href":"https:\/\/www.kellomuseo.fi\/holvi\/wp-json\/wp\/v2\/product_cat?post=1539"},{"taxonomy":"product_tag","embeddable":true,"href":"https:\/\/www.kellomuseo.fi\/holvi\/wp-json\/wp\/v2\/product_tag?post=1539"}],"curies":[{"name":"wp","href":"https:\/\/api.w.org\/{rel}","templated":true}]}}