{"id":1537,"date":"2021-12-08T09:55:43","date_gmt":"2021-12-08T07:55:43","guid":{"rendered":"https:\/\/www.kellomuseo.fi\/holvi\/?post_type=product&#038;p=1537"},"modified":"2021-12-13T11:35:00","modified_gmt":"2021-12-13T09:35:00","slug":"kello-aina-mukana","status":"publish","type":"product","link":"https:\/\/www.kellomuseo.fi\/holvi\/tuote\/kello-aina-mukana\/","title":{"rendered":"Kello aina mukana"},"content":{"rendered":"<p class=\"p1\">Oli 8-vuotissyntym\u00e4p\u00e4iv\u00e4ni vuonna 1975 ja k\u00e4dess\u00e4ni \u00e4itini ojentama pieni suorakaiteen muotoinen paketti, joka antoi jo vinkin siit\u00e4, mit\u00e4 lahja piti sis\u00e4ll\u00e4\u00e4n. Silti avasin paketin j\u00e4nnittyneen\u00e4 yst\u00e4vieni seuratessa vierell\u00e4ni. Ja siin\u00e4 se oli: Leijona \u2013merkkinen rannekello, jossa punainen nahkaranneke \u2013 unelmieni t\u00e4yttymys! Tunsin suurta mielihyv\u00e4\u00e4 ja riemua katsellessani kelloliikkeen leimalla varustettua l\u00e4pin\u00e4kyv\u00e4\u00e4 koteloa, jonka samettisiin alustaan kello oli kiinnitettyn\u00e4. Varovasti otin kellon ja kiinnitin ranteeseeni. Nahkaranneke oli viel\u00e4 hieman liian suuri hentoon ranteeseeni, mutta silti oma oikea kello sai minut tuntemaan itseni t\u00e4rke\u00e4ksi ja l\u00e4hestulkoon aikuiseksi. Kelloni sai my\u00f6s ansaittua ihailua yst\u00e4vilt\u00e4ni ja sukulaisiltani.<span class=\"Apple-converted-space\">\u00a0<\/span><\/p>\n<p class=\"p1\">T\u00e4t\u00e4 ensimm\u00e4ist\u00e4 kelloani k\u00e4ytin aina rippikouluik\u00e4\u00e4ni asti, jolloin mielest\u00e4ni kello oli \u201dlapsellinen\u201d ja sain rippilahjaksi uuden, kultatublee -korukellon. Silti tuo ensimm\u00e4inen kelloni on pysynyt hellytt\u00e4v\u00e4n\u00e4 muistona ensimm\u00e4isest\u00e4 aikuismaisesta lahjasta. S\u00e4\u00e4li, ett\u00e4 kello on vuosien my\u00f6t\u00e4 kadonnut useiden muuttojen ja el\u00e4m\u00e4nvaiheiden saatossa.<\/p>\n<p class=\"p1\">Liek\u00f6 ensimm\u00e4isen kelloni tuottaman suuren merkityksen, mutta en voisi el\u00e4\u00e4 ilman kelloa ja etenk\u00e4\u00e4n rannekelloa, joita nyky\u00e4\u00e4n onkin ker\u00e4\u00e4ntynyt useampi kappale. Voisi jopa sanoa, ett\u00e4 olen jossakin m\u00e4\u00e4rin addiktoitunut kellonaikoihjn, enk\u00e4 pysty j\u00e4rjest\u00e4m\u00e4\u00e4n el\u00e4m\u00e4\u00e4ni ilman mukanani kulkevaa kelloa.<span class=\"Apple-converted-space\">\u00a0<\/span><\/p>\n<p>&nbsp;<\/p>\n<p class=\"p1\">Paula Hyv\u00f6nen<\/p>\n","protected":false},"excerpt":{"rendered":"<p>Oli 8-vuotissyntym\u00e4p\u00e4iv\u00e4ni vuonna 1975 ja k\u00e4dess\u00e4ni \u00e4itini ojentama pieni suorakaiteen muotoinen paketti, joka antoi jo vinkin siit\u00e4, mit\u00e4 lahja piti sis\u00e4ll\u00e4\u00e4n. Silti avasin paketin j\u00e4nnittyneen\u00e4 yst\u00e4vieni seuratessa vierell\u00e4ni. Ja siin\u00e4 se oli: Leijona \u2013merkkinen rannekello, jossa punainen nahkaranneke \u2013 unelmieni t\u00e4yttymys! Tunsin suurta mielihyv\u00e4\u00e4 ja riemua katsellessani kelloliikkeen leimalla varustettua l\u00e4pin\u00e4kyv\u00e4\u00e4 koteloa, jonka samettisiin alustaan [&hellip;]<\/p>\n","protected":false},"featured_media":0,"comment_status":"closed","ping_status":"closed","template":"","meta":[],"product_cat":[38],"product_tag":[36,63,62],"_links":{"self":[{"href":"https:\/\/www.kellomuseo.fi\/holvi\/wp-json\/wp\/v2\/product\/1537"}],"collection":[{"href":"https:\/\/www.kellomuseo.fi\/holvi\/wp-json\/wp\/v2\/product"}],"about":[{"href":"https:\/\/www.kellomuseo.fi\/holvi\/wp-json\/wp\/v2\/types\/product"}],"replies":[{"embeddable":true,"href":"https:\/\/www.kellomuseo.fi\/holvi\/wp-json\/wp\/v2\/comments?post=1537"}],"wp:attachment":[{"href":"https:\/\/www.kellomuseo.fi\/holvi\/wp-json\/wp\/v2\/media?parent=1537"}],"wp:term":[{"taxonomy":"product_cat","embeddable":true,"href":"https:\/\/www.kellomuseo.fi\/holvi\/wp-json\/wp\/v2\/product_cat?post=1537"},{"taxonomy":"product_tag","embeddable":true,"href":"https:\/\/www.kellomuseo.fi\/holvi\/wp-json\/wp\/v2\/product_tag?post=1537"}],"curies":[{"name":"wp","href":"https:\/\/api.w.org\/{rel}","templated":true}]}}