{"id":1536,"date":"2021-12-08T09:54:09","date_gmt":"2021-12-08T07:54:09","guid":{"rendered":"https:\/\/www.kellomuseo.fi\/holvi\/?post_type=product&#038;p=1536"},"modified":"2021-12-13T11:34:49","modified_gmt":"2021-12-13T09:34:49","slug":"kelloja-joka-lahtoon","status":"publish","type":"product","link":"https:\/\/www.kellomuseo.fi\/holvi\/tuote\/kelloja-joka-lahtoon\/","title":{"rendered":"Kelloja joka l\u00e4ht\u00f6\u00f6n"},"content":{"rendered":"<p class=\"p1\">Sain ensimm\u00e4isen Leijona \u2013merkkisen pikkutytt\u00f6jen (naistenkello ilmeisesti) kellon is\u00e4lt\u00e4ni seitsem\u00e4nvuotiaana ekaluokkalaisena Lahdessa Asemantaustassa asuessamme ja vuosi oli 1958 ja olot k\u00f6yh\u00e4t kuten kyll\u00e4 koko naapurustossakin. Ei silloin paljoa lahjoja lapsillekaan osteltu ja muistaakseni kell\u00e4\u00e4n muulla ei viel\u00e4 ollut omaa rannekelloa kaveri- ja tuttavapiiriss\u00e4. Se oli iso asia ja se, ett\u00e4 is\u00e4 oli p\u00e4\u00e4tt\u00e4nyt sen minulle ostaa ihan noin vain, vaikka talous oli tiukalla. Osasin arvostaa uutta lahjaani kovasti ja yst\u00e4v\u00e4tt\u00e4ret kateellisina katsoivat oikeaa, ikiomaa rannekelloa (tai muistan niin siis koin ainakin).<\/p>\n<p class=\"p1\">Olisikohan t\u00e4ss\u00e4 syyt\u00e4 miksi rannekelloihin olen aina tyk\u00e4stynyt.<\/p>\n<p class=\"p1\">\u00c4itini kuoli parisen vuotta sitten ja perin h\u00e4nelt\u00e4 aidon Omega kultakellon ja vaikkei se ihan tuo lapsuuden fiiliksi\u00e4 sill\u00e4 kellolla on oma, ainutlaatuinen merkityksens\u00e4 kellovarastossani.<\/p>\n<p class=\"p1\">Ostin juuri lila-vaaleanpunaisen, punotussa remmiss\u00e4 olevan, vaaleanpunaisin numeroin, neli\u00f6muotoisen kes\u00e4kellon ja se tuossa ranteessani ilahduttaa kovasti.<\/p>\n<p class=\"p1\">Pienist\u00e4 asioista ja isoista muistoista on hyv\u00e4 repi\u00e4 el\u00e4m\u00e4nuskoa ja ideaa.<\/p>\n<p class=\"p1\">El\u00e4k\u00f6\u00f6n rannekellot monimuotisuudessaan!<\/p>\n<p>&nbsp;<\/p>\n<p class=\"p1\">Anonyymi<\/p>\n","protected":false},"excerpt":{"rendered":"<p>Sain ensimm\u00e4isen Leijona \u2013merkkisen pikkutytt\u00f6jen (naistenkello ilmeisesti) kellon is\u00e4lt\u00e4ni seitsem\u00e4nvuotiaana ekaluokkalaisena Lahdessa Asemantaustassa asuessamme ja vuosi oli 1958 ja olot k\u00f6yh\u00e4t kuten kyll\u00e4 koko naapurustossakin. Ei silloin paljoa lahjoja lapsillekaan osteltu ja muistaakseni kell\u00e4\u00e4n muulla ei viel\u00e4 ollut omaa rannekelloa kaveri- ja tuttavapiiriss\u00e4. Se oli iso asia ja se, ett\u00e4 is\u00e4 oli p\u00e4\u00e4tt\u00e4nyt sen minulle [&hellip;]<\/p>\n","protected":false},"featured_media":0,"comment_status":"closed","ping_status":"closed","template":"","meta":[],"product_cat":[38],"product_tag":[36,63,62],"_links":{"self":[{"href":"https:\/\/www.kellomuseo.fi\/holvi\/wp-json\/wp\/v2\/product\/1536"}],"collection":[{"href":"https:\/\/www.kellomuseo.fi\/holvi\/wp-json\/wp\/v2\/product"}],"about":[{"href":"https:\/\/www.kellomuseo.fi\/holvi\/wp-json\/wp\/v2\/types\/product"}],"replies":[{"embeddable":true,"href":"https:\/\/www.kellomuseo.fi\/holvi\/wp-json\/wp\/v2\/comments?post=1536"}],"wp:attachment":[{"href":"https:\/\/www.kellomuseo.fi\/holvi\/wp-json\/wp\/v2\/media?parent=1536"}],"wp:term":[{"taxonomy":"product_cat","embeddable":true,"href":"https:\/\/www.kellomuseo.fi\/holvi\/wp-json\/wp\/v2\/product_cat?post=1536"},{"taxonomy":"product_tag","embeddable":true,"href":"https:\/\/www.kellomuseo.fi\/holvi\/wp-json\/wp\/v2\/product_tag?post=1536"}],"curies":[{"name":"wp","href":"https:\/\/api.w.org\/{rel}","templated":true}]}}