{"id":1534,"date":"2021-12-08T09:52:32","date_gmt":"2021-12-08T07:52:32","guid":{"rendered":"https:\/\/www.kellomuseo.fi\/holvi\/?post_type=product&#038;p=1534"},"modified":"2022-03-09T14:46:11","modified_gmt":"2022-03-09T12:46:11","slug":"kouluun-ilman-saattajaa","status":"publish","type":"product","link":"https:\/\/www.kellomuseo.fi\/holvi\/tuote\/kouluun-ilman-saattajaa\/","title":{"rendered":"Kouluun ilman saattajaa"},"content":{"rendered":"<p class=\"p1\">Sain ensimm\u00e4isen oman kellon kun aloitin ala-asteen 7-vuotiaana vuonna 1986. Sain kellon vanhemmiltani lahjaksi, koska oli tarkoitus, ett\u00e4 alkaisin kulkemaan kouluun ilman saattajaa. T\u00e4ll\u00f6inh\u00e4n oli oltava selvill\u00e4 ajan kulusta, jottei my\u00f6h\u00e4styisi tunnilta. Kyseess\u00e4 oli Leijona-merkkinen lastenkello, jossa oli kellotaulussa selke\u00e4t numerot (ja tietysti pieni leijona \u2013logo) sek\u00e4 vaaleanpunainen nahkaranneke. Oman kellon saaminen oli minulle iso asia, sill\u00e4 se todisti, etten ollut en\u00e4\u00e4 pikkulapsi, vaan kuuluin isompien joukkoon. Muistan el\u00e4v\u00e4sti, ett\u00e4 k\u00e4velless\u00e4ni k\u00e4yt\u00e4v\u00e4\u00e4 pitkin lastenhuoneeseen oma kello ensi kertaa ranteessa, tunsin itseni suorastaan aikuiseksi!<\/p>\n<p class=\"p1\">K\u00e4yt\u00e4nn\u00f6ss\u00e4 kesti jonkin aikaa, ett\u00e4 opin katsomaan kelloa. Jompikumpi vanhemmistani piirsi minulle kortteja, joista n\u00e4kyi, miss\u00e4 asennossa viisarit ovat silloin, kun piti olla koulun pihalla, ja silloin kun koulu alkaa. Kuljetin kortteja taskussa kunnes opin katsomaan kelloa. Ensimm\u00e4inen kelloni oli minulla vuosikausia. Ilmeisesti se hajosi jossakin vaiheessa, sill\u00e4 meid\u00e4n perheess\u00e4 ei osteltu uusia tavaroita, jos vanha oli viel\u00e4 k\u00e4ytt\u00f6kelpoinen. En kyll\u00e4 muista, mik\u00e4 vika kelloon tuli. Seuraavat kellot eiv\u00e4t olleet yht\u00e4 merkityksellisi\u00e4, vaikka muistan nekin. En tied\u00e4, miss\u00e4 ensimm\u00e4inen kelloni nyt on, mutta muistan, ett\u00e4 s\u00e4ilytin sit\u00e4 pitk\u00e4\u00e4n. Liek\u00f6 joku sittemmin heitt\u00e4nyt sen pois.<span class=\"Apple-converted-space\">\u00a0<\/span><\/p>\n<p>&nbsp;<\/p>\n<p class=\"p4\">Anonyymi<\/p>\n","protected":false},"excerpt":{"rendered":"<p>Sain ensimm\u00e4isen oman kellon kun aloitin ala-asteen 7-vuotiaana vuonna 1986. Sain kellon vanhemmiltani lahjaksi, koska oli tarkoitus, ett\u00e4 alkaisin kulkemaan kouluun ilman saattajaa. T\u00e4ll\u00f6inh\u00e4n oli oltava selvill\u00e4 ajan kulusta, jottei my\u00f6h\u00e4styisi tunnilta. Kyseess\u00e4 oli Leijona-merkkinen lastenkello, jossa oli kellotaulussa selke\u00e4t numerot (ja tietysti pieni leijona \u2013logo) sek\u00e4 vaaleanpunainen nahkaranneke. Oman kellon saaminen oli minulle iso [&hellip;]<\/p>\n","protected":false},"featured_media":6474,"comment_status":"closed","ping_status":"closed","template":"","meta":[],"product_cat":[38],"product_tag":[36,63,62],"_links":{"self":[{"href":"https:\/\/www.kellomuseo.fi\/holvi\/wp-json\/wp\/v2\/product\/1534"}],"collection":[{"href":"https:\/\/www.kellomuseo.fi\/holvi\/wp-json\/wp\/v2\/product"}],"about":[{"href":"https:\/\/www.kellomuseo.fi\/holvi\/wp-json\/wp\/v2\/types\/product"}],"replies":[{"embeddable":true,"href":"https:\/\/www.kellomuseo.fi\/holvi\/wp-json\/wp\/v2\/comments?post=1534"}],"wp:featuredmedia":[{"embeddable":true,"href":"https:\/\/www.kellomuseo.fi\/holvi\/wp-json\/wp\/v2\/media\/6474"}],"wp:attachment":[{"href":"https:\/\/www.kellomuseo.fi\/holvi\/wp-json\/wp\/v2\/media?parent=1534"}],"wp:term":[{"taxonomy":"product_cat","embeddable":true,"href":"https:\/\/www.kellomuseo.fi\/holvi\/wp-json\/wp\/v2\/product_cat?post=1534"},{"taxonomy":"product_tag","embeddable":true,"href":"https:\/\/www.kellomuseo.fi\/holvi\/wp-json\/wp\/v2\/product_tag?post=1534"}],"curies":[{"name":"wp","href":"https:\/\/api.w.org\/{rel}","templated":true}]}}