{"id":1532,"date":"2021-12-08T09:51:20","date_gmt":"2021-12-08T07:51:20","guid":{"rendered":"https:\/\/www.kellomuseo.fi\/holvi\/?post_type=product&#038;p=1532"},"modified":"2021-12-13T11:33:35","modified_gmt":"2021-12-13T09:33:35","slug":"muisto-lapsuudesta","status":"publish","type":"product","link":"https:\/\/www.kellomuseo.fi\/holvi\/tuote\/muisto-lapsuudesta\/","title":{"rendered":"Muisto lapsuudesta"},"content":{"rendered":"<p class=\"p1\">Sain ensimm\u00e4isen kelloni 5-vuotislahjaksi vuonna 1995. Kello oli v\u00e4rilt\u00e4\u00e4n vaaleanpunainen ja se oli nahkarannekkeinen Leijona-kello. Kun oli oma kello, her\u00e4si my\u00f6s kiinnostus kellon aikojen oppimiseen. Kello oli t\u00e4rke\u00e4 olla aina mukana ranteessa. T\u00e4ll\u00e4 hetkell\u00e4 en juuri k\u00e4yt\u00e4 rannekelloa, vaan aikaa tulee katsottua k\u00e4nnyk\u00e4st\u00e4 tai sein\u00e4kellosta. Mutta ajantajussa pysyminen on edelleen t\u00e4rke\u00e4\u00e4. Lapsuudenaikainen ensimm\u00e4inen rannekelloni on edelleen s\u00e4\u00e4st\u00f6ss\u00e4. Vaikka aika kuluu kuin siivill\u00e4, niin muistot s\u00e4ilyv\u00e4t. Ensimm\u00e4inen rannekello oli kuitenkin merkitt\u00e4v\u00e4 ja t\u00e4rke\u00e4 ostos lapsuudessa.<\/p>\n<p>&nbsp;<\/p>\n<p class=\"p1\">Anonyymi<\/p>\n","protected":false},"excerpt":{"rendered":"<p>Sain ensimm\u00e4isen kelloni 5-vuotislahjaksi vuonna 1995. Kello oli v\u00e4rilt\u00e4\u00e4n vaaleanpunainen ja se oli nahkarannekkeinen Leijona-kello. Kun oli oma kello, her\u00e4si my\u00f6s kiinnostus kellon aikojen oppimiseen. Kello oli t\u00e4rke\u00e4 olla aina mukana ranteessa. T\u00e4ll\u00e4 hetkell\u00e4 en juuri k\u00e4yt\u00e4 rannekelloa, vaan aikaa tulee katsottua k\u00e4nnyk\u00e4st\u00e4 tai sein\u00e4kellosta. Mutta ajantajussa pysyminen on edelleen t\u00e4rke\u00e4\u00e4. Lapsuudenaikainen ensimm\u00e4inen rannekelloni on [&hellip;]<\/p>\n","protected":false},"featured_media":0,"comment_status":"closed","ping_status":"closed","template":"","meta":[],"product_cat":[38],"product_tag":[36,63,62],"_links":{"self":[{"href":"https:\/\/www.kellomuseo.fi\/holvi\/wp-json\/wp\/v2\/product\/1532"}],"collection":[{"href":"https:\/\/www.kellomuseo.fi\/holvi\/wp-json\/wp\/v2\/product"}],"about":[{"href":"https:\/\/www.kellomuseo.fi\/holvi\/wp-json\/wp\/v2\/types\/product"}],"replies":[{"embeddable":true,"href":"https:\/\/www.kellomuseo.fi\/holvi\/wp-json\/wp\/v2\/comments?post=1532"}],"wp:attachment":[{"href":"https:\/\/www.kellomuseo.fi\/holvi\/wp-json\/wp\/v2\/media?parent=1532"}],"wp:term":[{"taxonomy":"product_cat","embeddable":true,"href":"https:\/\/www.kellomuseo.fi\/holvi\/wp-json\/wp\/v2\/product_cat?post=1532"},{"taxonomy":"product_tag","embeddable":true,"href":"https:\/\/www.kellomuseo.fi\/holvi\/wp-json\/wp\/v2\/product_tag?post=1532"}],"curies":[{"name":"wp","href":"https:\/\/api.w.org\/{rel}","templated":true}]}}