{"id":1530,"date":"2021-12-08T09:49:57","date_gmt":"2021-12-08T07:49:57","guid":{"rendered":"https:\/\/www.kellomuseo.fi\/holvi\/?post_type=product&#038;p=1530"},"modified":"2021-12-13T11:33:00","modified_gmt":"2021-12-13T09:33:00","slug":"lahja-ammilta","status":"publish","type":"product","link":"https:\/\/www.kellomuseo.fi\/holvi\/tuote\/lahja-ammilta\/","title":{"rendered":"Lahja \u00e4mmilt\u00e4"},"content":{"rendered":"<p class=\"p1\">Sain ensimm\u00e4isen kelloni \u00e4mmilt\u00e4ni syntym\u00e4p\u00e4iv\u00e4lahjaksi, kun t\u00e4ytin 7 vuotta (vuosi 1991). Pari kuukautta ennen syntym\u00e4p\u00e4iv\u00e4\u00e4ni olin saanut pikkusiskon ja olin eritt\u00e4in pettynyt ja mustasukkainen kun tuntui, ett\u00e4 kaikki tulivat juhliini vain katsomaan siskoa. \u00c4mmini yritti lohduttaa minua ja toi lahjaksi rannekellon. En kuitenkaan tyk\u00e4nnyt kyseisest\u00e4 lahjasta (tied\u00e4 sitten, oliko v\u00e4ri v\u00e4\u00e4r\u00e4), mutta l\u00e4hdimme kesken juhlien vaihtamaan kelloa kultasep\u00e4n liikkeeseen. Sain kellon, jossa hihna oli valkoista nahkaa ja kultakoristeet. Sit\u00e4 kelpasi esitell\u00e4. Kello taisi olla Leijona-sarjaa. Siit\u00e4 l\u00e4htien olen kelloja k\u00e4ytt\u00e4nyt, olo on orpo ilman rannekelloa.<\/p>\n<p>&nbsp;<\/p>\n<p class=\"p3\">Anonyymi<\/p>\n","protected":false},"excerpt":{"rendered":"<p>Sain ensimm\u00e4isen kelloni \u00e4mmilt\u00e4ni syntym\u00e4p\u00e4iv\u00e4lahjaksi, kun t\u00e4ytin 7 vuotta (vuosi 1991). Pari kuukautta ennen syntym\u00e4p\u00e4iv\u00e4\u00e4ni olin saanut pikkusiskon ja olin eritt\u00e4in pettynyt ja mustasukkainen kun tuntui, ett\u00e4 kaikki tulivat juhliini vain katsomaan siskoa. \u00c4mmini yritti lohduttaa minua ja toi lahjaksi rannekellon. En kuitenkaan tyk\u00e4nnyt kyseisest\u00e4 lahjasta (tied\u00e4 sitten, oliko v\u00e4ri v\u00e4\u00e4r\u00e4), mutta l\u00e4hdimme kesken juhlien [&hellip;]<\/p>\n","protected":false},"featured_media":0,"comment_status":"closed","ping_status":"closed","template":"","meta":[],"product_cat":[38],"product_tag":[36,63,62],"_links":{"self":[{"href":"https:\/\/www.kellomuseo.fi\/holvi\/wp-json\/wp\/v2\/product\/1530"}],"collection":[{"href":"https:\/\/www.kellomuseo.fi\/holvi\/wp-json\/wp\/v2\/product"}],"about":[{"href":"https:\/\/www.kellomuseo.fi\/holvi\/wp-json\/wp\/v2\/types\/product"}],"replies":[{"embeddable":true,"href":"https:\/\/www.kellomuseo.fi\/holvi\/wp-json\/wp\/v2\/comments?post=1530"}],"wp:attachment":[{"href":"https:\/\/www.kellomuseo.fi\/holvi\/wp-json\/wp\/v2\/media?parent=1530"}],"wp:term":[{"taxonomy":"product_cat","embeddable":true,"href":"https:\/\/www.kellomuseo.fi\/holvi\/wp-json\/wp\/v2\/product_cat?post=1530"},{"taxonomy":"product_tag","embeddable":true,"href":"https:\/\/www.kellomuseo.fi\/holvi\/wp-json\/wp\/v2\/product_tag?post=1530"}],"curies":[{"name":"wp","href":"https:\/\/api.w.org\/{rel}","templated":true}]}}