{"id":1518,"date":"2021-12-07T16:34:57","date_gmt":"2021-12-07T14:34:57","guid":{"rendered":"https:\/\/www.kellomuseo.fi\/holvi\/?post_type=product&#038;p=1518"},"modified":"2022-03-09T14:44:27","modified_gmt":"2022-03-09T12:44:27","slug":"kadonnut-kello-loytyi-lantakourusta","status":"publish","type":"product","link":"https:\/\/www.kellomuseo.fi\/holvi\/tuote\/kadonnut-kello-loytyi-lantakourusta\/","title":{"rendered":"Kadonnut kello l\u00f6ytyi lantakourusta"},"content":{"rendered":"<p class=\"p1\">Sain ensimm\u00e4isen kelloni vuonna 1962. Olin silloin 12-vuotias. Kellon sain palkkioksi maalaiskodissani tehdyst\u00e4 ty\u00f6st\u00e4, jota en en\u00e4\u00e4 muista\/pysty erittelem\u00e4\u00e4n. Kello oli nahkarannekkeinen Leijona, ja merkitsi minulle todella paljon. Itku tuli ja harmi oli vuosien mittainen, kun se katosi seuraavana kes\u00e4n\u00e4 hein\u00e4latoa polkiessani. Oli &#8221;maan tapa&#8221;, ett\u00e4 lapset olivat latojen t\u00e4yttyess\u00e4 viimeiset heinien painelijat ahtaissa yl\u00e4nurkkauksissa. Kellon l\u00f6ysin seuraavana talvena navetan lantakourusta. Se, menik\u00f6 kello lehm\u00e4n vatsan kautta vai miten, ei selvinnyt. Eik\u00e4 sill\u00e4 lienek\u00e4\u00e4n mit\u00e4\u00e4n v\u00e4li\u00e4, kun k\u00e4velem\u00e4\u00e4n Leijonani ei en\u00e4\u00e4 suostunut. Kellotta minun ei ole aikuistuttuani tarvinnut olla. Lato, johon kello silloin h\u00e4visi, oli uusi. Mutta muisto tapauksesta s\u00e4ilyy lyyhistym\u00e4isill\u00e4\u00e4n olevan latovanhuksen raunioissakin elinik\u00e4ni.<\/p>\n<p>&nbsp;<\/p>\n<p class=\"p1\">Anonyymi<\/p>\n","protected":false},"excerpt":{"rendered":"<p>Sain ensimm\u00e4isen kelloni vuonna 1962. Olin silloin 12-vuotias. Kellon sain palkkioksi maalaiskodissani tehdyst\u00e4 ty\u00f6st\u00e4, jota en en\u00e4\u00e4 muista\/pysty erittelem\u00e4\u00e4n. Kello oli nahkarannekkeinen Leijona, ja merkitsi minulle todella paljon. Itku tuli ja harmi oli vuosien mittainen, kun se katosi seuraavana kes\u00e4n\u00e4 hein\u00e4latoa polkiessani. Oli &#8221;maan tapa&#8221;, ett\u00e4 lapset olivat latojen t\u00e4yttyess\u00e4 viimeiset heinien painelijat ahtaissa yl\u00e4nurkkauksissa. [&hellip;]<\/p>\n","protected":false},"featured_media":6474,"comment_status":"closed","ping_status":"closed","template":"","meta":[],"product_cat":[38],"product_tag":[36,63,62],"_links":{"self":[{"href":"https:\/\/www.kellomuseo.fi\/holvi\/wp-json\/wp\/v2\/product\/1518"}],"collection":[{"href":"https:\/\/www.kellomuseo.fi\/holvi\/wp-json\/wp\/v2\/product"}],"about":[{"href":"https:\/\/www.kellomuseo.fi\/holvi\/wp-json\/wp\/v2\/types\/product"}],"replies":[{"embeddable":true,"href":"https:\/\/www.kellomuseo.fi\/holvi\/wp-json\/wp\/v2\/comments?post=1518"}],"wp:featuredmedia":[{"embeddable":true,"href":"https:\/\/www.kellomuseo.fi\/holvi\/wp-json\/wp\/v2\/media\/6474"}],"wp:attachment":[{"href":"https:\/\/www.kellomuseo.fi\/holvi\/wp-json\/wp\/v2\/media?parent=1518"}],"wp:term":[{"taxonomy":"product_cat","embeddable":true,"href":"https:\/\/www.kellomuseo.fi\/holvi\/wp-json\/wp\/v2\/product_cat?post=1518"},{"taxonomy":"product_tag","embeddable":true,"href":"https:\/\/www.kellomuseo.fi\/holvi\/wp-json\/wp\/v2\/product_tag?post=1518"}],"curies":[{"name":"wp","href":"https:\/\/api.w.org\/{rel}","templated":true}]}}