{"id":1516,"date":"2021-12-07T16:33:59","date_gmt":"2021-12-07T14:33:59","guid":{"rendered":"https:\/\/www.kellomuseo.fi\/holvi\/?post_type=product&#038;p=1516"},"modified":"2021-12-13T11:31:13","modified_gmt":"2021-12-13T09:31:13","slug":"veikkausvoittokello","status":"publish","type":"product","link":"https:\/\/www.kellomuseo.fi\/holvi\/tuote\/veikkausvoittokello\/","title":{"rendered":"Veikkausvoittokello"},"content":{"rendered":"<p class=\"p1\">Is\u00e4ni osti siskoilleni rannekellon, kun he kukin vuorollaan t\u00e4yttiv\u00e4t 15 vuotta. Min\u00e4 sain oman kelloni aikaisemmin, 13-vuotiaana, kun satuin voittamaan vakioveikkauksessa 11 oikein. Voitto oli noin 66 markkaa, josta piti silloin maksaa vero, joten rahaa sain noin 55 mk. Halusin ostaa rannekellon. Menimme is\u00e4ni kanssa Virojoelle, kun h\u00e4nell\u00e4 oli sinne muutakin asiaa, M. Taimiston kellosep\u00e4nliikkeeseen. Sielt\u00e4 valitsin Leijona-merkkisen rannekellon, joka maksoi 59,95 mk, joten jouduin maksamaan noin 5 mk lis\u00e4\u00e4, mutta ei se mit\u00e4\u00e4n, kun sain melkein lahjaksi hyv\u00e4n kellon.<span class=\"Apple-converted-space\">\u00a0<\/span><\/p>\n<p class=\"p1\">Vuosi oli 1969 tai -70. Kello toimii edelleen, tosin k\u00e4yt\u00e4n sit\u00e4 en\u00e4\u00e4 vain varakellona, jos uudemmat kellot odottavat patterin vaihtoa. Muutaman p\u00e4iv\u00e4n kun sit\u00e4 k\u00e4ytt\u00e4\u00e4, oppii muistamaan kiert\u00e4\u00e4 siihen vetoa!<\/p>\n<p>&nbsp;<\/p>\n<p class=\"p1\">Anonyymi<\/p>\n","protected":false},"excerpt":{"rendered":"<p>Is\u00e4ni osti siskoilleni rannekellon, kun he kukin vuorollaan t\u00e4yttiv\u00e4t 15 vuotta. Min\u00e4 sain oman kelloni aikaisemmin, 13-vuotiaana, kun satuin voittamaan vakioveikkauksessa 11 oikein. Voitto oli noin 66 markkaa, josta piti silloin maksaa vero, joten rahaa sain noin 55 mk. Halusin ostaa rannekellon. Menimme is\u00e4ni kanssa Virojoelle, kun h\u00e4nell\u00e4 oli sinne muutakin asiaa, M. Taimiston kellosep\u00e4nliikkeeseen. [&hellip;]<\/p>\n","protected":false},"featured_media":0,"comment_status":"closed","ping_status":"closed","template":"","meta":[],"product_cat":[38],"product_tag":[36,63,62],"_links":{"self":[{"href":"https:\/\/www.kellomuseo.fi\/holvi\/wp-json\/wp\/v2\/product\/1516"}],"collection":[{"href":"https:\/\/www.kellomuseo.fi\/holvi\/wp-json\/wp\/v2\/product"}],"about":[{"href":"https:\/\/www.kellomuseo.fi\/holvi\/wp-json\/wp\/v2\/types\/product"}],"replies":[{"embeddable":true,"href":"https:\/\/www.kellomuseo.fi\/holvi\/wp-json\/wp\/v2\/comments?post=1516"}],"wp:attachment":[{"href":"https:\/\/www.kellomuseo.fi\/holvi\/wp-json\/wp\/v2\/media?parent=1516"}],"wp:term":[{"taxonomy":"product_cat","embeddable":true,"href":"https:\/\/www.kellomuseo.fi\/holvi\/wp-json\/wp\/v2\/product_cat?post=1516"},{"taxonomy":"product_tag","embeddable":true,"href":"https:\/\/www.kellomuseo.fi\/holvi\/wp-json\/wp\/v2\/product_tag?post=1516"}],"curies":[{"name":"wp","href":"https:\/\/api.w.org\/{rel}","templated":true}]}}