{"id":1515,"date":"2021-12-07T16:33:25","date_gmt":"2021-12-07T14:33:25","guid":{"rendered":"https:\/\/www.kellomuseo.fi\/holvi\/?post_type=product&#038;p=1515"},"modified":"2021-12-13T11:30:48","modified_gmt":"2021-12-13T09:30:48","slug":"puku-polkupyora-ja-kello","status":"publish","type":"product","link":"https:\/\/www.kellomuseo.fi\/holvi\/tuote\/puku-polkupyora-ja-kello\/","title":{"rendered":"Puku, polkupy\u00f6r\u00e4 ja kello"},"content":{"rendered":"<p class=\"p1\">Kun olin nuori, oli siihen aikaan nuoren miehen tavoite saada puku, polkupy\u00f6r\u00e4 ja kello, v\u00e4h\u00e4n samaan tapaan kuin nyky\u00e4\u00e4n hyv\u00e4 auto. Suunnilleen saman verran ty\u00f6t\u00e4 siihen aikaan piti niiden eteen tehd\u00e4. Oma kello taisi olla ensimm\u00e4isi\u00e4 hankintoja kun olin jo &#8221;itsellinen&#8221;, ettei en\u00e4\u00e4 tarvinnut vanhempia ja pikkusiskoa el\u00e4tt\u00e4\u00e4. En muista, mink\u00e4 merkkinen oli, Leijona ehk\u00e4p\u00e4. Taisi olla parikymment\u00e4 vuotta se sama kello, kunnes ty\u00f6maalla s\u00e4rkyi. Jossain lipaston pohjalla se vanha py\u00f6ri kauan, mutta lie jo hukkunut. Nyky\u00e4\u00e4nh\u00e4n nuorilla ei kaikilla ole kelloja kun k\u00e4nnyk\u00e4st\u00e4 n\u00e4kee ajan. Itse en ole kellosta oppinut luopumaan. Sin\u00e4ll\u00e4\u00e4n se ei en\u00e4\u00e4 ole niin iso asia kuin ennen, halpa k\u00e4ytt\u00f6esine vain.<\/p>\n<p>&nbsp;<\/p>\n<p class=\"p1\">Taisto Heikkinen<\/p>\n","protected":false},"excerpt":{"rendered":"<p>Kun olin nuori, oli siihen aikaan nuoren miehen tavoite saada puku, polkupy\u00f6r\u00e4 ja kello, v\u00e4h\u00e4n samaan tapaan kuin nyky\u00e4\u00e4n hyv\u00e4 auto. Suunnilleen saman verran ty\u00f6t\u00e4 siihen aikaan piti niiden eteen tehd\u00e4. Oma kello taisi olla ensimm\u00e4isi\u00e4 hankintoja kun olin jo &#8221;itsellinen&#8221;, ettei en\u00e4\u00e4 tarvinnut vanhempia ja pikkusiskoa el\u00e4tt\u00e4\u00e4. En muista, mink\u00e4 merkkinen oli, Leijona ehk\u00e4p\u00e4. [&hellip;]<\/p>\n","protected":false},"featured_media":0,"comment_status":"closed","ping_status":"closed","template":"","meta":[],"product_cat":[38],"product_tag":[36,63,62],"_links":{"self":[{"href":"https:\/\/www.kellomuseo.fi\/holvi\/wp-json\/wp\/v2\/product\/1515"}],"collection":[{"href":"https:\/\/www.kellomuseo.fi\/holvi\/wp-json\/wp\/v2\/product"}],"about":[{"href":"https:\/\/www.kellomuseo.fi\/holvi\/wp-json\/wp\/v2\/types\/product"}],"replies":[{"embeddable":true,"href":"https:\/\/www.kellomuseo.fi\/holvi\/wp-json\/wp\/v2\/comments?post=1515"}],"wp:attachment":[{"href":"https:\/\/www.kellomuseo.fi\/holvi\/wp-json\/wp\/v2\/media?parent=1515"}],"wp:term":[{"taxonomy":"product_cat","embeddable":true,"href":"https:\/\/www.kellomuseo.fi\/holvi\/wp-json\/wp\/v2\/product_cat?post=1515"},{"taxonomy":"product_tag","embeddable":true,"href":"https:\/\/www.kellomuseo.fi\/holvi\/wp-json\/wp\/v2\/product_tag?post=1515"}],"curies":[{"name":"wp","href":"https:\/\/api.w.org\/{rel}","templated":true}]}}