{"id":1514,"date":"2021-12-07T16:32:49","date_gmt":"2021-12-07T14:32:49","guid":{"rendered":"https:\/\/www.kellomuseo.fi\/holvi\/?post_type=product&#038;p=1514"},"modified":"2021-12-13T11:30:25","modified_gmt":"2021-12-13T09:30:25","slug":"muistolahja-vanhimmalle-lapsenlapsenlapselle","status":"publish","type":"product","link":"https:\/\/www.kellomuseo.fi\/holvi\/tuote\/muistolahja-vanhimmalle-lapsenlapsenlapselle\/","title":{"rendered":"Muistolahja vanhimmalle lapsenlapsenlapselle"},"content":{"rendered":"<p class=\"p1\">En ole koskaan viel\u00e4 k\u00e4ytt\u00e4nyt ensimm\u00e4ist\u00e4 saamaani kelloa. Kello on mummoni is\u00e4n Leijona-merkkinen rannekello, joka ei toimi. Sain sen isomummoltani jo aika pienen\u00e4, l\u00e4hinn\u00e4 muistoksi isopapastani ja koska olen suvun vanhin lapsenlapsenlapsi. Kello on \u00e4idill\u00e4ni tallessa ja h\u00e4n aikoo korjauttaa sen, jotta voisin aikuisena k\u00e4ytt\u00e4\u00e4 sit\u00e4. Itse kello on komea, vanhanaikaisen tyylik\u00e4s ja sit\u00e4 kelpaisi k\u00e4ytt\u00e4\u00e4 juhlatilaisuuksissa. Nyt en uskaltaisi sit\u00e4 viel\u00e4 ottaa k\u00e4ytt\u00f6\u00f6n vaikka se toimisikin, olen turhan lahjakas kadottamaan ja rikkomaan esineit\u00e4.<\/p>\n<p>&nbsp;<\/p>\n<p class=\"p1\">Anonyymi<\/p>\n","protected":false},"excerpt":{"rendered":"<p>En ole koskaan viel\u00e4 k\u00e4ytt\u00e4nyt ensimm\u00e4ist\u00e4 saamaani kelloa. Kello on mummoni is\u00e4n Leijona-merkkinen rannekello, joka ei toimi. Sain sen isomummoltani jo aika pienen\u00e4, l\u00e4hinn\u00e4 muistoksi isopapastani ja koska olen suvun vanhin lapsenlapsenlapsi. Kello on \u00e4idill\u00e4ni tallessa ja h\u00e4n aikoo korjauttaa sen, jotta voisin aikuisena k\u00e4ytt\u00e4\u00e4 sit\u00e4. Itse kello on komea, vanhanaikaisen tyylik\u00e4s ja sit\u00e4 kelpaisi [&hellip;]<\/p>\n","protected":false},"featured_media":0,"comment_status":"closed","ping_status":"closed","template":"","meta":[],"product_cat":[38],"product_tag":[36,63,62],"_links":{"self":[{"href":"https:\/\/www.kellomuseo.fi\/holvi\/wp-json\/wp\/v2\/product\/1514"}],"collection":[{"href":"https:\/\/www.kellomuseo.fi\/holvi\/wp-json\/wp\/v2\/product"}],"about":[{"href":"https:\/\/www.kellomuseo.fi\/holvi\/wp-json\/wp\/v2\/types\/product"}],"replies":[{"embeddable":true,"href":"https:\/\/www.kellomuseo.fi\/holvi\/wp-json\/wp\/v2\/comments?post=1514"}],"wp:attachment":[{"href":"https:\/\/www.kellomuseo.fi\/holvi\/wp-json\/wp\/v2\/media?parent=1514"}],"wp:term":[{"taxonomy":"product_cat","embeddable":true,"href":"https:\/\/www.kellomuseo.fi\/holvi\/wp-json\/wp\/v2\/product_cat?post=1514"},{"taxonomy":"product_tag","embeddable":true,"href":"https:\/\/www.kellomuseo.fi\/holvi\/wp-json\/wp\/v2\/product_tag?post=1514"}],"curies":[{"name":"wp","href":"https:\/\/api.w.org\/{rel}","templated":true}]}}