{"id":1512,"date":"2021-12-07T16:31:32","date_gmt":"2021-12-07T14:31:32","guid":{"rendered":"https:\/\/www.kellomuseo.fi\/holvi\/?post_type=product&#038;p=1512"},"modified":"2021-12-13T11:29:11","modified_gmt":"2021-12-13T09:29:11","slug":"niton-genevesta-se-alkoi","status":"publish","type":"product","link":"https:\/\/www.kellomuseo.fi\/holvi\/tuote\/niton-genevesta-se-alkoi\/","title":{"rendered":"Niton Genevest\u00e4 se alkoi"},"content":{"rendered":"<p class=\"p1\">Ensimm\u00e4inen kelloni oli Niton Geneve -merkkinen. Olin k\u00e4ym\u00e4ss\u00e4 koulumatkalla Aatto Ojalan perheess\u00e4 ja Aatto alkoi kaupata n\u00e4tti\u00e4 rannekelloa, vuosi oli 1949. Olin silloin 11 vanha. Minulla oli ker\u00e4ttyn\u00e4 v\u00e4h\u00e4n rahaa ja mietin voisinko laittaa sen siihen kelloon, jota minun teki kovasti mieli. Niin kuitenkin k\u00e4vi, ett\u00e4 kotiin l\u00e4hti onnellinen kellon omistaja, joka katsoi usein aikaa ja toisti nime\u00e4 Niton Geneve. Kotiin tultuani n\u00e4ytin kelloani kotiv\u00e4elleni ylpe\u00e4n\u00e4. \u00c4itini varoitteli, ett\u00e4 \u00e4l\u00e4 pudota sit\u00e4 kun olet niin kova kiipe\u00e4m\u00e4\u00e4n linnunpesill\u00e4. Koulussa kello her\u00e4tti ihmetyst\u00e4 ja v\u00e4h\u00e4n kateuttakin, olihan kello nuorella pojalla tosi harvinaisuus siihen aikaan. T\u00e4m\u00e4 Niton Geneve kello vaihtui aikanaan pieneen Leijona-merkkiseen taskukelloon, ja sit\u00e4 ensimm\u00e4ist\u00e4 rannekelloa ei ole sen j\u00e4lkeen n\u00e4kynyt. Nykyisin minulla on paljon erilaisia antiikki kelloja, onpa meill\u00e4 pieni kellomuseokin museokyl\u00e4ss\u00e4mme K\u00e4lvi\u00e4ll\u00e4. Kellot ovat edelleen t\u00e4rke\u00e4ss\u00e4 asemassa el\u00e4m\u00e4ss\u00e4ni.<\/p>\n<p>&nbsp;<\/p>\n<p class=\"p3\">Matti Toivonen<\/p>\n","protected":false},"excerpt":{"rendered":"<p>Ensimm\u00e4inen kelloni oli Niton Geneve -merkkinen. Olin k\u00e4ym\u00e4ss\u00e4 koulumatkalla Aatto Ojalan perheess\u00e4 ja Aatto alkoi kaupata n\u00e4tti\u00e4 rannekelloa, vuosi oli 1949. Olin silloin 11 vanha. Minulla oli ker\u00e4ttyn\u00e4 v\u00e4h\u00e4n rahaa ja mietin voisinko laittaa sen siihen kelloon, jota minun teki kovasti mieli. Niin kuitenkin k\u00e4vi, ett\u00e4 kotiin l\u00e4hti onnellinen kellon omistaja, joka katsoi usein aikaa [&hellip;]<\/p>\n","protected":false},"featured_media":0,"comment_status":"closed","ping_status":"closed","template":"","meta":[],"product_cat":[38],"product_tag":[36,63,62],"_links":{"self":[{"href":"https:\/\/www.kellomuseo.fi\/holvi\/wp-json\/wp\/v2\/product\/1512"}],"collection":[{"href":"https:\/\/www.kellomuseo.fi\/holvi\/wp-json\/wp\/v2\/product"}],"about":[{"href":"https:\/\/www.kellomuseo.fi\/holvi\/wp-json\/wp\/v2\/types\/product"}],"replies":[{"embeddable":true,"href":"https:\/\/www.kellomuseo.fi\/holvi\/wp-json\/wp\/v2\/comments?post=1512"}],"wp:attachment":[{"href":"https:\/\/www.kellomuseo.fi\/holvi\/wp-json\/wp\/v2\/media?parent=1512"}],"wp:term":[{"taxonomy":"product_cat","embeddable":true,"href":"https:\/\/www.kellomuseo.fi\/holvi\/wp-json\/wp\/v2\/product_cat?post=1512"},{"taxonomy":"product_tag","embeddable":true,"href":"https:\/\/www.kellomuseo.fi\/holvi\/wp-json\/wp\/v2\/product_tag?post=1512"}],"curies":[{"name":"wp","href":"https:\/\/api.w.org\/{rel}","templated":true}]}}