{"id":1510,"date":"2021-12-07T16:29:52","date_gmt":"2021-12-07T14:29:52","guid":{"rendered":"https:\/\/www.kellomuseo.fi\/holvi\/?post_type=product&#038;p=1510"},"modified":"2021-12-13T11:28:42","modified_gmt":"2021-12-13T09:28:42","slug":"vaarin-perintokello","status":"publish","type":"product","link":"https:\/\/www.kellomuseo.fi\/holvi\/tuote\/vaarin-perintokello\/","title":{"rendered":"Vaarin perint\u00f6kello"},"content":{"rendered":"<p class=\"p1\">Ensimm\u00e4isen kelloni, joka oli muuten Leijona -merkkinen, sain vaariltani h\u00e4nen ollessaan sairaalassa, jonne sitten j\u00e4ikin ja kuoli siell\u00e4. Olin silloin viiden vanha ja vuosi oli 1957. Vaarini sanoikin, ett\u00e4 t\u00e4t\u00e4 kelloani en taida en\u00e4\u00e4 tarvita ja nyt kello taitaa olla hieman liian iso sinulle, mutta laita ranteeseen sitten my\u00f6hemmin. Kello oli kullanv\u00e4rinen ja siin\u00e4 oli metalliranneke. My\u00f6hemmin pidin sit\u00e4 monet vuodet ja taisin olla silloin noin 17 vanha kun se h\u00e4visi jonnekin Heinolaan. Ihan tarkkaan en muista, milloin katoaminen tapahtui mutta talvella se oli ja viikonloppuna. Ja humalassahan silloin olin. Kello oli mielest\u00e4ni hieno ja kaikki ne vuodet se toimi moitteetta. Kultaa se tuskin oli koska vaarini ei mik\u00e4\u00e4n rikas ollut. Harmi vain, kun sill\u00e4 lailla se katosi.<\/p>\n<p>&nbsp;<\/p>\n<p class=\"p3\">Jukka Jokinen<\/p>\n","protected":false},"excerpt":{"rendered":"<p>Ensimm\u00e4isen kelloni, joka oli muuten Leijona -merkkinen, sain vaariltani h\u00e4nen ollessaan sairaalassa, jonne sitten j\u00e4ikin ja kuoli siell\u00e4. Olin silloin viiden vanha ja vuosi oli 1957. Vaarini sanoikin, ett\u00e4 t\u00e4t\u00e4 kelloani en taida en\u00e4\u00e4 tarvita ja nyt kello taitaa olla hieman liian iso sinulle, mutta laita ranteeseen sitten my\u00f6hemmin. Kello oli kullanv\u00e4rinen ja siin\u00e4 oli [&hellip;]<\/p>\n","protected":false},"featured_media":0,"comment_status":"closed","ping_status":"closed","template":"","meta":[],"product_cat":[38],"product_tag":[36,63,62],"_links":{"self":[{"href":"https:\/\/www.kellomuseo.fi\/holvi\/wp-json\/wp\/v2\/product\/1510"}],"collection":[{"href":"https:\/\/www.kellomuseo.fi\/holvi\/wp-json\/wp\/v2\/product"}],"about":[{"href":"https:\/\/www.kellomuseo.fi\/holvi\/wp-json\/wp\/v2\/types\/product"}],"replies":[{"embeddable":true,"href":"https:\/\/www.kellomuseo.fi\/holvi\/wp-json\/wp\/v2\/comments?post=1510"}],"wp:attachment":[{"href":"https:\/\/www.kellomuseo.fi\/holvi\/wp-json\/wp\/v2\/media?parent=1510"}],"wp:term":[{"taxonomy":"product_cat","embeddable":true,"href":"https:\/\/www.kellomuseo.fi\/holvi\/wp-json\/wp\/v2\/product_cat?post=1510"},{"taxonomy":"product_tag","embeddable":true,"href":"https:\/\/www.kellomuseo.fi\/holvi\/wp-json\/wp\/v2\/product_tag?post=1510"}],"curies":[{"name":"wp","href":"https:\/\/api.w.org\/{rel}","templated":true}]}}