{"id":1509,"date":"2021-12-07T16:29:20","date_gmt":"2021-12-07T14:29:20","guid":{"rendered":"https:\/\/www.kellomuseo.fi\/holvi\/?post_type=product&#038;p=1509"},"modified":"2021-12-13T11:28:22","modified_gmt":"2021-12-13T09:28:22","slug":"loyto-lumihangesta","status":"publish","type":"product","link":"https:\/\/www.kellomuseo.fi\/holvi\/tuote\/loyto-lumihangesta\/","title":{"rendered":"L\u00f6yt\u00f6 lumihangesta"},"content":{"rendered":"<p class=\"p1\">Minun tarinani on aika uusi. Se alkoi kun l\u00f6ysin hangesta kellon ilman hihnaa.<\/p>\n<p class=\"p1\">Kello oli naarmuilla eik\u00e4 n\u00e4ytt\u00e4nyt toimivan.<span class=\"Apple-converted-space\">\u00a0 <\/span>Patteri-ajan lapsia kun olen, en heti hoksannut ett\u00e4 se oli vedett\u00e4v\u00e4\u00e4 mallia, Leijona -merkkinen muuten.<\/p>\n<p class=\"p1\">Siell\u00e4 se on ollut minulla kaapissa, kunnes pari viikkoa sitten k\u00e4vin ostamassa nahkaisen hihnan ja nyt opettelen pit\u00e4m\u00e4\u00e4n vuosien j\u00e4lkeen nostalgista kelloani ranteessa.<\/p>\n<p class=\"p1\">Kunhan aina muistaa vet\u00e4\u00e4 sen aamuin illoin.<\/p>\n<p class=\"p1\">Ensimm\u00e4inen kelloni taisi olla papalta lahjaksi saatu laskinkello, semmoisia 80-luvun h\u00f6mp\u00f6tyksi\u00e4. Eih\u00e4n se kauaa kest\u00e4nyt.<\/p>\n<p>&nbsp;<\/p>\n<p class=\"p3\">Jani Asikainen<\/p>\n","protected":false},"excerpt":{"rendered":"<p>Minun tarinani on aika uusi. Se alkoi kun l\u00f6ysin hangesta kellon ilman hihnaa. Kello oli naarmuilla eik\u00e4 n\u00e4ytt\u00e4nyt toimivan.\u00a0 Patteri-ajan lapsia kun olen, en heti hoksannut ett\u00e4 se oli vedett\u00e4v\u00e4\u00e4 mallia, Leijona -merkkinen muuten. Siell\u00e4 se on ollut minulla kaapissa, kunnes pari viikkoa sitten k\u00e4vin ostamassa nahkaisen hihnan ja nyt opettelen pit\u00e4m\u00e4\u00e4n vuosien j\u00e4lkeen nostalgista [&hellip;]<\/p>\n","protected":false},"featured_media":0,"comment_status":"closed","ping_status":"closed","template":"","meta":[],"product_cat":[38],"product_tag":[36,63,62],"_links":{"self":[{"href":"https:\/\/www.kellomuseo.fi\/holvi\/wp-json\/wp\/v2\/product\/1509"}],"collection":[{"href":"https:\/\/www.kellomuseo.fi\/holvi\/wp-json\/wp\/v2\/product"}],"about":[{"href":"https:\/\/www.kellomuseo.fi\/holvi\/wp-json\/wp\/v2\/types\/product"}],"replies":[{"embeddable":true,"href":"https:\/\/www.kellomuseo.fi\/holvi\/wp-json\/wp\/v2\/comments?post=1509"}],"wp:attachment":[{"href":"https:\/\/www.kellomuseo.fi\/holvi\/wp-json\/wp\/v2\/media?parent=1509"}],"wp:term":[{"taxonomy":"product_cat","embeddable":true,"href":"https:\/\/www.kellomuseo.fi\/holvi\/wp-json\/wp\/v2\/product_cat?post=1509"},{"taxonomy":"product_tag","embeddable":true,"href":"https:\/\/www.kellomuseo.fi\/holvi\/wp-json\/wp\/v2\/product_tag?post=1509"}],"curies":[{"name":"wp","href":"https:\/\/api.w.org\/{rel}","templated":true}]}}