{"id":1508,"date":"2021-12-07T16:28:46","date_gmt":"2021-12-07T14:28:46","guid":{"rendered":"https:\/\/www.kellomuseo.fi\/holvi\/?post_type=product&#038;p=1508"},"modified":"2021-12-13T11:28:04","modified_gmt":"2021-12-13T09:28:04","slug":"lahja-kellosepanliikkeesta","status":"publish","type":"product","link":"https:\/\/www.kellomuseo.fi\/holvi\/tuote\/lahja-kellosepanliikkeesta\/","title":{"rendered":"Lahja kellosep\u00e4nliikkeest\u00e4"},"content":{"rendered":"<p class=\"p1\">Olen suuren ik\u00e4luokan lapsi, pari vuotta sodan j\u00e4lkeen syntynyt. Lapsille ei tavallisessa ty\u00f6l\u00e4iskodissa voitu ylellisyystavaroita ostaa; rahat meniv\u00e4t p\u00e4ivitt\u00e4iseen el\u00e4miseen 50-luvun alussa.<\/p>\n<p class=\"p1\">Suuri haaveeni oli saada kello ennen kouluun ensimm\u00e4iselle luokalle menoa. Haaveeni l\u00e4hti paljolti siit\u00e4, ett\u00e4 leikkitoverini Sinikan perhe oli perustanut kellosep\u00e4nliikkeen, koska perheen is\u00e4 oli sodassa menett\u00e4neen jalkansa takia koulutettu uuteen ammattiin kellosep\u00e4ksi. H\u00e4nenh\u00e4n oli vaikea ajatella maanviljelij\u00e4n ammattia.<\/p>\n<p class=\"p1\">Ihailin aina kelloja ja koruja k\u00e4ydess\u00e4ni Sinikan kanssa heid\u00e4n liikkeess\u00e4\u00e4n. Yst\u00e4v\u00e4ni vanhemmat tiesiv\u00e4t haaveestani ja antoivat aina vuoden alussa sveitsil\u00e4isen alppimaisemakalenterin kellotehtaasta.<\/p>\n<p class=\"p1\">Liikkeell\u00e4 alkoi menn\u00e4 taitavan kellosep\u00e4n ansiosta hyvin ja niinp\u00e4 me tyt\u00f6t saimme aina silloin t\u00e4ll\u00f6in pieni\u00e4 avustust\u00f6it\u00e4 hopean kiillottamisessa ja siivouksessa ym. liikkeess\u00e4.<\/p>\n<p class=\"p1\">Ja sitten ensimm\u00e4isen luokan jouluna sain palkaksi &#8221;ty\u00f6st\u00e4ni&#8221; punaisella nahkarannekkeella varustetun pikkutyt\u00f6lle sopivan Leijona-kellon. Se on ikimuistoista.<\/p>\n<p class=\"p1\">PS. Valitettavasti kelloa ei en\u00e4\u00e4 l\u00f6ydy. Se on vuosikymmenien saatossa laitettu niin hyv\u00e4\u00e4n paikkaan, ett\u00e4 saattaa jossakin perusteellisessa muutossa putkahtaa esiin.<\/p>\n<p>&nbsp;<\/p>\n<p class=\"p1\">Anonyymi<\/p>\n","protected":false},"excerpt":{"rendered":"<p>Olen suuren ik\u00e4luokan lapsi, pari vuotta sodan j\u00e4lkeen syntynyt. Lapsille ei tavallisessa ty\u00f6l\u00e4iskodissa voitu ylellisyystavaroita ostaa; rahat meniv\u00e4t p\u00e4ivitt\u00e4iseen el\u00e4miseen 50-luvun alussa. Suuri haaveeni oli saada kello ennen kouluun ensimm\u00e4iselle luokalle menoa. Haaveeni l\u00e4hti paljolti siit\u00e4, ett\u00e4 leikkitoverini Sinikan perhe oli perustanut kellosep\u00e4nliikkeen, koska perheen is\u00e4 oli sodassa menett\u00e4neen jalkansa takia koulutettu uuteen ammattiin kellosep\u00e4ksi. [&hellip;]<\/p>\n","protected":false},"featured_media":0,"comment_status":"closed","ping_status":"closed","template":"","meta":[],"product_cat":[38],"product_tag":[36,63,62],"_links":{"self":[{"href":"https:\/\/www.kellomuseo.fi\/holvi\/wp-json\/wp\/v2\/product\/1508"}],"collection":[{"href":"https:\/\/www.kellomuseo.fi\/holvi\/wp-json\/wp\/v2\/product"}],"about":[{"href":"https:\/\/www.kellomuseo.fi\/holvi\/wp-json\/wp\/v2\/types\/product"}],"replies":[{"embeddable":true,"href":"https:\/\/www.kellomuseo.fi\/holvi\/wp-json\/wp\/v2\/comments?post=1508"}],"wp:attachment":[{"href":"https:\/\/www.kellomuseo.fi\/holvi\/wp-json\/wp\/v2\/media?parent=1508"}],"wp:term":[{"taxonomy":"product_cat","embeddable":true,"href":"https:\/\/www.kellomuseo.fi\/holvi\/wp-json\/wp\/v2\/product_cat?post=1508"},{"taxonomy":"product_tag","embeddable":true,"href":"https:\/\/www.kellomuseo.fi\/holvi\/wp-json\/wp\/v2\/product_tag?post=1508"}],"curies":[{"name":"wp","href":"https:\/\/api.w.org\/{rel}","templated":true}]}}