{"id":1505,"date":"2021-12-07T16:26:53","date_gmt":"2021-12-07T14:26:53","guid":{"rendered":"https:\/\/www.kellomuseo.fi\/holvi\/?post_type=product&#038;p=1505"},"modified":"2021-12-13T11:26:55","modified_gmt":"2021-12-13T09:26:55","slug":"kello-mustikkarahoilla","status":"publish","type":"product","link":"https:\/\/www.kellomuseo.fi\/holvi\/tuote\/kello-mustikkarahoilla\/","title":{"rendered":"Kello mustikkarahoilla"},"content":{"rendered":"<p class=\"p1\">Ensimm\u00e4isen kelloni olen ostanut itse poimituilla ja myydyill\u00e4 mustikoista saamillani rahoilla ja sen merkki oli Leijona.<span class=\"Apple-converted-space\">\u00a0 <\/span>Is\u00e4puoleni sai ostaa niit\u00e4 joltakin ty\u00f6kaverilta. Vuosilukua en tarkkaan muista, ehk\u00e4 siin\u00e4 1958\u20131960 paikkeilla. Silloista rahaa se maksoi 30 markkaa.<\/p>\n<p>&nbsp;<\/p>\n<p class=\"p1\">Anonyymi<\/p>\n","protected":false},"excerpt":{"rendered":"<p>Ensimm\u00e4isen kelloni olen ostanut itse poimituilla ja myydyill\u00e4 mustikoista saamillani rahoilla ja sen merkki oli Leijona.\u00a0 Is\u00e4puoleni sai ostaa niit\u00e4 joltakin ty\u00f6kaverilta. Vuosilukua en tarkkaan muista, ehk\u00e4 siin\u00e4 1958\u20131960 paikkeilla. Silloista rahaa se maksoi 30 markkaa. &nbsp; Anonyymi<\/p>\n","protected":false},"featured_media":0,"comment_status":"closed","ping_status":"closed","template":"","meta":[],"product_cat":[38],"product_tag":[36,63,62],"_links":{"self":[{"href":"https:\/\/www.kellomuseo.fi\/holvi\/wp-json\/wp\/v2\/product\/1505"}],"collection":[{"href":"https:\/\/www.kellomuseo.fi\/holvi\/wp-json\/wp\/v2\/product"}],"about":[{"href":"https:\/\/www.kellomuseo.fi\/holvi\/wp-json\/wp\/v2\/types\/product"}],"replies":[{"embeddable":true,"href":"https:\/\/www.kellomuseo.fi\/holvi\/wp-json\/wp\/v2\/comments?post=1505"}],"wp:attachment":[{"href":"https:\/\/www.kellomuseo.fi\/holvi\/wp-json\/wp\/v2\/media?parent=1505"}],"wp:term":[{"taxonomy":"product_cat","embeddable":true,"href":"https:\/\/www.kellomuseo.fi\/holvi\/wp-json\/wp\/v2\/product_cat?post=1505"},{"taxonomy":"product_tag","embeddable":true,"href":"https:\/\/www.kellomuseo.fi\/holvi\/wp-json\/wp\/v2\/product_tag?post=1505"}],"curies":[{"name":"wp","href":"https:\/\/api.w.org\/{rel}","templated":true}]}}