{"id":1504,"date":"2021-12-07T16:26:06","date_gmt":"2021-12-07T14:26:06","guid":{"rendered":"https:\/\/www.kellomuseo.fi\/holvi\/?post_type=product&#038;p=1504"},"modified":"2021-12-13T11:26:17","modified_gmt":"2021-12-13T09:26:17","slug":"muotikello","status":"publish","type":"product","link":"https:\/\/www.kellomuseo.fi\/holvi\/tuote\/muotikello\/","title":{"rendered":"Muotikello"},"content":{"rendered":"<p class=\"p1\">Ensimm\u00e4inen kello, jonka muistan saaneeni, oli itse asiassa juuri Leijona rannekello. Olin silloin ala-asteella noin 5-6 lk. (1998\u20131999), jolloin Leijona-merkkiset kellot olivat todella muodissa. Kellossa piti olla tarranauha kiinnitys ja kellon ymp\u00e4rill\u00e4 oleva numerojuttu muistaakseni viel\u00e4 liikkui. Pitk\u00e4n vinkumisen j\u00e4lkeen sain kellon muistaakseni syntym\u00e4p\u00e4iv\u00e4lahjaksi. Oma kelloni oli oranssi.<span class=\"Apple-converted-space\">\u00a0 <\/span>Muistan, ett\u00e4 k\u00e4ytin sit\u00e4 kunnes tarrakiinnikkeet eiv\u00e4t en\u00e4\u00e4 pit\u00e4neet, vaan olivat jo t\u00e4ysin v\u00e4\u00e4ntyneet ja rullaantuneet.<\/p>\n<p>&nbsp;<\/p>\n<p class=\"p1\">Anni Henriksson<\/p>\n","protected":false},"excerpt":{"rendered":"<p>Ensimm\u00e4inen kello, jonka muistan saaneeni, oli itse asiassa juuri Leijona rannekello. Olin silloin ala-asteella noin 5-6 lk. (1998\u20131999), jolloin Leijona-merkkiset kellot olivat todella muodissa. Kellossa piti olla tarranauha kiinnitys ja kellon ymp\u00e4rill\u00e4 oleva numerojuttu muistaakseni viel\u00e4 liikkui. Pitk\u00e4n vinkumisen j\u00e4lkeen sain kellon muistaakseni syntym\u00e4p\u00e4iv\u00e4lahjaksi. Oma kelloni oli oranssi.\u00a0 Muistan, ett\u00e4 k\u00e4ytin sit\u00e4 kunnes tarrakiinnikkeet eiv\u00e4t [&hellip;]<\/p>\n","protected":false},"featured_media":0,"comment_status":"closed","ping_status":"closed","template":"","meta":[],"product_cat":[38],"product_tag":[36,63,62],"_links":{"self":[{"href":"https:\/\/www.kellomuseo.fi\/holvi\/wp-json\/wp\/v2\/product\/1504"}],"collection":[{"href":"https:\/\/www.kellomuseo.fi\/holvi\/wp-json\/wp\/v2\/product"}],"about":[{"href":"https:\/\/www.kellomuseo.fi\/holvi\/wp-json\/wp\/v2\/types\/product"}],"replies":[{"embeddable":true,"href":"https:\/\/www.kellomuseo.fi\/holvi\/wp-json\/wp\/v2\/comments?post=1504"}],"wp:attachment":[{"href":"https:\/\/www.kellomuseo.fi\/holvi\/wp-json\/wp\/v2\/media?parent=1504"}],"wp:term":[{"taxonomy":"product_cat","embeddable":true,"href":"https:\/\/www.kellomuseo.fi\/holvi\/wp-json\/wp\/v2\/product_cat?post=1504"},{"taxonomy":"product_tag","embeddable":true,"href":"https:\/\/www.kellomuseo.fi\/holvi\/wp-json\/wp\/v2\/product_tag?post=1504"}],"curies":[{"name":"wp","href":"https:\/\/api.w.org\/{rel}","templated":true}]}}