{"id":1503,"date":"2021-12-07T16:25:30","date_gmt":"2021-12-07T14:25:30","guid":{"rendered":"https:\/\/www.kellomuseo.fi\/holvi\/?post_type=product&#038;p=1503"},"modified":"2021-12-13T11:26:01","modified_gmt":"2021-12-13T09:26:01","slug":"porin-tuliainen-ja-vaarin-taskukello","status":"publish","type":"product","link":"https:\/\/www.kellomuseo.fi\/holvi\/tuote\/porin-tuliainen-ja-vaarin-taskukello\/","title":{"rendered":"Porin tuliainen ja vaarin taskukello"},"content":{"rendered":"<p class=\"p1\">Se oli siell\u00e4 joskus 1970\u20131971 tienoilla, olin pikkupoika ja is\u00e4ni kanssa rautatieasemalla vastassa is\u00e4n velje\u00e4, joka tuli meille muutamaksi p\u00e4iv\u00e4ksi Porista kyl\u00e4\u00e4n. Asuimme tuolloin Riihim\u00e4ell\u00e4 kasarmilla, koska is\u00e4ni oli kantaupseeri. Yll\u00e4tys oli suuri, kun t\u00e4m\u00e4 is\u00e4n veli Reino kaivoi siin\u00e4 k\u00e4velless\u00e4mme kohti kotiamme taskustaan selv\u00e4sti k\u00e4yt\u00f6ss\u00e4 hieman kuluneen, mutta ehj\u00e4n ja toimivan rannekellon (olipa muuten Leijona!) ja antoi sen minulle!<\/p>\n<p class=\"p1\">Olin ylpe\u00e4 ja kavereiden kadehtima sen j\u00e4lkeen, koska kaveriporukassa ei kenell\u00e4k\u00e4\u00e4n tuolloin ollut mink\u00e4\u00e4nlaista rannekelloa. Sit\u00e4 k\u00e4ytinkin sitten muutaman vuoden, kunnes siit\u00e4 &#8221;aika j\u00e4tti&#8221; ja tuli aika hankkia uusi kello tilalle.<\/p>\n<p class=\"p1\">Toinen koskettava kellomuistoni sattui tuossa my\u00f6skin 1970-luvun alussa:<\/p>\n<p class=\"p1\">Oltiin koko perhe kyl\u00e4ilem\u00e4ss\u00e4 mummolassa ja siell\u00e4 olin aina v\u00e4lill\u00e4 ihaillut vaarini upeaa vanhaa &#8221;Helvetia&#8221; -merkkist\u00e4 taskukelloa. Se oli joskus lopettanut k\u00e4ymisens\u00e4, mutta onneksi vaari ei sit\u00e4 ollut heitt\u00e4nyt pois. H\u00e4n antoi sen minulle ja jo siit\u00e4 asti tuo kello on hallussani ollut.<\/p>\n<p class=\"p1\">Viel\u00e4 sit\u00e4 en ole huollattanut, kun en tied\u00e4 miss\u00e4 sen uskaltaisi korjauttaa &#8211; onhan kyseess\u00e4 melko lailla k\u00e4sity\u00f6n\u00e4 tehty vanha taskukello!<\/p>\n<p>&nbsp;<\/p>\n<p class=\"p3\">Pertti Forssten<\/p>\n","protected":false},"excerpt":{"rendered":"<p>Se oli siell\u00e4 joskus 1970\u20131971 tienoilla, olin pikkupoika ja is\u00e4ni kanssa rautatieasemalla vastassa is\u00e4n velje\u00e4, joka tuli meille muutamaksi p\u00e4iv\u00e4ksi Porista kyl\u00e4\u00e4n. Asuimme tuolloin Riihim\u00e4ell\u00e4 kasarmilla, koska is\u00e4ni oli kantaupseeri. Yll\u00e4tys oli suuri, kun t\u00e4m\u00e4 is\u00e4n veli Reino kaivoi siin\u00e4 k\u00e4velless\u00e4mme kohti kotiamme taskustaan selv\u00e4sti k\u00e4yt\u00f6ss\u00e4 hieman kuluneen, mutta ehj\u00e4n ja toimivan rannekellon (olipa muuten [&hellip;]<\/p>\n","protected":false},"featured_media":0,"comment_status":"closed","ping_status":"closed","template":"","meta":[],"product_cat":[38],"product_tag":[36,63,62],"_links":{"self":[{"href":"https:\/\/www.kellomuseo.fi\/holvi\/wp-json\/wp\/v2\/product\/1503"}],"collection":[{"href":"https:\/\/www.kellomuseo.fi\/holvi\/wp-json\/wp\/v2\/product"}],"about":[{"href":"https:\/\/www.kellomuseo.fi\/holvi\/wp-json\/wp\/v2\/types\/product"}],"replies":[{"embeddable":true,"href":"https:\/\/www.kellomuseo.fi\/holvi\/wp-json\/wp\/v2\/comments?post=1503"}],"wp:attachment":[{"href":"https:\/\/www.kellomuseo.fi\/holvi\/wp-json\/wp\/v2\/media?parent=1503"}],"wp:term":[{"taxonomy":"product_cat","embeddable":true,"href":"https:\/\/www.kellomuseo.fi\/holvi\/wp-json\/wp\/v2\/product_cat?post=1503"},{"taxonomy":"product_tag","embeddable":true,"href":"https:\/\/www.kellomuseo.fi\/holvi\/wp-json\/wp\/v2\/product_tag?post=1503"}],"curies":[{"name":"wp","href":"https:\/\/api.w.org\/{rel}","templated":true}]}}