{"id":1501,"date":"2021-12-07T16:23:51","date_gmt":"2021-12-07T14:23:51","guid":{"rendered":"https:\/\/www.kellomuseo.fi\/holvi\/?post_type=product&#038;p=1501"},"modified":"2021-12-13T11:25:09","modified_gmt":"2021-12-13T09:25:09","slug":"poikaystavan-loytama","status":"publish","type":"product","link":"https:\/\/www.kellomuseo.fi\/holvi\/tuote\/poikaystavan-loytama\/","title":{"rendered":"Poikayst\u00e4v\u00e4n l\u00f6yt\u00e4m\u00e4"},"content":{"rendered":"<p class=\"p1\">Sain rippilahjaksi ensimm\u00e4isen rannekelloni. Se oli Leijona-merkkinen vedett\u00e4v\u00e4 kello. Todella hyv\u00e4. Se katos oltuani 18-vuotias. Poikayst\u00e4v\u00e4ni l\u00f6ysi sen kadulta ja vei sen l\u00f6yt\u00f6tavaratoimistoon.<\/p>\n<p class=\"p1\">Kerroin h\u00e4nelle, ett\u00e4 kelloni oli kadonnut ja mink\u00e4lainen se oli. Menimme l\u00f6yt\u00f6tavaratoimistoon ja sielt\u00e4 se l\u00f6ytyi. Aikamoinen juttu. Minulla ei sitten ole ollutkaan muuta kelloa kuin vasta 30-vuotiaana. Ja rakas Leijonani on viel\u00e4 minulla kotona, ja se toimii hyvin. Ennen ei edes joka tyt\u00f6ll\u00e4 ollut yht\u00e4\u00e4n kelloa, vain aurinko toimitti sit\u00e4 virkaa. Silloin tultiin toimeen v\u00e4h\u00e4ll\u00e4. Ollaanko taas menossa siihen suuntaan?<\/p>\n<p>&nbsp;<\/p>\n<p class=\"p3\">Anonyymi<\/p>\n","protected":false},"excerpt":{"rendered":"<p>Sain rippilahjaksi ensimm\u00e4isen rannekelloni. Se oli Leijona-merkkinen vedett\u00e4v\u00e4 kello. Todella hyv\u00e4. Se katos oltuani 18-vuotias. Poikayst\u00e4v\u00e4ni l\u00f6ysi sen kadulta ja vei sen l\u00f6yt\u00f6tavaratoimistoon. Kerroin h\u00e4nelle, ett\u00e4 kelloni oli kadonnut ja mink\u00e4lainen se oli. Menimme l\u00f6yt\u00f6tavaratoimistoon ja sielt\u00e4 se l\u00f6ytyi. Aikamoinen juttu. Minulla ei sitten ole ollutkaan muuta kelloa kuin vasta 30-vuotiaana. Ja rakas Leijonani on [&hellip;]<\/p>\n","protected":false},"featured_media":0,"comment_status":"closed","ping_status":"closed","template":"","meta":[],"product_cat":[38],"product_tag":[36,63,62],"_links":{"self":[{"href":"https:\/\/www.kellomuseo.fi\/holvi\/wp-json\/wp\/v2\/product\/1501"}],"collection":[{"href":"https:\/\/www.kellomuseo.fi\/holvi\/wp-json\/wp\/v2\/product"}],"about":[{"href":"https:\/\/www.kellomuseo.fi\/holvi\/wp-json\/wp\/v2\/types\/product"}],"replies":[{"embeddable":true,"href":"https:\/\/www.kellomuseo.fi\/holvi\/wp-json\/wp\/v2\/comments?post=1501"}],"wp:attachment":[{"href":"https:\/\/www.kellomuseo.fi\/holvi\/wp-json\/wp\/v2\/media?parent=1501"}],"wp:term":[{"taxonomy":"product_cat","embeddable":true,"href":"https:\/\/www.kellomuseo.fi\/holvi\/wp-json\/wp\/v2\/product_cat?post=1501"},{"taxonomy":"product_tag","embeddable":true,"href":"https:\/\/www.kellomuseo.fi\/holvi\/wp-json\/wp\/v2\/product_tag?post=1501"}],"curies":[{"name":"wp","href":"https:\/\/api.w.org\/{rel}","templated":true}]}}