{"id":1500,"date":"2021-12-07T16:23:15","date_gmt":"2021-12-07T14:23:15","guid":{"rendered":"https:\/\/www.kellomuseo.fi\/holvi\/?post_type=product&#038;p=1500"},"modified":"2021-12-13T11:24:46","modified_gmt":"2021-12-13T09:24:46","slug":"hidas-kauppareissu","status":"publish","type":"product","link":"https:\/\/www.kellomuseo.fi\/holvi\/tuote\/hidas-kauppareissu\/","title":{"rendered":"Hidas kauppareissu"},"content":{"rendered":"<p class=\"p1\">Ensimm\u00e4inen oma kello on rippilahja. Olin 16-vuotias vuonna 1960. Kellon hankinta oli sin\u00e4ns\u00e4 kaupunkik\u00e4ynnin arvoinen tapahtuma, koska maaseudun sekatavarakaupoissa ei monipuolisuudesta riippumatta myyty kelloja. Paras joka kodin mainoseepos oli almanakka, jonka sivulla mainostettiin Leijona kelloja lauseella \u201dis\u00e4lt\u00e4 pojalle\u201d. Onko parempaa kellon laadun taetta ja jatkuvuuden vakuutusta? Iskulausetta mukaillen p\u00e4\u00e4tettiin hankkia Leijona-merkkinen hopeakuorinen taskukello. Taskukello sopi hyvin saapashousujen kellotaskuun ja vitjat koristivat kokonaisuutta. Tampereen matkalle l\u00e4hdettiin parhaat p\u00e4iv\u00e4t n\u00e4hneell\u00e4 vuorolinja-autolla. Matkasta on j\u00e4\u00e4nyt vahva muistikuva huonosta ja mutkaisesta tiest\u00e4 sek\u00e4 jatkuvista pys\u00e4hdyksist\u00e4. Lis\u00e4ksi kuljettaja piti pient\u00e4 taukoa jokaisen kuntakeskuksen matkahuollossa. N\u00e4it\u00e4kin taukoja mahtui per\u00e4ti viisi Tampereen v\u00e4lill\u00e4.<\/p>\n<p>&nbsp;<\/p>\n<p class=\"p3\">Anonyymi<\/p>\n","protected":false},"excerpt":{"rendered":"<p>Ensimm\u00e4inen oma kello on rippilahja. Olin 16-vuotias vuonna 1960. Kellon hankinta oli sin\u00e4ns\u00e4 kaupunkik\u00e4ynnin arvoinen tapahtuma, koska maaseudun sekatavarakaupoissa ei monipuolisuudesta riippumatta myyty kelloja. Paras joka kodin mainoseepos oli almanakka, jonka sivulla mainostettiin Leijona kelloja lauseella \u201dis\u00e4lt\u00e4 pojalle\u201d. Onko parempaa kellon laadun taetta ja jatkuvuuden vakuutusta? Iskulausetta mukaillen p\u00e4\u00e4tettiin hankkia Leijona-merkkinen hopeakuorinen taskukello. Taskukello sopi [&hellip;]<\/p>\n","protected":false},"featured_media":0,"comment_status":"closed","ping_status":"closed","template":"","meta":[],"product_cat":[38],"product_tag":[36,63,62],"_links":{"self":[{"href":"https:\/\/www.kellomuseo.fi\/holvi\/wp-json\/wp\/v2\/product\/1500"}],"collection":[{"href":"https:\/\/www.kellomuseo.fi\/holvi\/wp-json\/wp\/v2\/product"}],"about":[{"href":"https:\/\/www.kellomuseo.fi\/holvi\/wp-json\/wp\/v2\/types\/product"}],"replies":[{"embeddable":true,"href":"https:\/\/www.kellomuseo.fi\/holvi\/wp-json\/wp\/v2\/comments?post=1500"}],"wp:attachment":[{"href":"https:\/\/www.kellomuseo.fi\/holvi\/wp-json\/wp\/v2\/media?parent=1500"}],"wp:term":[{"taxonomy":"product_cat","embeddable":true,"href":"https:\/\/www.kellomuseo.fi\/holvi\/wp-json\/wp\/v2\/product_cat?post=1500"},{"taxonomy":"product_tag","embeddable":true,"href":"https:\/\/www.kellomuseo.fi\/holvi\/wp-json\/wp\/v2\/product_tag?post=1500"}],"curies":[{"name":"wp","href":"https:\/\/api.w.org\/{rel}","templated":true}]}}