{"id":1499,"date":"2021-12-07T16:22:29","date_gmt":"2021-12-07T14:22:29","guid":{"rendered":"https:\/\/www.kellomuseo.fi\/holvi\/?post_type=product&#038;p=1499"},"modified":"2021-12-13T11:24:23","modified_gmt":"2021-12-13T09:24:23","slug":"paketti-ilta-autossa","status":"publish","type":"product","link":"https:\/\/www.kellomuseo.fi\/holvi\/tuote\/paketti-ilta-autossa\/","title":{"rendered":"Paketti ilta-autossa"},"content":{"rendered":"<p class=\"p1\">Oli 8-vuotissyntym\u00e4p\u00e4iv\u00e4ni vuonna 1969. Sotasokea ukkini soitti ja onnitteli merkkip\u00e4iv\u00e4ni johdosta. Hetken jo ajattelin, ett\u00e4 n\u00e4ink\u00f6h\u00e4n t\u00e4n\u00e4 vuonna j\u00e4\u00e4n ilman lahjaa, kun ukki vain soitti ja onnitteli eik\u00e4 tullut syntym\u00e4p\u00e4iville lahjoineen. Mutta puhelun lopuksi ukkini sanoi, ett\u00e4 ilta-autossa minulle oli tulossa paketti. Minun piti menn\u00e4 vain linja-autolle ja kuljettaja sen minulle antaisi. Minua j\u00e4nnitti kovasti &#8211; mit\u00e4h\u00e4n mukavaa min\u00e4 saisin? Se selvisi parin tunnin kuluttua. Ensin v\u00e4h\u00e4n petyin, koska paketti oli niin pieni, sill\u00e4 odotin jotain nukkekodin tapaista. Mutta sitten ajattelin, ett\u00e4 ehk\u00e4p\u00e4 paketti sis\u00e4lsikin jotain arvokasta, niin kuin se sis\u00e4lsi! Avasin paketin suuren j\u00e4nnityksen vallassa. Paketissa oli oikea rannekello, oikein Leijona-merkkinen. Kellossa oli upea punainen nahkahihna, ja se oli juuri kuin minulle tehty. Olin lahjastani tavattoman ylpe\u00e4, sill\u00e4 l\u00e4hesk\u00e4\u00e4n kaikilla luokkani tyt\u00f6ill\u00e4 ei ollut viel\u00e4 rannekelloa.<\/p>\n<p class=\"p1\">Rakas kelloni h\u00e4visi teille tietym\u00e4tt\u00f6mille jo kolmisenkymment\u00e4 vuotta sitten. Mutta aina kun kuulen sanan leijona, mieleeni tulee tuo syyskuinen p\u00e4iv\u00e4 ja ensimm\u00e4inen rannekelloni.<\/p>\n<p>&nbsp;<\/p>\n<p class=\"p4\">Sirpa Hirvikallio<\/p>\n","protected":false},"excerpt":{"rendered":"<p>Oli 8-vuotissyntym\u00e4p\u00e4iv\u00e4ni vuonna 1969. Sotasokea ukkini soitti ja onnitteli merkkip\u00e4iv\u00e4ni johdosta. Hetken jo ajattelin, ett\u00e4 n\u00e4ink\u00f6h\u00e4n t\u00e4n\u00e4 vuonna j\u00e4\u00e4n ilman lahjaa, kun ukki vain soitti ja onnitteli eik\u00e4 tullut syntym\u00e4p\u00e4iville lahjoineen. Mutta puhelun lopuksi ukkini sanoi, ett\u00e4 ilta-autossa minulle oli tulossa paketti. Minun piti menn\u00e4 vain linja-autolle ja kuljettaja sen minulle antaisi. Minua j\u00e4nnitti kovasti [&hellip;]<\/p>\n","protected":false},"featured_media":0,"comment_status":"closed","ping_status":"closed","template":"","meta":[],"product_cat":[38],"product_tag":[36,63,62],"_links":{"self":[{"href":"https:\/\/www.kellomuseo.fi\/holvi\/wp-json\/wp\/v2\/product\/1499"}],"collection":[{"href":"https:\/\/www.kellomuseo.fi\/holvi\/wp-json\/wp\/v2\/product"}],"about":[{"href":"https:\/\/www.kellomuseo.fi\/holvi\/wp-json\/wp\/v2\/types\/product"}],"replies":[{"embeddable":true,"href":"https:\/\/www.kellomuseo.fi\/holvi\/wp-json\/wp\/v2\/comments?post=1499"}],"wp:attachment":[{"href":"https:\/\/www.kellomuseo.fi\/holvi\/wp-json\/wp\/v2\/media?parent=1499"}],"wp:term":[{"taxonomy":"product_cat","embeddable":true,"href":"https:\/\/www.kellomuseo.fi\/holvi\/wp-json\/wp\/v2\/product_cat?post=1499"},{"taxonomy":"product_tag","embeddable":true,"href":"https:\/\/www.kellomuseo.fi\/holvi\/wp-json\/wp\/v2\/product_tag?post=1499"}],"curies":[{"name":"wp","href":"https:\/\/api.w.org\/{rel}","templated":true}]}}