{"id":1498,"date":"2021-12-07T16:21:49","date_gmt":"2021-12-07T14:21:49","guid":{"rendered":"https:\/\/www.kellomuseo.fi\/holvi\/?post_type=product&#038;p=1498"},"modified":"2021-12-13T11:23:44","modified_gmt":"2021-12-13T09:23:44","slug":"ajanottoa-hiihtoladulla","status":"publish","type":"product","link":"https:\/\/www.kellomuseo.fi\/holvi\/tuote\/ajanottoa-hiihtoladulla\/","title":{"rendered":"Ajanottoa hiihtoladulla"},"content":{"rendered":"<p class=\"p1\">Minulla ensimm\u00e4inen muisto liittyy rannekelloon. Olin silloin noin 10 vuotta (1970-lukua) muistaakseni. Kello oli ostettu paikalliselta kellonmyyj\u00e4lt\u00e4, jolla oli kelloja myynniss\u00e4 ja h\u00e4n myi niit\u00e4 miss\u00e4 nyt sattui. En tied\u00e4 mist\u00e4 h\u00e4n osti ne kellot. H\u00e4n oli ns. kiert\u00e4v\u00e4 myyj\u00e4. Is\u00e4 osti kellon minulle.<\/p>\n<p class=\"p1\">Oli talvea ja meitin kodin ymp\u00e4rille oli tehty hiihtolatu.<\/p>\n<p class=\"p1\">Minunhan piti kiert\u00e4\u00e4 latua useampaan kertaan ja katsoa kellosta aikaa. Vertasin aikoja, ett\u00e4 paraniko ajat vai miten siin\u00e4 k\u00e4vi. Muistan, ett\u00e4 katsoin kelloa aina v\u00e4h\u00e4nv\u00e4li\u00e4, kun hiihdin.<\/p>\n<p class=\"p1\">En muista oliko kellon merkki Leijona, luultavasti ja enk\u00e4 tied\u00e4 miss\u00e4 kello nyt on.<\/p>\n<p class=\"p1\">Suhtautumiseni aikaan on muuttunut nyt 2000-luvulla, kun sairastuin ty\u00f6uupumukseen 2000-luvun alussa. Jotenkin loppui turha kiire ja kellon vilkuilu, vaikka nykyisess\u00e4 ty\u00f6ss\u00e4ni kelloa tarvitaan.<\/p>\n<p>&nbsp;<\/p>\n<p class=\"p3\">Anonyymi<\/p>\n","protected":false},"excerpt":{"rendered":"<p>Minulla ensimm\u00e4inen muisto liittyy rannekelloon. Olin silloin noin 10 vuotta (1970-lukua) muistaakseni. Kello oli ostettu paikalliselta kellonmyyj\u00e4lt\u00e4, jolla oli kelloja myynniss\u00e4 ja h\u00e4n myi niit\u00e4 miss\u00e4 nyt sattui. En tied\u00e4 mist\u00e4 h\u00e4n osti ne kellot. H\u00e4n oli ns. kiert\u00e4v\u00e4 myyj\u00e4. Is\u00e4 osti kellon minulle. Oli talvea ja meitin kodin ymp\u00e4rille oli tehty hiihtolatu. Minunhan piti [&hellip;]<\/p>\n","protected":false},"featured_media":0,"comment_status":"closed","ping_status":"closed","template":"","meta":[],"product_cat":[38],"product_tag":[36,63,62],"_links":{"self":[{"href":"https:\/\/www.kellomuseo.fi\/holvi\/wp-json\/wp\/v2\/product\/1498"}],"collection":[{"href":"https:\/\/www.kellomuseo.fi\/holvi\/wp-json\/wp\/v2\/product"}],"about":[{"href":"https:\/\/www.kellomuseo.fi\/holvi\/wp-json\/wp\/v2\/types\/product"}],"replies":[{"embeddable":true,"href":"https:\/\/www.kellomuseo.fi\/holvi\/wp-json\/wp\/v2\/comments?post=1498"}],"wp:attachment":[{"href":"https:\/\/www.kellomuseo.fi\/holvi\/wp-json\/wp\/v2\/media?parent=1498"}],"wp:term":[{"taxonomy":"product_cat","embeddable":true,"href":"https:\/\/www.kellomuseo.fi\/holvi\/wp-json\/wp\/v2\/product_cat?post=1498"},{"taxonomy":"product_tag","embeddable":true,"href":"https:\/\/www.kellomuseo.fi\/holvi\/wp-json\/wp\/v2\/product_tag?post=1498"}],"curies":[{"name":"wp","href":"https:\/\/api.w.org\/{rel}","templated":true}]}}