{"id":1497,"date":"2021-12-07T16:21:00","date_gmt":"2021-12-07T14:21:00","guid":{"rendered":"https:\/\/www.kellomuseo.fi\/holvi\/?post_type=product&#038;p=1497"},"modified":"2021-12-13T11:23:27","modified_gmt":"2021-12-13T09:23:27","slug":"floran-tarina","status":"publish","type":"product","link":"https:\/\/www.kellomuseo.fi\/holvi\/tuote\/floran-tarina\/","title":{"rendered":"Floran tarina"},"content":{"rendered":"<p class=\"p1\">Sain ensimm\u00e4isen rannekelloni 10 -vuotis- syntym\u00e4p\u00e4iv\u00e4lahjaksi \u00e4idilt\u00e4 ja is\u00e4lt\u00e4. Elettiin 70-lukua. Koska minulla oli kaksi samanik\u00e4ist\u00e4 sisarta, saivat hekin rannekellot. Muistelen, ett\u00e4 he saivat Leijona-merkkiset nahkarannekkeiset kellot kun min\u00e4 puolestaan sain mustan nahkarannekkeen omaavan Flora-merkkisen kellon. Aluksi olin pettynyt erimerkkiseen kelloon, mutta aikaa my\u00f6ten muutuin jopa ylpe\u00e4ksi siit\u00e4, ettei kenell\u00e4k\u00e4\u00e4n kaverillakaan ollut samanmerkkist\u00e4 kelloa. Ja todella kest\u00e4v\u00e4 t\u00e4m\u00e4 kello olikin. K\u00e4ytin kelloa ainakin viisitoista vuotta, kunnes sen sis\u00e4\u00e4n p\u00e4\u00e4si jostain vett\u00e4, ehk\u00e4 tiskatessa, ja valkoinen kellotaulu muuttui sen seurauksena vaaleanpunaiseksi. Sen lakattua k\u00e4ym\u00e4st\u00e4 en raaskinut sittenk\u00e4\u00e4n heitt\u00e4\u00e4 sit\u00e4 menem\u00e4\u00e4n vaan s\u00e4ilytin sit\u00e4 laatikossa. Kun esikoistytt\u00e4reni oli parivuotias, piti h\u00e4n t\u00e4t\u00e4 &#8221;k\u00e4ym\u00e4t\u00f6nt\u00e4&#8221; kelloa ranteessaan (todisteena t\u00e4st\u00e4 on olemassa jopa valokuva) ja kalliina aarteenaan viel\u00e4 ainakin vuoden, kunnes kellosta hajosivat hihnat ja irtosi nuppi. Siihen p\u00e4\u00e4ttyi rakkaan Floran tarina.<\/p>\n<p>&nbsp;<\/p>\n<p class=\"p1\">Anonyymi<\/p>\n","protected":false},"excerpt":{"rendered":"<p>Sain ensimm\u00e4isen rannekelloni 10 -vuotis- syntym\u00e4p\u00e4iv\u00e4lahjaksi \u00e4idilt\u00e4 ja is\u00e4lt\u00e4. Elettiin 70-lukua. Koska minulla oli kaksi samanik\u00e4ist\u00e4 sisarta, saivat hekin rannekellot. Muistelen, ett\u00e4 he saivat Leijona-merkkiset nahkarannekkeiset kellot kun min\u00e4 puolestaan sain mustan nahkarannekkeen omaavan Flora-merkkisen kellon. Aluksi olin pettynyt erimerkkiseen kelloon, mutta aikaa my\u00f6ten muutuin jopa ylpe\u00e4ksi siit\u00e4, ettei kenell\u00e4k\u00e4\u00e4n kaverillakaan ollut samanmerkkist\u00e4 kelloa. Ja [&hellip;]<\/p>\n","protected":false},"featured_media":0,"comment_status":"closed","ping_status":"closed","template":"","meta":[],"product_cat":[38],"product_tag":[36,63,62],"_links":{"self":[{"href":"https:\/\/www.kellomuseo.fi\/holvi\/wp-json\/wp\/v2\/product\/1497"}],"collection":[{"href":"https:\/\/www.kellomuseo.fi\/holvi\/wp-json\/wp\/v2\/product"}],"about":[{"href":"https:\/\/www.kellomuseo.fi\/holvi\/wp-json\/wp\/v2\/types\/product"}],"replies":[{"embeddable":true,"href":"https:\/\/www.kellomuseo.fi\/holvi\/wp-json\/wp\/v2\/comments?post=1497"}],"wp:attachment":[{"href":"https:\/\/www.kellomuseo.fi\/holvi\/wp-json\/wp\/v2\/media?parent=1497"}],"wp:term":[{"taxonomy":"product_cat","embeddable":true,"href":"https:\/\/www.kellomuseo.fi\/holvi\/wp-json\/wp\/v2\/product_cat?post=1497"},{"taxonomy":"product_tag","embeddable":true,"href":"https:\/\/www.kellomuseo.fi\/holvi\/wp-json\/wp\/v2\/product_tag?post=1497"}],"curies":[{"name":"wp","href":"https:\/\/api.w.org\/{rel}","templated":true}]}}