{"id":1495,"date":"2021-12-07T16:20:10","date_gmt":"2021-12-07T14:20:10","guid":{"rendered":"https:\/\/www.kellomuseo.fi\/holvi\/?post_type=product&#038;p=1495"},"modified":"2021-12-13T11:23:07","modified_gmt":"2021-12-13T09:23:07","slug":"enon-opissa","status":"publish","type":"product","link":"https:\/\/www.kellomuseo.fi\/holvi\/tuote\/enon-opissa\/","title":{"rendered":"Enon opissa"},"content":{"rendered":"<p class=\"p1\">Olen j\u00e4rkytellyt joskus hienoja rouva tuttujani kertomalla, miehen opettaneen minulle el\u00e4m\u00e4ni t\u00e4rkeimpi\u00e4 asioita, kuten tukan pesem\u00e4\u00e4n, py\u00f6r\u00e4ll\u00e4 ajamaan, lukemaan, kirjoittamaan, laskemaan ja kellon tuntemaan. Paljon muutakin h\u00e4n opetti ankaralla k\u00e4dell\u00e4.<\/p>\n<p class=\"p1\">Ensin opeteltiin tuntemaan kello ja sen viisarien tarkoitus. Harjoituskello oli tehty vanerista ja viisarit metallista.<\/p>\n<p class=\"p1\">Kyll\u00e4h\u00e4n siin\u00e4 itke\u00e4 tihuutin, kun pelk\u00e4sin huutoa, v\u00e4\u00e4r\u00e4n vastauksen annettuani. Mutta kellon siell\u00e4 maalla opin niin hyvin ett\u00e4 j\u00e4lkeenp\u00e4in on kerrottu naapureidenkin sen oppineen.<\/p>\n<p class=\"p1\">T\u00e4ytin 10 v. (1956) ja sain lahjaksi rannekellon. Se oli hopean v\u00e4rinen 11 kivinen (jos oikein muistan) se piti vet\u00e4\u00e4 aina illalla, siin\u00e4 oli my\u00f6s fosvoroidut viisarit, jotta n\u00e4in sen pime\u00e4ss\u00e4kin? Hihna oli ruskeata nahkaa ja merkki Leijona.<\/p>\n<p class=\"p1\">Olin oikein ylpe\u00e4 kellostani, sain k\u00e4ytt\u00e4\u00e4 sit\u00e4 koulussa ja laitoin sen vasempaan ranteeseen niin ett\u00e4 taulupuoli tuli ranteen sis\u00e4puolelle.<\/p>\n<p class=\"p1\">Monella koulukaverilla oli jo kello, joten ei se siell\u00e4 kylill\u00e4 mik\u00e4\u00e4n maankaato juttu ollut. Vaikka minulle olikin. T\u00e4m\u00e4 mies joka oli enoni, oli sen minulle ostanut.<\/p>\n<p class=\"p1\">Kello kulki mukanani niin luistinrata reissut kuin salatanssitkin?<\/p>\n<p class=\"p1\">Kun koulu p\u00e4\u00e4ttyi, l\u00e4hdettiin Helsinkiin t\u00f6ihin. Sain paikan SOK tehtailta sis\u00e4l\u00e4hettin\u00e4, ja siin\u00e4 virassa kello ja sen aika oli t\u00e4rkeit\u00e4, kun joskus jouduin asioimaan kaupungilla<\/p>\n<p class=\"p1\">Toinen t\u00e4rke\u00e4 kello oli vekkari joka aamuisin her\u00e4tti minut junalle &#8211; sekin t\u00e4ytyi aina muistaa vet\u00e4\u00e4 iltaisin. Vekkari piti pahaa r\u00e4misev\u00e4\u00e4 \u00e4\u00e4nt\u00e4, joten ei tullut mieleenk\u00e4\u00e4n j\u00e4\u00e4d\u00e4 nukkumaan.<\/p>\n<p class=\"p1\">Oltiin asuttu mummun kanssa kahden ja nyt h\u00e4n oli vanhainkodissa, joten asuin yksin ja vastasin kaikesta itsen\u00e4isesti&#8230;<\/p>\n<p class=\"p1\">Aika kului, ik\u00e4\u00e4 karttui vuosi kerrallaan. Kellon hihnakin alkoi kulumaan, joten ostin siihen oikein hienon naisellisen metalli rannekkeen, se oli kuin renkaita per\u00e4kk\u00e4in, siroa ja n\u00e4tti\u00e4.<\/p>\n<p class=\"p1\">Muotien vaihdellessa vaihtuivat hihnatkin kelloon, mielialatkin taisivat vaikuttaa. Mutta kellotaulu pysyi naarmuuntumattomana ja aina ranteen puolella valtimoa vasten.<\/p>\n<p class=\"p1\">Kello toimi moitteettomasti, vain hihnat pettiv\u00e4t.<\/p>\n<p class=\"p1\">Kello kulki mukanani n. 20 vuotta toimien ajan n\u00e4ytt\u00e4j\u00e4n\u00e4 aina siihen p\u00e4iv\u00e4\u00e4n asti kun se minulta p\u00f6llittiin. N\u00e4in ainakin vahvasti ep\u00e4ilen.<\/p>\n<p class=\"p1\">Sen j\u00e4lkeen minulla ei ole rannekelloa ollut. Kaksi her\u00e4tyskelloa n\u00e4ytt\u00e4\u00e4 ajan, hiukan p\u00e4\u00e4t\u00e4 k\u00e4\u00e4nt\u00e4ess\u00e4ni. Niihin uusitaan patteri tarpeen vaatiessa.<\/p>\n<p class=\"p1\">Olen vain sanonut etten tarvitse kelloa. Minun aikamittari on luonto ja jos oikein kiire tulee, katson ajan Steissin kellosta.<\/p>\n<p class=\"p1\">Hyv\u00e4 ja uskollisesti palvellut rannekelloni on varmasti p\u00e4\u00e4syt kellojen taivaaseen ja siell\u00e4 lep\u00e4ilee toisten kellojen joukossa, kertoen juttuja omistajastaan.<\/p>\n<p>&nbsp;<\/p>\n<p class=\"p3\">Marja Seitsonen<\/p>\n","protected":false},"excerpt":{"rendered":"<p>Olen j\u00e4rkytellyt joskus hienoja rouva tuttujani kertomalla, miehen opettaneen minulle el\u00e4m\u00e4ni t\u00e4rkeimpi\u00e4 asioita, kuten tukan pesem\u00e4\u00e4n, py\u00f6r\u00e4ll\u00e4 ajamaan, lukemaan, kirjoittamaan, laskemaan ja kellon tuntemaan. Paljon muutakin h\u00e4n opetti ankaralla k\u00e4dell\u00e4. Ensin opeteltiin tuntemaan kello ja sen viisarien tarkoitus. Harjoituskello oli tehty vanerista ja viisarit metallista. Kyll\u00e4h\u00e4n siin\u00e4 itke\u00e4 tihuutin, kun pelk\u00e4sin huutoa, v\u00e4\u00e4r\u00e4n vastauksen annettuani. [&hellip;]<\/p>\n","protected":false},"featured_media":0,"comment_status":"closed","ping_status":"closed","template":"","meta":[],"product_cat":[38],"product_tag":[36,63,62],"_links":{"self":[{"href":"https:\/\/www.kellomuseo.fi\/holvi\/wp-json\/wp\/v2\/product\/1495"}],"collection":[{"href":"https:\/\/www.kellomuseo.fi\/holvi\/wp-json\/wp\/v2\/product"}],"about":[{"href":"https:\/\/www.kellomuseo.fi\/holvi\/wp-json\/wp\/v2\/types\/product"}],"replies":[{"embeddable":true,"href":"https:\/\/www.kellomuseo.fi\/holvi\/wp-json\/wp\/v2\/comments?post=1495"}],"wp:attachment":[{"href":"https:\/\/www.kellomuseo.fi\/holvi\/wp-json\/wp\/v2\/media?parent=1495"}],"wp:term":[{"taxonomy":"product_cat","embeddable":true,"href":"https:\/\/www.kellomuseo.fi\/holvi\/wp-json\/wp\/v2\/product_cat?post=1495"},{"taxonomy":"product_tag","embeddable":true,"href":"https:\/\/www.kellomuseo.fi\/holvi\/wp-json\/wp\/v2\/product_tag?post=1495"}],"curies":[{"name":"wp","href":"https:\/\/api.w.org\/{rel}","templated":true}]}}