{"id":1494,"date":"2021-12-07T16:18:55","date_gmt":"2021-12-07T14:18:55","guid":{"rendered":"https:\/\/www.kellomuseo.fi\/holvi\/?post_type=product&#038;p=1494"},"modified":"2021-12-13T11:22:49","modified_gmt":"2021-12-13T09:22:49","slug":"yllatys-kello-ja-kultaliikkeessa-2","status":"publish","type":"product","link":"https:\/\/www.kellomuseo.fi\/holvi\/tuote\/yllatys-kello-ja-kultaliikkeessa-2\/","title":{"rendered":"Yll\u00e4tys kello- ja kultaliikkeess\u00e4"},"content":{"rendered":"<p class=\"p1\">Sain ensimm\u00e4isen kelloni 13-vuotiaana, taisi olla vuosi 1979. Kello tuli t\u00e4ydellisen\u00e4 yll\u00e4tyksen\u00e4, koska is\u00e4ni oli sanonut, ett\u00e4 menisin k\u00e4ym\u00e4\u00e4n paikallisessa kello &#8211; ja kultaliikkeess\u00e4. Siell\u00e4 olisi jotain, mit\u00e4 minun piti hakea. J\u00e4nnittyneen\u00e4 menin tytt\u00f6kaverini kanssa liikkeeseen ja sanoin myyj\u00e4lle nimeni: riemuni oli sanoinkuvaamaton, kun yll\u00e4tys paljastui&#8230;kello oli leijona-merkkinen naistenkello ja se s\u00e4ilyi minulla monta vuotta. Kello oli tosi rakas ja viel\u00e4kin minua harmittaa sen h\u00e4vi\u00e4minen: se tapahtui jossain musiikkijuhlilla. Yritimme sit\u00e4 kaveriporukassa etsi\u00e4, mutta ei se l\u00f6ytynyt. Itkin surusta. Kelloon liittyi l\u00e4mpimi\u00e4 muistoja, viel\u00e4kin muistan sen hetken siell\u00e4 liikkeess\u00e4.<\/p>\n<p class=\"p1\">T\u00e4t\u00e4 nyky\u00e4 minulla ei ole kelloa ranteessa, katson aikaa k\u00e4nnyk\u00e4st\u00e4. Aika on rajallista ja sekunnit ja minuutit menev\u00e4t vauhdilla.<\/p>\n<p>&nbsp;<\/p>\n<p class=\"p1\">Anonyymi<\/p>\n","protected":false},"excerpt":{"rendered":"<p>Sain ensimm\u00e4isen kelloni 13-vuotiaana, taisi olla vuosi 1979. Kello tuli t\u00e4ydellisen\u00e4 yll\u00e4tyksen\u00e4, koska is\u00e4ni oli sanonut, ett\u00e4 menisin k\u00e4ym\u00e4\u00e4n paikallisessa kello &#8211; ja kultaliikkeess\u00e4. Siell\u00e4 olisi jotain, mit\u00e4 minun piti hakea. J\u00e4nnittyneen\u00e4 menin tytt\u00f6kaverini kanssa liikkeeseen ja sanoin myyj\u00e4lle nimeni: riemuni oli sanoinkuvaamaton, kun yll\u00e4tys paljastui&#8230;kello oli leijona-merkkinen naistenkello ja se s\u00e4ilyi minulla monta vuotta. [&hellip;]<\/p>\n","protected":false},"featured_media":0,"comment_status":"closed","ping_status":"closed","template":"","meta":[],"product_cat":[38],"product_tag":[36,63,62],"_links":{"self":[{"href":"https:\/\/www.kellomuseo.fi\/holvi\/wp-json\/wp\/v2\/product\/1494"}],"collection":[{"href":"https:\/\/www.kellomuseo.fi\/holvi\/wp-json\/wp\/v2\/product"}],"about":[{"href":"https:\/\/www.kellomuseo.fi\/holvi\/wp-json\/wp\/v2\/types\/product"}],"replies":[{"embeddable":true,"href":"https:\/\/www.kellomuseo.fi\/holvi\/wp-json\/wp\/v2\/comments?post=1494"}],"wp:attachment":[{"href":"https:\/\/www.kellomuseo.fi\/holvi\/wp-json\/wp\/v2\/media?parent=1494"}],"wp:term":[{"taxonomy":"product_cat","embeddable":true,"href":"https:\/\/www.kellomuseo.fi\/holvi\/wp-json\/wp\/v2\/product_cat?post=1494"},{"taxonomy":"product_tag","embeddable":true,"href":"https:\/\/www.kellomuseo.fi\/holvi\/wp-json\/wp\/v2\/product_tag?post=1494"}],"curies":[{"name":"wp","href":"https:\/\/api.w.org\/{rel}","templated":true}]}}