{"id":1493,"date":"2021-12-07T16:15:51","date_gmt":"2021-12-07T14:15:51","guid":{"rendered":"https:\/\/www.kellomuseo.fi\/holvi\/?post_type=product&#038;p=1493"},"modified":"2021-12-13T11:22:22","modified_gmt":"2021-12-13T09:22:22","slug":"kello-korjautui-itsestaan","status":"publish","type":"product","link":"https:\/\/www.kellomuseo.fi\/holvi\/tuote\/kello-korjautui-itsestaan\/","title":{"rendered":"Kello korjautui itsest\u00e4\u00e4n"},"content":{"rendered":"<p class=\"p1\">Ensimm\u00e4isen kelloni minulle lahjoitti is\u00e4ni. Olin hyvin pieni, enk\u00e4 ymm\u00e4rt\u00e4nyt viel\u00e4 ajan k\u00e4sitett\u00e4. Sill\u00e4 ei ollut hirve\u00e4sti v\u00e4li\u00e4, kun kello oli pys\u00e4htynyt. Kelloliikkeen mukaan, se oli korjaus kelvoton ja niin se sai uuden el\u00e4m\u00e4n, kelloa opettelevan pienenpojan ranteessa. Kello oli kirkasta metallia oleva Leijona, jossa oli hienot numerot ja pienet fosforit\u00e4pl\u00e4t jotka loistivat pime\u00e4ss\u00e4. Er\u00e4\u00e4n\u00e4 p\u00e4iv\u00e4n\u00e4 tapahtui jotain erikoista, korjauskelvoton kello alkoi k\u00e4velem\u00e4\u00e4n. Oli tullut aika pienen pojan opetella kellon ajat. Kello katosi ajansaatossa, mutta aina Leijona-kellon n\u00e4hdess\u00e4\u00e4n muistuu mieleen tarina ensimm\u00e4isest\u00e4 kellosta, joka p\u00e4\u00e4tti opettaa kellonajat pienelle pojalle.<\/p>\n<p>&nbsp;<\/p>\n<p class=\"p1\">Anonyymi<\/p>\n","protected":false},"excerpt":{"rendered":"<p>Ensimm\u00e4isen kelloni minulle lahjoitti is\u00e4ni. Olin hyvin pieni, enk\u00e4 ymm\u00e4rt\u00e4nyt viel\u00e4 ajan k\u00e4sitett\u00e4. Sill\u00e4 ei ollut hirve\u00e4sti v\u00e4li\u00e4, kun kello oli pys\u00e4htynyt. Kelloliikkeen mukaan, se oli korjaus kelvoton ja niin se sai uuden el\u00e4m\u00e4n, kelloa opettelevan pienenpojan ranteessa. Kello oli kirkasta metallia oleva Leijona, jossa oli hienot numerot ja pienet fosforit\u00e4pl\u00e4t jotka loistivat pime\u00e4ss\u00e4. Er\u00e4\u00e4n\u00e4 [&hellip;]<\/p>\n","protected":false},"featured_media":0,"comment_status":"closed","ping_status":"closed","template":"","meta":[],"product_cat":[38],"product_tag":[36,63,62],"_links":{"self":[{"href":"https:\/\/www.kellomuseo.fi\/holvi\/wp-json\/wp\/v2\/product\/1493"}],"collection":[{"href":"https:\/\/www.kellomuseo.fi\/holvi\/wp-json\/wp\/v2\/product"}],"about":[{"href":"https:\/\/www.kellomuseo.fi\/holvi\/wp-json\/wp\/v2\/types\/product"}],"replies":[{"embeddable":true,"href":"https:\/\/www.kellomuseo.fi\/holvi\/wp-json\/wp\/v2\/comments?post=1493"}],"wp:attachment":[{"href":"https:\/\/www.kellomuseo.fi\/holvi\/wp-json\/wp\/v2\/media?parent=1493"}],"wp:term":[{"taxonomy":"product_cat","embeddable":true,"href":"https:\/\/www.kellomuseo.fi\/holvi\/wp-json\/wp\/v2\/product_cat?post=1493"},{"taxonomy":"product_tag","embeddable":true,"href":"https:\/\/www.kellomuseo.fi\/holvi\/wp-json\/wp\/v2\/product_tag?post=1493"}],"curies":[{"name":"wp","href":"https:\/\/api.w.org\/{rel}","templated":true}]}}