{"id":1486,"date":"2021-12-07T16:06:24","date_gmt":"2021-12-07T14:06:24","guid":{"rendered":"https:\/\/www.kellomuseo.fi\/holvi\/?post_type=product&#038;p=1486"},"modified":"2022-03-03T17:02:56","modified_gmt":"2022-03-03T15:02:56","slug":"stalin-kellot","status":"publish","type":"product","link":"https:\/\/www.kellomuseo.fi\/holvi\/tuote\/stalin-kellot\/","title":{"rendered":"Stalin-kellot"},"content":{"rendered":"<p class=\"p1\">Eri maiden hallitsijat ovat aina osoittaneet kiitollisuuttaan kansalaisille ja alamaisilleen antamalla heille lahjoja. Vallanpit\u00e4j\u00e4t, niin id\u00e4ss\u00e4 kuin l\u00e4nness\u00e4 ovat lahjoina jakaneet my\u00f6s kelloja. Niit\u00e4 saatettiin tilata valmistajilta runsain m\u00e4\u00e4rin. N\u00e4in my\u00f6s Stalin (1879-1953) tilasi pienehk\u00f6n lahjakelloer\u00e4n Sveitsist\u00e4.<\/p>\n<p class=\"p4\">Kellomuseon kokoelmissa on kolme Stalin-kelloa, joiden tarina osittain tiedet\u00e4\u00e4n. Ne ovat suomalaisen kellosep\u00e4n lahjoitus joidenkin vuosien takaa. Museolla on hallussa\u00a0seuraavanlainen kertomus.<span class=\"Apple-converted-space\">\u00a0<\/span><\/p>\n<p class=\"p4\">Revue-tehtaalla valmistettiin neuvostoliittolaisten viranomaisten tilauksesta Stalinin kuvalla varustettuja kelloja, mutta valmistusm\u00e4\u00e4r\u00e4 oli pieni. Kellot tehtiin KGB:n k\u00e4skyst\u00e4 ohi kirjanpidon ja heid\u00e4n valvonnassaan. Salailu oli ymm\u00e4rrett\u00e4v\u00e4\u00e4, sill\u00e4 olisi ollut tavatonta jos olisi paljastunut, ett\u00e4 \u201dIs\u00e4 Aurinkoinen\u201d teetti kellonsa Sveitsiss\u00e4.<span class=\"Apple-converted-space\">\u00a0<\/span><\/p>\n<p class=\"p4\">Kellojen valmistuksen aikaan tehtaalla ty\u00f6skenteli my\u00f6s suomalainen kellosepp\u00e4. Kellotuotannon lopputarkastuksessa mukana ollut suomalaismies siirsi muutaman kellon omaan taskuunsa viimeisen\u00e4 ty\u00f6p\u00e4iv\u00e4n\u00e4\u00e4n tehtaalla. Ennen koko er\u00e4n toimittamista tilaajalle Stalin kuoli (5.3.1953). Tarinan mukaan t\u00e4m\u00e4n j\u00e4lkeen kaikki valmistetut kellot tuhottiin tehtaalla, paitsi tietysti kellosep\u00e4n \u201dsosialisoimat\u201d kolme kelloa. Ne kulkeutuivat kellosep\u00e4n mukana Suomeen ja my\u00f6hemmin kellomuseoon.<span class=\"Apple-converted-space\">\u00a0<\/span><\/p>\n<p>&nbsp;<\/p>\n<p class=\"p4\"><strong>Revue<\/strong><\/p>\n<p class=\"p4\">Kellotehdas Revue on perustettu yli 150 vuotta sitten. Perustajana oli poikkeuksellisesti Waldenburgin kunta. Perustamisp\u00e4iv\u00e4ksi mainitaan 21. elokuuta 1853. Kunnan omistama ja johtama tehdas jouduttiin myym\u00e4\u00e4n viiden vuoden toiminnan j\u00e4lkeen Gedeon Thommenille<span class=\"Apple-converted-space\">\u00a0 <\/span>ja Louis Tschoppille. Noin kymmenen vuotta my\u00f6hemmin Thommenista tuli yhti\u00f6n ainoa omistaja. Vuonna 1870 vuosituotanto oli 4 000 kelloa ja 20 vuotta my\u00f6hemmin 13 000 kelloa.<span class=\"Apple-converted-space\">\u00a0 <\/span>Vuodesta 1875 alkaen ryhdyttiin entisten sylinterikellojen ohessa ankkurikellojen valmistukseen. Vuonna 1880 tehdas rekister\u00f6i ovaalin kilven sis\u00e4ll\u00e4 olevan G.T -kirjainlyhenteen. Gedeon Thommenin kuoltua vuonna 1890 liikeyritys siirtyi h\u00e4nen nelj\u00e4n poikansa huostaan ja muutettiin heid\u00e4n toimestaan osakeyhti\u00f6ksi vuonna 1905. Viisi vuotta my\u00f6hemmin Revue-nimi rekister\u00f6itiin.<\/p>\n<p class=\"p4\">Revue Thommen perusti vuonna 1961 kolmen muun kellotehtaan (Vulcain &amp; Studio SA., Phenix Watch Co., ja Buser Co. SA) kanssa holdingyhtym\u00e4n nimelt\u00e4 M.S.R. eli Manufactures d\u00b4Horlogerie Suisse R\u00e9unies SA<span class=\"Apple-converted-space\">\u00a0 <\/span>(Yhtyneet Sveitsil\u00e4iset Kellotehtaat). Vuonna 1973 hankittiin yhtym\u00e4\u00e4n viel\u00e4 Marvin Watch Co. SA.<span class=\"Apple-converted-space\">\u00a0<\/span><\/p>\n<p>&nbsp;<\/p>\n<p class=\"p4\"><strong>Kellomuseon Stalin-kellot<\/strong><\/p>\n<p class=\"p4\">Kellomuseolla on kolme Stalinin kuvalla varustettua kelloa: yksi taskukello ja kaksi rannekelloa. Taskukellon ja toisen rannekellon savonet-kuoressa on kohokuvana Stalinin kuva ja sen alla kyrillisin kirjaimin nimi Stalin. Toisen rannekellon takapohjassa on vastaavasti kaiverrettuna vastaavanlainen kuva.<span class=\"Apple-converted-space\">\u00a0 <\/span>Kellosepp\u00e4koulun opettajan Markku Huhtalan avustuksella kellojen koneistoja tarkasteltiin l\u00e4hemmin mahdollisten erikoisuuksien l\u00f6yt\u00e4miseksi. Osoittautui kuitenkin, ett\u00e4 erikoisuuksia ei ole. Koneistot ovat normaalia oman aikansa Revue-tuotantoa. Taskukellon koneistossa on valmistajan merkinn\u00e4t \u201dREVUE A SWISS MADE 15 Jewels\u201d sek\u00e4 kaliiperimerkint\u00e4 \u201d30\u201d. Kellossa on sveitsil\u00e4inen ankkurik\u00e4ynti ja Breguet-spiraali. Molemmissa rannekelloissa on samanlaiset koneistot, Revue kaliberi 59 ja ne ovat 15-kivisi\u00e4. Kelloissa on sveitsil\u00e4inen ankkurik\u00e4ynti ja tasospiraali.<\/p>\n<p class=\"p4\">Kiehtovan tarinansa vuoksi kellot my\u00f6s kiinnostavat suurta yleis\u00f6\u00e4. Hiukan arveluttavalla tavalla 50 vuotta sitten toiminut kellosepp\u00e4 on j\u00e4lkeenp\u00e4in arvioiden tehnyt kellomuseolle hyv\u00e4n ja arvokkaan ty\u00f6n.<span class=\"Apple-converted-space\">\u00a0<\/span><\/p>\n<p>T\u00e4m\u00e4n tarinan oikeellisuutta ei ole voitu todentaa.<\/p>\n<p><strong>Teksti:<\/strong> Suomen Kellomuseo<\/p>\n","protected":false},"excerpt":{"rendered":"<p>Eri maiden hallitsijat ovat aina osoittaneet kiitollisuuttaan kansalaisille ja alamaisilleen antamalla heille lahjoja. Vallanpit\u00e4j\u00e4t, niin id\u00e4ss\u00e4 kuin l\u00e4nness\u00e4 ovat lahjoina jakaneet my\u00f6s kelloja. Niit\u00e4 saatettiin tilata valmistajilta runsain m\u00e4\u00e4rin. N\u00e4in my\u00f6s Stalin (1879-1953) tilasi pienehk\u00f6n lahjakelloer\u00e4n Sveitsist\u00e4. Kellomuseon kokoelmissa on kolme Stalin-kelloa, joiden tarina osittain tiedet\u00e4\u00e4n. Ne ovat suomalaisen kellosep\u00e4n lahjoitus joidenkin vuosien takaa. Museolla [&hellip;]<\/p>\n","protected":false},"featured_media":0,"comment_status":"closed","ping_status":"closed","template":"","meta":[],"product_cat":[38],"product_tag":[36,30,63,66,65,62],"_links":{"self":[{"href":"https:\/\/www.kellomuseo.fi\/holvi\/wp-json\/wp\/v2\/product\/1486"}],"collection":[{"href":"https:\/\/www.kellomuseo.fi\/holvi\/wp-json\/wp\/v2\/product"}],"about":[{"href":"https:\/\/www.kellomuseo.fi\/holvi\/wp-json\/wp\/v2\/types\/product"}],"replies":[{"embeddable":true,"href":"https:\/\/www.kellomuseo.fi\/holvi\/wp-json\/wp\/v2\/comments?post=1486"}],"wp:attachment":[{"href":"https:\/\/www.kellomuseo.fi\/holvi\/wp-json\/wp\/v2\/media?parent=1486"}],"wp:term":[{"taxonomy":"product_cat","embeddable":true,"href":"https:\/\/www.kellomuseo.fi\/holvi\/wp-json\/wp\/v2\/product_cat?post=1486"},{"taxonomy":"product_tag","embeddable":true,"href":"https:\/\/www.kellomuseo.fi\/holvi\/wp-json\/wp\/v2\/product_tag?post=1486"}],"curies":[{"name":"wp","href":"https:\/\/api.w.org\/{rel}","templated":true}]}}